{"id":11,"date":"2016-03-03T10:58:08","date_gmt":"2016-03-03T08:58:08","guid":{"rendered":"http:\/\/www.ferroplan.fi\/blogi\/cms\/?page_id=11"},"modified":"2017-03-30T14:52:59","modified_gmt":"2017-03-30T11:52:59","slug":"ferro-conveyor-solutions-fi","status":"publish","type":"page","link":"https:\/\/www.ferroplan.fi\/blogi\/cms\/?page_id=11","title":{"rendered":"Ferro Conveyor Solutions fi"},"content":{"rendered":"<h1>Ratkaisut<\/h1>\n<h3>&gt; Ferro Conveyor Solutions<\/h3>\n<p>Ferroplan Oy suunnittelee ja valmistaa kuljetinratkaisuja. Meilt\u00e4 l\u00f6yd\u00e4t erilaiset kuljettimet, kuten hihnakuljettimet, ketjukuljettimet, rullakuljettimet, kouruhihnakuljettimet ja ruuvikuljettimet. Tuotteemme r\u00e4\u00e4t\u00e4l\u00f6id\u00e4\u00e4n asiakasl\u00e4ht\u00f6isesti toimiviksi kokonaisuuksiksi. Lis\u00e4ksi meilt\u00e4 l\u00f6ytyy siirtolaitteita integroituna kuljettimeen.<\/p>\n<h3>Ei mit\u00e4\u00e4n rimpuloita!<\/h3>\n<p>Jos olet joskus kantanut painavia ostoksia muovikassissa, josta katkeaa kahva, tied\u00e4t jo saman mink\u00e4 me: Pett\u00e4m\u00e4t\u00f6n kuljetinratkaisu on sujuvan arjen v\u00e4ltt\u00e4m\u00e4tt\u00f6myys. Siksi mek\u00e4\u00e4n emme pid\u00e4 rimpuloista.<\/p>\n<p>Kuljetinratkaisumme ovat aina kest\u00e4vi\u00e4 ja luotettavia, mutta my\u00f6s jatkuvasti yh\u00e4 \u00e4lykk\u00e4\u00e4mpi\u00e4. R\u00e4\u00e4t\u00e4l\u00f6ity tuotekehityksemme keskittyy automaation lis\u00e4\u00e4miseen jokaisen asiakkaan liiketoimintahy\u00f6tyj\u00e4 ajatellen. Materiaalivirtojen varma liikkuminen on aina kantava johtoajatuksemme kaikessa tekemisess\u00e4.<\/p>\n<p>Ferroplan haluaa olla kuljetinratkaisuiden Ferrari. Ei enemp\u00e4\u00e4 eik\u00e4 v\u00e4hemp\u00e4\u00e4.<\/p>\n<div id='gallery-1' class='gallery galleryid-11 gallery-columns-3 gallery-size-thumbnail'><figure class='gallery-item'>\n\t\t\t<div class='gallery-icon portrait'>\n\t\t\t\t<a href='https:\/\/www.ferroplan.fi\/blogi\/cms\/?attachment_id=77'><img width=\"150\" height=\"150\" src=\"https:\/\/www.ferroplan.fi\/blogi\/cms\/wp-content\/lataukset\/sites\/2\/2016\/03\/ferro_conveyor_solutions_kuva1-150x150.jpg\" class=\"attachment-thumbnail size-thumbnail\" alt=\"rullakaarrekuljetin pahvilaatikoille\" loading=\"lazy\" sizes=\"100vw\" \/><\/a>\n\t\t\t<\/div><\/figure>\n\t\t<\/div>\n\n","protected":false},"excerpt":{"rendered":"<p>Ratkaisut &gt; Ferro Conveyor Solutions Ferroplan Oy suunnittelee ja valmistaa kuljetinratkaisuja. Meilt\u00e4 l\u00f6yd\u00e4t erilaiset kuljettimet, kuten hihnakuljettimet, ketjukuljettimet, rullakuljettimet, kouruhihnakuljettimet ja ruuvikuljettimet. Tuotteemme r\u00e4\u00e4t\u00e4l\u00f6id\u00e4\u00e4n asiakasl\u00e4ht\u00f6isesti toimiviksi kokonaisuuksiksi. Lis\u00e4ksi meilt\u00e4 l\u00f6ytyy siirtolaitteita integroituna kuljettimeen. Ei mit\u00e4\u00e4n rimpuloita! Jos olet joskus kantanut painavia ostoksia muovikassissa, josta katkeaa kahva, tied\u00e4t jo saman mink\u00e4 me: Pett\u00e4m\u00e4t\u00f6n kuljetinratkaisu on sujuvan &hellip; <\/p>\n<p class=\"link-more\"><a href=\"https:\/\/www.ferroplan.fi\/blogi\/cms\/?page_id=11\" class=\"more-link\">Jatka lukemista<span class=\"screen-reader-text\"> &#8221;Ferro Conveyor Solutions fi&#8221;<\/span><\/a><\/p>\n","protected":false},"author":5,"featured_media":76,"parent":0,"menu_order":0,"comment_status":"closed","ping_status":"closed","template":"","meta":[],"yoast_head":"<!-- This site is optimized with the Yoast SEO plugin v17.8 - https:\/\/yoast.com\/wordpress\/plugins\/seo\/ -->\n<title>Ferro Conveyor Systems - Ferroplan kuljettimet - kuljetin, hihnakuljetin, ruuvikuljetin, rullakuljetin, ketjukuljetin, kouruhihnakuljetin<\/title>\n<meta name=\"description\" content=\"Ferroplan Oy suunnittelee ja valmistaa kuljetinratkaisuja. Meilt\u00e4 l\u00f6yd\u00e4t erilaiset kuljettimet, kuten hihnakuljettimet, ruuvikuljettimet ja rullakuljettimet\" \/>\n<meta name=\"robots\" content=\"index, follow, max-snippet:-1, max-image-preview:large, max-video-preview:-1\" \/>\n<link rel=\"canonical\" href=\"https:\/\/www.ferroplan.fi\/blogi\/cms\/?page_id=11\" \/>\n<meta property=\"og:locale\" content=\"fi_FI\" \/>\n<meta property=\"og:type\" content=\"article\" \/>\n<meta property=\"og:title\" content=\"Ferro Conveyor Systems - Ferroplan kuljettimet - kuljetin, hihnakuljetin, ruuvikuljetin, rullakuljetin, ketjukuljetin, kouruhihnakuljetin\" \/>\n<meta property=\"og:description\" content=\"Ferroplan Oy suunnittelee ja valmistaa kuljetinratkaisuja. Meilt\u00e4 l\u00f6yd\u00e4t erilaiset kuljettimet, kuten hihnakuljettimet, ruuvikuljettimet ja rullakuljettimet\" \/>\n<meta property=\"og:url\" content=\"https:\/\/www.ferroplan.fi\/blogi\/cms\/?page_id=11\" \/>\n<meta property=\"og:site_name\" content=\"Ferroplan CMS\" \/>\n<meta property=\"article:modified_time\" content=\"2017-03-30T11:52:59+00:00\" \/>\n<meta property=\"og:image\" content=\"https:\/\/www.ferroplan.fi\/blogi\/cms\/wp-content\/lataukset\/sites\/2\/2016\/03\/conveor_bg2.jpg\" \/>\n\t<meta property=\"og:image:width\" content=\"1476\" \/>\n\t<meta property=\"og:image:height\" content=\"707\" \/>\n<meta name=\"twitter:card\" content=\"summary\" \/>\n<meta name=\"twitter:label1\" content=\"Arvioitu lukuaika\" \/>\n\t<meta name=\"twitter:data1\" content=\"1 minuutti\" \/>\n<script type=\"application\/ld+json\" class=\"yoast-schema-graph\">{\"@context\":\"https:\/\/schema.org\",\"@graph\":[{\"@type\":\"WebSite\",\"@id\":\"https:\/\/www.ferroplan.fi\/blogi\/cms\/#website\",\"url\":\"https:\/\/www.ferroplan.fi\/blogi\/cms\/\",\"name\":\"Ferroplan CMS\",\"description\":\"\",\"potentialAction\":[{\"@type\":\"SearchAction\",\"target\":{\"@type\":\"EntryPoint\",\"urlTemplate\":\"https:\/\/www.ferroplan.fi\/blogi\/cms\/?s={search_term_string}\"},\"query-input\":\"required name=search_term_string\"}],\"inLanguage\":\"fi\"},{\"@type\":\"ImageObject\",\"@id\":\"https:\/\/www.ferroplan.fi\/blogi\/cms\/?page_id=11#primaryimage\",\"inLanguage\":\"fi\",\"url\":\"https:\/\/www.ferroplan.fi\/blogi\/cms\/wp-content\/lataukset\/sites\/2\/2016\/03\/conveor_bg2.jpg\",\"contentUrl\":\"https:\/\/www.ferroplan.fi\/blogi\/cms\/wp-content\/lataukset\/sites\/2\/2016\/03\/conveor_bg2.jpg\",\"width\":1476,\"height\":707,\"caption\":\"monitierullakuljetin risteys\"},{\"@type\":\"WebPage\",\"@id\":\"https:\/\/www.ferroplan.fi\/blogi\/cms\/?page_id=11#webpage\",\"url\":\"https:\/\/www.ferroplan.fi\/blogi\/cms\/?page_id=11\",\"name\":\"Ferro Conveyor Systems - Ferroplan kuljettimet - kuljetin, hihnakuljetin, ruuvikuljetin, rullakuljetin, ketjukuljetin, kouruhihnakuljetin\",\"isPartOf\":{\"@id\":\"https:\/\/www.ferroplan.fi\/blogi\/cms\/#website\"},\"primaryImageOfPage\":{\"@id\":\"https:\/\/www.ferroplan.fi\/blogi\/cms\/?page_id=11#primaryimage\"},\"datePublished\":\"2016-03-03T08:58:08+00:00\",\"dateModified\":\"2017-03-30T11:52:59+00:00\",\"description\":\"Ferroplan Oy suunnittelee ja valmistaa kuljetinratkaisuja. Meilt\\u00e4 l\\u00f6yd\\u00e4t erilaiset kuljettimet, kuten hihnakuljettimet, ruuvikuljettimet ja rullakuljettimet\",\"breadcrumb\":{\"@id\":\"https:\/\/www.ferroplan.fi\/blogi\/cms\/?page_id=11#breadcrumb\"},\"inLanguage\":\"fi\",\"potentialAction\":[{\"@type\":\"ReadAction\",\"target\":[\"https:\/\/www.ferroplan.fi\/blogi\/cms\/?page_id=11\"]}]},{\"@type\":\"BreadcrumbList\",\"@id\":\"https:\/\/www.ferroplan.fi\/blogi\/cms\/?page_id=11#breadcrumb\",\"itemListElement\":[{\"@type\":\"ListItem\",\"position\":1,\"name\":\"Home\",\"item\":\"https:\/\/www.ferroplan.fi\/blogi\/cms\/\"},{\"@type\":\"ListItem\",\"position\":2,\"name\":\"Ferro Conveyor Solutions fi\"}]}]}<\/script>\n<!-- \/ Yoast SEO plugin. -->","yoast_head_json":{"title":"Ferro Conveyor Systems - Ferroplan kuljettimet - kuljetin, hihnakuljetin, ruuvikuljetin, rullakuljetin, ketjukuljetin, kouruhihnakuljetin","description":"Ferroplan Oy suunnittelee ja valmistaa kuljetinratkaisuja. Meilt\u00e4 l\u00f6yd\u00e4t erilaiset kuljettimet, kuten hihnakuljettimet, ruuvikuljettimet ja rullakuljettimet","robots":{"index":"index","follow":"follow","max-snippet":"max-snippet:-1","max-image-preview":"max-image-preview:large","max-video-preview":"max-video-preview:-1"},"canonical":"https:\/\/www.ferroplan.fi\/blogi\/cms\/?page_id=11","og_locale":"fi_FI","og_type":"article","og_title":"Ferro Conveyor Systems - Ferroplan kuljettimet - kuljetin, hihnakuljetin, ruuvikuljetin, rullakuljetin, ketjukuljetin, kouruhihnakuljetin","og_description":"Ferroplan Oy suunnittelee ja valmistaa kuljetinratkaisuja. Meilt\u00e4 l\u00f6yd\u00e4t erilaiset kuljettimet, kuten hihnakuljettimet, ruuvikuljettimet ja rullakuljettimet","og_url":"https:\/\/www.ferroplan.fi\/blogi\/cms\/?page_id=11","og_site_name":"Ferroplan CMS","article_modified_time":"2017-03-30T11:52:59+00:00","og_image":[{"width":1476,"height":707,"url":"https:\/\/www.ferroplan.fi\/blogi\/cms\/wp-content\/lataukset\/sites\/2\/2016\/03\/conveor_bg2.jpg","type":"image\/jpeg"}],"twitter_card":"summary","twitter_misc":{"Arvioitu lukuaika":"1 minuutti"},"schema":{"@context":"https:\/\/schema.org","@graph":[{"@type":"WebSite","@id":"https:\/\/www.ferroplan.fi\/blogi\/cms\/#website","url":"https:\/\/www.ferroplan.fi\/blogi\/cms\/","name":"Ferroplan CMS","description":"","potentialAction":[{"@type":"SearchAction","target":{"@type":"EntryPoint","urlTemplate":"https:\/\/www.ferroplan.fi\/blogi\/cms\/?s={search_term_string}"},"query-input":"required name=search_term_string"}],"inLanguage":"fi"},{"@type":"ImageObject","@id":"https:\/\/www.ferroplan.fi\/blogi\/cms\/?page_id=11#primaryimage","inLanguage":"fi","url":"https:\/\/www.ferroplan.fi\/blogi\/cms\/wp-content\/lataukset\/sites\/2\/2016\/03\/conveor_bg2.jpg","contentUrl":"https:\/\/www.ferroplan.fi\/blogi\/cms\/wp-content\/lataukset\/sites\/2\/2016\/03\/conveor_bg2.jpg","width":1476,"height":707,"caption":"monitierullakuljetin risteys"},{"@type":"WebPage","@id":"https:\/\/www.ferroplan.fi\/blogi\/cms\/?page_id=11#webpage","url":"https:\/\/www.ferroplan.fi\/blogi\/cms\/?page_id=11","name":"Ferro Conveyor Systems - Ferroplan kuljettimet - kuljetin, hihnakuljetin, ruuvikuljetin, rullakuljetin, ketjukuljetin, kouruhihnakuljetin","isPartOf":{"@id":"https:\/\/www.ferroplan.fi\/blogi\/cms\/#website"},"primaryImageOfPage":{"@id":"https:\/\/www.ferroplan.fi\/blogi\/cms\/?page_id=11#primaryimage"},"datePublished":"2016-03-03T08:58:08+00:00","dateModified":"2017-03-30T11:52:59+00:00","description":"Ferroplan Oy suunnittelee ja valmistaa kuljetinratkaisuja. Meilt\u00e4 l\u00f6yd\u00e4t erilaiset kuljettimet, kuten hihnakuljettimet, ruuvikuljettimet ja rullakuljettimet","breadcrumb":{"@id":"https:\/\/www.ferroplan.fi\/blogi\/cms\/?page_id=11#breadcrumb"},"inLanguage":"fi","potentialAction":[{"@type":"ReadAction","target":["https:\/\/www.ferroplan.fi\/blogi\/cms\/?page_id=11"]}]},{"@type":"BreadcrumbList","@id":"https:\/\/www.ferroplan.fi\/blogi\/cms\/?page_id=11#breadcrumb","itemListElement":[{"@type":"ListItem","position":1,"name":"Home","item":"https:\/\/www.ferroplan.fi\/blogi\/cms\/"},{"@type":"ListItem","position":2,"name":"Ferro Conveyor Solutions fi"}]}]}},"acf":[],"_links":{"self":[{"href":"https:\/\/www.ferroplan.fi\/blogi\/cms\/index.php?rest_route=\/wp\/v2\/pages\/11"}],"collection":[{"href":"https:\/\/www.ferroplan.fi\/blogi\/cms\/index.php?rest_route=\/wp\/v2\/pages"}],"about":[{"href":"https:\/\/www.ferroplan.fi\/blogi\/cms\/index.php?rest_route=\/wp\/v2\/types\/page"}],"author":[{"embeddable":true,"href":"https:\/\/www.ferroplan.fi\/blogi\/cms\/index.php?rest_route=\/wp\/v2\/users\/5"}],"replies":[{"embeddable":true,"href":"https:\/\/www.ferroplan.fi\/blogi\/cms\/index.php?rest_route=%2Fwp%2Fv2%2Fcomments&post=11"}],"version-history":[{"count":6,"href":"https:\/\/www.ferroplan.fi\/blogi\/cms\/index.php?rest_route=\/wp\/v2\/pages\/11\/revisions"}],"predecessor-version":[{"id":417,"href":"https:\/\/www.ferroplan.fi\/blogi\/cms\/index.php?rest_route=\/wp\/v2\/pages\/11\/revisions\/417"}],"wp:featuredmedia":[{"embeddable":true,"href":"https:\/\/www.ferroplan.fi\/blogi\/cms\/index.php?rest_route=\/wp\/v2\/media\/76"}],"wp:attachment":[{"href":"https:\/\/www.ferroplan.fi\/blogi\/cms\/index.php?rest_route=%2Fwp%2Fv2%2Fmedia&parent=11"}],"curies":[{"name":"wp","href":"https:\/\/api.w.org\/{rel}","templated":true}]}}