{"id":44,"date":"2011-05-04T14:02:21","date_gmt":"2011-05-04T11:02:21","guid":{"rendered":"http:\/\/www.ferroplan.fi\/blogi\/?page_id=44"},"modified":"2011-05-04T14:09:04","modified_gmt":"2011-05-04T11:09:04","slug":"tilaa-blogi-sahkopostiisi","status":"publish","type":"page","link":"https:\/\/www.ferroplan.fi\/blogi\/tilaa-blogi-sahkopostiisi\/","title":{"rendered":"Tilaa blogi s\u00e4hk\u00f6postiisi"},"content":{"rendered":"<p>Haluatko, ett\u00e4 saat uudesta blogimerkinn\u00e4st\u00e4 tiedon s\u00e4hk\u00f6postiisi? Kerro osoitteesi!<\/p>\n<form name=\"s2form\" method=\"post\" action=\"https:\/\/www.ferroplan.fi\/blogi\/tilaa-blogi-sahkopostiisi\/\"><input type=\"hidden\" name=\"ip\" value=\"216.73.216.248\" \/><span style=\"display:none !important\"><label for=\"firstname\">Leave This Blank:<\/label><input type=\"text\" id=\"firstname\" name=\"firstname\" \/><label for=\"lastname\">Leave This Blank Too:<\/label><input type=\"text\" id=\"lastname\" name=\"lastname\" \/><label for=\"uri\">Do Not Change This:<\/label><input type=\"text\" id=\"uri\" name=\"uri\" value=\"http:\/\/\" \/><\/span><p><label for=\"s2email\">Your email:<\/label><br><input type=\"email\" name=\"email\" id=\"s2email\" value=\"Enter email address...\" size=\"20\" onfocus=\"if (this.value === 'Enter email address...') {this.value = '';}\" onblur=\"if (this.value === '') {this.value = 'Enter email address...';}\" \/><\/p><p><input type=\"submit\" name=\"subscribe\" value=\"Subscribe\" \/>&nbsp;<input type=\"submit\" name=\"unsubscribe\" value=\"Unsubscribe\" \/><\/p><\/form>\r\n\n\n<!-- Facebook Like Button v1.9.6 BEGIN [http:\/\/blog.bottomlessinc.com] -->\n<iframe src=\"http:\/\/www.facebook.com\/plugins\/like.php?href=https%3A%2F%2Fwww.ferroplan.fi%2Fblogi%2Ftilaa-blogi-sahkopostiisi%2F&amp;layout=standard&amp;show_faces=false&amp;width=450&amp;action=like&amp;colorscheme=light\" scrolling=\"no\" frameborder=\"0\" allowTransparency=\"true\" style=\"border:none; overflow:hidden; width:450px; height: 30px; align: left; margin: 2px 0px 2px 0px\"><\/iframe>\n<!-- Facebook Like Button END -->\n","protected":false},"excerpt":{"rendered":"<p>Haluatko, ett\u00e4 saat uudesta blogimerkinn\u00e4st\u00e4 tiedon s\u00e4hk\u00f6postiisi? Kerro osoitteesi! Leave This Blank:Leave This Blank Too:Do Not Change This:Your email:&nbsp;<\/p>\n","protected":false},"author":5,"featured_media":0,"parent":0,"menu_order":0,"comment_status":"open","ping_status":"open","template":"","meta":{"_monsterinsights_skip_tracking":false,"_monsterinsights_sitenote_active":false,"_monsterinsights_sitenote_note":"","_monsterinsights_sitenote_category":0,"_s2mail":"yes"},"yoast_head":"<!-- This site is optimized with the Yoast SEO plugin v17.8 - https:\/\/yoast.com\/wordpress\/plugins\/seo\/ -->\n<meta name=\"robots\" content=\"index, follow, max-snippet:-1, max-image-preview:large, max-video-preview:-1\" \/>\n<link rel=\"canonical\" href=\"https:\/\/www.ferroplan.fi\/blogi\/tilaa-blogi-sahkopostiisi\/\" \/>\n<meta property=\"og:locale\" content=\"fi_FI\" \/>\n<meta property=\"og:type\" content=\"article\" \/>\n<meta property=\"og:title\" content=\"Tilaa blogi s\u00e4hk\u00f6postiisi - Ei mit\u00e4\u00e4n rimpuloita -blogi\" \/>\n<meta property=\"og:description\" content=\"Haluatko, ett\u00e4 saat uudesta blogimerkinn\u00e4st\u00e4 tiedon s\u00e4hk\u00f6postiisi? Kerro osoitteesi! Leave This Blank:Leave This Blank Too:Do Not Change This:Your email:&nbsp;\" \/>\n<meta property=\"og:url\" content=\"https:\/\/www.ferroplan.fi\/blogi\/tilaa-blogi-sahkopostiisi\/\" \/>\n<meta property=\"og:site_name\" content=\"Ei mit\u00e4\u00e4n rimpuloita -blogi\" \/>\n<meta property=\"article:modified_time\" content=\"2011-05-04T11:09:04+00:00\" \/>\n<meta name=\"twitter:card\" content=\"summary\" \/>\n<script type=\"application\/ld+json\" class=\"yoast-schema-graph\">{\"@context\":\"https:\/\/schema.org\",\"@graph\":[{\"@type\":\"WebSite\",\"@id\":\"https:\/\/www.ferroplan.fi\/blogi\/#website\",\"url\":\"https:\/\/www.ferroplan.fi\/blogi\/\",\"name\":\"Ei mit\\u00e4\\u00e4n rimpuloita -blogi\",\"description\":\"Suomen ainoa teollisuusblogi\",\"potentialAction\":[{\"@type\":\"SearchAction\",\"target\":{\"@type\":\"EntryPoint\",\"urlTemplate\":\"https:\/\/www.ferroplan.fi\/blogi\/?s={search_term_string}\"},\"query-input\":\"required name=search_term_string\"}],\"inLanguage\":\"fi\"},{\"@type\":\"WebPage\",\"@id\":\"https:\/\/www.ferroplan.fi\/blogi\/tilaa-blogi-sahkopostiisi\/#webpage\",\"url\":\"https:\/\/www.ferroplan.fi\/blogi\/tilaa-blogi-sahkopostiisi\/\",\"name\":\"Tilaa blogi s\\u00e4hk\\u00f6postiisi - Ei mit\\u00e4\\u00e4n rimpuloita -blogi\",\"isPartOf\":{\"@id\":\"https:\/\/www.ferroplan.fi\/blogi\/#website\"},\"datePublished\":\"2011-05-04T11:02:21+00:00\",\"dateModified\":\"2011-05-04T11:09:04+00:00\",\"breadcrumb\":{\"@id\":\"https:\/\/www.ferroplan.fi\/blogi\/tilaa-blogi-sahkopostiisi\/#breadcrumb\"},\"inLanguage\":\"fi\",\"potentialAction\":[{\"@type\":\"ReadAction\",\"target\":[\"https:\/\/www.ferroplan.fi\/blogi\/tilaa-blogi-sahkopostiisi\/\"]}]},{\"@type\":\"BreadcrumbList\",\"@id\":\"https:\/\/www.ferroplan.fi\/blogi\/tilaa-blogi-sahkopostiisi\/#breadcrumb\",\"itemListElement\":[{\"@type\":\"ListItem\",\"position\":1,\"name\":\"Home\",\"item\":\"https:\/\/www.ferroplan.fi\/blogi\/\"},{\"@type\":\"ListItem\",\"position\":2,\"name\":\"Tilaa blogi s\\u00e4hk\\u00f6postiisi\"}]}]}<\/script>\n<!-- \/ Yoast SEO plugin. -->","yoast_head_json":{"robots":{"index":"index","follow":"follow","max-snippet":"max-snippet:-1","max-image-preview":"max-image-preview:large","max-video-preview":"max-video-preview:-1"},"canonical":"https:\/\/www.ferroplan.fi\/blogi\/tilaa-blogi-sahkopostiisi\/","og_locale":"fi_FI","og_type":"article","og_title":"Tilaa blogi s\u00e4hk\u00f6postiisi - Ei mit\u00e4\u00e4n rimpuloita -blogi","og_description":"Haluatko, ett\u00e4 saat uudesta blogimerkinn\u00e4st\u00e4 tiedon s\u00e4hk\u00f6postiisi? Kerro osoitteesi! Leave This Blank:Leave This Blank Too:Do Not Change This:Your email:&nbsp;","og_url":"https:\/\/www.ferroplan.fi\/blogi\/tilaa-blogi-sahkopostiisi\/","og_site_name":"Ei mit\u00e4\u00e4n rimpuloita -blogi","article_modified_time":"2011-05-04T11:09:04+00:00","twitter_card":"summary","schema":{"@context":"https:\/\/schema.org","@graph":[{"@type":"WebSite","@id":"https:\/\/www.ferroplan.fi\/blogi\/#website","url":"https:\/\/www.ferroplan.fi\/blogi\/","name":"Ei mit\u00e4\u00e4n rimpuloita -blogi","description":"Suomen ainoa teollisuusblogi","potentialAction":[{"@type":"SearchAction","target":{"@type":"EntryPoint","urlTemplate":"https:\/\/www.ferroplan.fi\/blogi\/?s={search_term_string}"},"query-input":"required name=search_term_string"}],"inLanguage":"fi"},{"@type":"WebPage","@id":"https:\/\/www.ferroplan.fi\/blogi\/tilaa-blogi-sahkopostiisi\/#webpage","url":"https:\/\/www.ferroplan.fi\/blogi\/tilaa-blogi-sahkopostiisi\/","name":"Tilaa blogi s\u00e4hk\u00f6postiisi - Ei mit\u00e4\u00e4n rimpuloita -blogi","isPartOf":{"@id":"https:\/\/www.ferroplan.fi\/blogi\/#website"},"datePublished":"2011-05-04T11:02:21+00:00","dateModified":"2011-05-04T11:09:04+00:00","breadcrumb":{"@id":"https:\/\/www.ferroplan.fi\/blogi\/tilaa-blogi-sahkopostiisi\/#breadcrumb"},"inLanguage":"fi","potentialAction":[{"@type":"ReadAction","target":["https:\/\/www.ferroplan.fi\/blogi\/tilaa-blogi-sahkopostiisi\/"]}]},{"@type":"BreadcrumbList","@id":"https:\/\/www.ferroplan.fi\/blogi\/tilaa-blogi-sahkopostiisi\/#breadcrumb","itemListElement":[{"@type":"ListItem","position":1,"name":"Home","item":"https:\/\/www.ferroplan.fi\/blogi\/"},{"@type":"ListItem","position":2,"name":"Tilaa blogi s\u00e4hk\u00f6postiisi"}]}]}},"_links":{"self":[{"href":"https:\/\/www.ferroplan.fi\/blogi\/wp-json\/wp\/v2\/pages\/44"}],"collection":[{"href":"https:\/\/www.ferroplan.fi\/blogi\/wp-json\/wp\/v2\/pages"}],"about":[{"href":"https:\/\/www.ferroplan.fi\/blogi\/wp-json\/wp\/v2\/types\/page"}],"author":[{"embeddable":true,"href":"https:\/\/www.ferroplan.fi\/blogi\/wp-json\/wp\/v2\/users\/5"}],"replies":[{"embeddable":true,"href":"https:\/\/www.ferroplan.fi\/blogi\/wp-json\/wp\/v2\/comments?post=44"}],"version-history":[{"count":3,"href":"https:\/\/www.ferroplan.fi\/blogi\/wp-json\/wp\/v2\/pages\/44\/revisions"}],"predecessor-version":[{"id":47,"href":"https:\/\/www.ferroplan.fi\/blogi\/wp-json\/wp\/v2\/pages\/44\/revisions\/47"}],"wp:attachment":[{"href":"https:\/\/www.ferroplan.fi\/blogi\/wp-json\/wp\/v2\/media?parent=44"}],"curies":[{"name":"wp","href":"https:\/\/api.w.org\/{rel}","templated":true}]}}