{"id":61,"date":"2011-05-04T15:13:23","date_gmt":"2011-05-04T12:13:23","guid":{"rendered":"http:\/\/www.ferroplan.fi\/blogi\/?page_id=61"},"modified":"2014-10-01T15:40:11","modified_gmt":"2014-10-01T12:40:11","slug":"blogin-takana","status":"publish","type":"page","link":"https:\/\/www.ferroplan.fi\/blogi\/blogin-takana\/","title":{"rendered":"Blogin takana"},"content":{"rendered":"<p><img loading=\"lazy\" class=\"size-medium wp-image-2618 alignleft\" src=\"http:\/\/www.ferroplan.fi\/blogi\/wp-content\/lataukset\/L.B.R.-Minna-ID-16076-200x300.jpg\" alt=\"Minna Patosalmi\" width=\"200\" height=\"300\" srcset=\"https:\/\/www.ferroplan.fi\/blogi\/wp-content\/lataukset\/L.B.R.-Minna-ID-16076-200x300.jpg 200w, https:\/\/www.ferroplan.fi\/blogi\/wp-content\/lataukset\/L.B.R.-Minna-ID-16076-683x1024.jpg 683w, https:\/\/www.ferroplan.fi\/blogi\/wp-content\/lataukset\/L.B.R.-Minna-ID-16076.jpg 1001w\" sizes=\"(max-width: 200px) 100vw, 200px\" \/><br \/>\non joukko ferroplanilaisia asiantuntijoita, jotka kertovat p\u00e4ivitt\u00e4isess\u00e4 ty\u00f6ss\u00e4\u00e4n kohtaamistaan ilmi\u00f6ist\u00e4. Blogin yll\u00e4pit\u00e4j\u00e4 on markkinointip\u00e4\u00e4llikk\u00f6 Minna Patosalmi, jolle voit l\u00e4hett\u00e4\u00e4 kommentteja my\u00f6s s\u00e4hk\u00f6postilla <a href=\"mailto:minna.patosalmi@ferroplan.fi\">minna.patosalmi@ferroplan.fi<\/a><\/p>\n<p>&nbsp;<\/p>\n<p>&nbsp;<\/p>\n<p>&nbsp;<\/p>\n<p>&nbsp;<\/p>\n<p>&nbsp;<\/p>\n\n<!-- Facebook Like Button v1.9.6 BEGIN [http:\/\/blog.bottomlessinc.com] -->\n<iframe src=\"http:\/\/www.facebook.com\/plugins\/like.php?href=https%3A%2F%2Fwww.ferroplan.fi%2Fblogi%2Fblogin-takana%2F&amp;layout=standard&amp;show_faces=false&amp;width=450&amp;action=like&amp;colorscheme=light\" scrolling=\"no\" frameborder=\"0\" allowTransparency=\"true\" style=\"border:none; overflow:hidden; width:450px; height: 30px; align: left; margin: 2px 0px 2px 0px\"><\/iframe>\n<!-- Facebook Like Button END -->\n","protected":false},"excerpt":{"rendered":"<p>on joukko ferroplanilaisia asiantuntijoita, jotka kertovat p\u00e4ivitt\u00e4isess\u00e4 ty\u00f6ss\u00e4\u00e4n kohtaamistaan ilmi\u00f6ist\u00e4. Blogin yll\u00e4pit\u00e4j\u00e4 on markkinointip\u00e4\u00e4llikk\u00f6 Minna Patosalmi, jolle voit l\u00e4hett\u00e4\u00e4 kommentteja my\u00f6s s\u00e4hk\u00f6postilla minna.patosalmi@ferroplan.fi &nbsp; &nbsp; &nbsp; &nbsp; &nbsp;<\/p>\n","protected":false},"author":2,"featured_media":0,"parent":0,"menu_order":0,"comment_status":"open","ping_status":"open","template":"","meta":{"_monsterinsights_skip_tracking":false,"_monsterinsights_sitenote_active":false,"_monsterinsights_sitenote_note":"","_monsterinsights_sitenote_category":0,"_s2mail":"yes"},"yoast_head":"<!-- This site is optimized with the Yoast SEO plugin v17.8 - https:\/\/yoast.com\/wordpress\/plugins\/seo\/ -->\n<meta name=\"robots\" content=\"index, follow, max-snippet:-1, max-image-preview:large, max-video-preview:-1\" \/>\n<link rel=\"canonical\" href=\"https:\/\/www.ferroplan.fi\/blogi\/blogin-takana\/\" \/>\n<meta property=\"og:locale\" content=\"fi_FI\" \/>\n<meta property=\"og:type\" content=\"article\" \/>\n<meta property=\"og:title\" content=\"Blogin takana - Ei mit\u00e4\u00e4n rimpuloita -blogi\" \/>\n<meta property=\"og:description\" content=\"on joukko ferroplanilaisia asiantuntijoita, jotka kertovat p\u00e4ivitt\u00e4isess\u00e4 ty\u00f6ss\u00e4\u00e4n kohtaamistaan ilmi\u00f6ist\u00e4. Blogin yll\u00e4pit\u00e4j\u00e4 on markkinointip\u00e4\u00e4llikk\u00f6 Minna Patosalmi, jolle voit l\u00e4hett\u00e4\u00e4 kommentteja my\u00f6s s\u00e4hk\u00f6postilla minna.patosalmi@ferroplan.fi &nbsp; &nbsp; &nbsp; &nbsp; &nbsp;\" \/>\n<meta property=\"og:url\" content=\"https:\/\/www.ferroplan.fi\/blogi\/blogin-takana\/\" \/>\n<meta property=\"og:site_name\" content=\"Ei mit\u00e4\u00e4n rimpuloita -blogi\" \/>\n<meta property=\"article:modified_time\" content=\"2014-10-01T12:40:11+00:00\" \/>\n<meta property=\"og:image\" content=\"http:\/\/www.ferroplan.fi\/blogi\/wp-content\/lataukset\/L.B.R.-Minna-ID-16076-200x300.jpg\" \/>\n<meta name=\"twitter:card\" content=\"summary\" \/>\n<script type=\"application\/ld+json\" class=\"yoast-schema-graph\">{\"@context\":\"https:\/\/schema.org\",\"@graph\":[{\"@type\":\"WebSite\",\"@id\":\"https:\/\/www.ferroplan.fi\/blogi\/#website\",\"url\":\"https:\/\/www.ferroplan.fi\/blogi\/\",\"name\":\"Ei mit\\u00e4\\u00e4n rimpuloita -blogi\",\"description\":\"Suomen ainoa teollisuusblogi\",\"potentialAction\":[{\"@type\":\"SearchAction\",\"target\":{\"@type\":\"EntryPoint\",\"urlTemplate\":\"https:\/\/www.ferroplan.fi\/blogi\/?s={search_term_string}\"},\"query-input\":\"required name=search_term_string\"}],\"inLanguage\":\"fi\"},{\"@type\":\"ImageObject\",\"@id\":\"https:\/\/www.ferroplan.fi\/blogi\/blogin-takana\/#primaryimage\",\"inLanguage\":\"fi\",\"url\":\"http:\/\/www.ferroplan.fi\/blogi\/wp-content\/lataukset\/L.B.R.-Minna-ID-16076-200x300.jpg\",\"contentUrl\":\"http:\/\/www.ferroplan.fi\/blogi\/wp-content\/lataukset\/L.B.R.-Minna-ID-16076-200x300.jpg\"},{\"@type\":\"WebPage\",\"@id\":\"https:\/\/www.ferroplan.fi\/blogi\/blogin-takana\/#webpage\",\"url\":\"https:\/\/www.ferroplan.fi\/blogi\/blogin-takana\/\",\"name\":\"Blogin takana - Ei mit\\u00e4\\u00e4n rimpuloita -blogi\",\"isPartOf\":{\"@id\":\"https:\/\/www.ferroplan.fi\/blogi\/#website\"},\"primaryImageOfPage\":{\"@id\":\"https:\/\/www.ferroplan.fi\/blogi\/blogin-takana\/#primaryimage\"},\"datePublished\":\"2011-05-04T12:13:23+00:00\",\"dateModified\":\"2014-10-01T12:40:11+00:00\",\"breadcrumb\":{\"@id\":\"https:\/\/www.ferroplan.fi\/blogi\/blogin-takana\/#breadcrumb\"},\"inLanguage\":\"fi\",\"potentialAction\":[{\"@type\":\"ReadAction\",\"target\":[\"https:\/\/www.ferroplan.fi\/blogi\/blogin-takana\/\"]}]},{\"@type\":\"BreadcrumbList\",\"@id\":\"https:\/\/www.ferroplan.fi\/blogi\/blogin-takana\/#breadcrumb\",\"itemListElement\":[{\"@type\":\"ListItem\",\"position\":1,\"name\":\"Home\",\"item\":\"https:\/\/www.ferroplan.fi\/blogi\/\"},{\"@type\":\"ListItem\",\"position\":2,\"name\":\"Blogin takana\"}]}]}<\/script>\n<!-- \/ Yoast SEO plugin. -->","yoast_head_json":{"robots":{"index":"index","follow":"follow","max-snippet":"max-snippet:-1","max-image-preview":"max-image-preview:large","max-video-preview":"max-video-preview:-1"},"canonical":"https:\/\/www.ferroplan.fi\/blogi\/blogin-takana\/","og_locale":"fi_FI","og_type":"article","og_title":"Blogin takana - Ei mit\u00e4\u00e4n rimpuloita -blogi","og_description":"on joukko ferroplanilaisia asiantuntijoita, jotka kertovat p\u00e4ivitt\u00e4isess\u00e4 ty\u00f6ss\u00e4\u00e4n kohtaamistaan ilmi\u00f6ist\u00e4. Blogin yll\u00e4pit\u00e4j\u00e4 on markkinointip\u00e4\u00e4llikk\u00f6 Minna Patosalmi, jolle voit l\u00e4hett\u00e4\u00e4 kommentteja my\u00f6s s\u00e4hk\u00f6postilla minna.patosalmi@ferroplan.fi &nbsp; &nbsp; &nbsp; &nbsp; &nbsp;","og_url":"https:\/\/www.ferroplan.fi\/blogi\/blogin-takana\/","og_site_name":"Ei mit\u00e4\u00e4n rimpuloita -blogi","article_modified_time":"2014-10-01T12:40:11+00:00","og_image":[{"url":"http:\/\/www.ferroplan.fi\/blogi\/wp-content\/lataukset\/L.B.R.-Minna-ID-16076-200x300.jpg"}],"twitter_card":"summary","schema":{"@context":"https:\/\/schema.org","@graph":[{"@type":"WebSite","@id":"https:\/\/www.ferroplan.fi\/blogi\/#website","url":"https:\/\/www.ferroplan.fi\/blogi\/","name":"Ei mit\u00e4\u00e4n rimpuloita -blogi","description":"Suomen ainoa teollisuusblogi","potentialAction":[{"@type":"SearchAction","target":{"@type":"EntryPoint","urlTemplate":"https:\/\/www.ferroplan.fi\/blogi\/?s={search_term_string}"},"query-input":"required name=search_term_string"}],"inLanguage":"fi"},{"@type":"ImageObject","@id":"https:\/\/www.ferroplan.fi\/blogi\/blogin-takana\/#primaryimage","inLanguage":"fi","url":"http:\/\/www.ferroplan.fi\/blogi\/wp-content\/lataukset\/L.B.R.-Minna-ID-16076-200x300.jpg","contentUrl":"http:\/\/www.ferroplan.fi\/blogi\/wp-content\/lataukset\/L.B.R.-Minna-ID-16076-200x300.jpg"},{"@type":"WebPage","@id":"https:\/\/www.ferroplan.fi\/blogi\/blogin-takana\/#webpage","url":"https:\/\/www.ferroplan.fi\/blogi\/blogin-takana\/","name":"Blogin takana - Ei mit\u00e4\u00e4n rimpuloita -blogi","isPartOf":{"@id":"https:\/\/www.ferroplan.fi\/blogi\/#website"},"primaryImageOfPage":{"@id":"https:\/\/www.ferroplan.fi\/blogi\/blogin-takana\/#primaryimage"},"datePublished":"2011-05-04T12:13:23+00:00","dateModified":"2014-10-01T12:40:11+00:00","breadcrumb":{"@id":"https:\/\/www.ferroplan.fi\/blogi\/blogin-takana\/#breadcrumb"},"inLanguage":"fi","potentialAction":[{"@type":"ReadAction","target":["https:\/\/www.ferroplan.fi\/blogi\/blogin-takana\/"]}]},{"@type":"BreadcrumbList","@id":"https:\/\/www.ferroplan.fi\/blogi\/blogin-takana\/#breadcrumb","itemListElement":[{"@type":"ListItem","position":1,"name":"Home","item":"https:\/\/www.ferroplan.fi\/blogi\/"},{"@type":"ListItem","position":2,"name":"Blogin takana"}]}]}},"_links":{"self":[{"href":"https:\/\/www.ferroplan.fi\/blogi\/wp-json\/wp\/v2\/pages\/61"}],"collection":[{"href":"https:\/\/www.ferroplan.fi\/blogi\/wp-json\/wp\/v2\/pages"}],"about":[{"href":"https:\/\/www.ferroplan.fi\/blogi\/wp-json\/wp\/v2\/types\/page"}],"author":[{"embeddable":true,"href":"https:\/\/www.ferroplan.fi\/blogi\/wp-json\/wp\/v2\/users\/2"}],"replies":[{"embeddable":true,"href":"https:\/\/www.ferroplan.fi\/blogi\/wp-json\/wp\/v2\/comments?post=61"}],"version-history":[{"count":23,"href":"https:\/\/www.ferroplan.fi\/blogi\/wp-json\/wp\/v2\/pages\/61\/revisions"}],"predecessor-version":[{"id":2619,"href":"https:\/\/www.ferroplan.fi\/blogi\/wp-json\/wp\/v2\/pages\/61\/revisions\/2619"}],"wp:attachment":[{"href":"https:\/\/www.ferroplan.fi\/blogi\/wp-json\/wp\/v2\/media?parent=61"}],"curies":[{"name":"wp","href":"https:\/\/api.w.org\/{rel}","templated":true}]}}