{"id":43,"date":"2024-06-18T10:13:52","date_gmt":"2024-06-18T07:13:52","guid":{"rendered":"https:\/\/www.ferroplan.fi\/fp2024\/?page_id=43"},"modified":"2025-07-01T08:00:26","modified_gmt":"2025-07-01T05:00:26","slug":"roller-conveyor","status":"publish","type":"page","link":"https:\/\/www.ferroplan.fi\/de\/rollenforderer\/","title":{"rendered":"Rollenf\u00f6rderer"},"content":{"rendered":"<div style=\"height:3rem\" aria-hidden=\"true\" class=\"wp-block-spacer\"><\/div>\n\n\n\n<div class=\"wp-block-columns product-columns is-layout-flex wp-container-core-columns-is-layout-9d6595d7 wp-block-columns-is-layout-flex\">\n<div class=\"wp-block-column is-layout-flow wp-block-column-is-layout-flow\">\n<figure class=\"wp-block-image size-full\"><img loading=\"lazy\" decoding=\"async\" width=\"845\" height=\"655\" src=\"https:\/\/www.ferroplan.fi\/fp2024\/wp-content\/uploads\/2024\/06\/tuotekuva-845x655px.jpg\" alt=\"Auf diesem Bild sehen Sie einen Rollenf\u00f6rderer.\" class=\"wp-image-378\" srcset=\"https:\/\/www.ferroplan.fi\/fp2024\/wp-content\/uploads\/2024\/06\/tuotekuva-845x655px.jpg 845w, https:\/\/www.ferroplan.fi\/fp2024\/wp-content\/uploads\/2024\/06\/tuotekuva-845x655px-300x233.jpg 300w, https:\/\/www.ferroplan.fi\/fp2024\/wp-content\/uploads\/2024\/06\/tuotekuva-845x655px-768x595.jpg 768w\" sizes=\"auto, (max-width: 845px) 100vw, 845px\" \/><\/figure>\n<\/div>\n\n\n\n<div class=\"wp-block-column product-hero-container has-contrast-3-background-color has-background is-layout-flow wp-block-column-is-layout-flow\">\n<h6 class=\"wp-block-heading\">UNTERST\u00dcTZUNG F\u00dcR IHRE PRODUKTIONSABL\u00c4UFE.<\/h6>\n\n\n\n<h1 class=\"wp-block-heading\">Rollenf\u00f6rderer<\/h1>\n\n\n\n<div style=\"height:1rem\" aria-hidden=\"true\" class=\"wp-block-spacer\"><\/div>\n\n\n\n<p class=\"ingress\">Vielseitig und automatisiert sind nur einige Schlagworte, mit denen sich die Rollenf\u00f6rderer von Ferroplan beschreiben lassen.<\/p>\n\n\n\n<p>Die effizienten und vielseitigen Rollenf\u00f6rderer von Ferroplan optimieren<br>logistische Prozesse und l\u00f6sen die Probleme des Materialtransfers. Mit unseren Rollenf\u00f6rderern lassen sich die unterschiedlichsten Materialien in der Industrie zuverl\u00e4ssig und m\u00fchelos bewegen. Sie sind perfekt auf die Anforderungen von Einrichtungen wie Lagern, Produktionsanlagen und Vertriebszentren abgestimmt.<\/p>\n\n\n\n<div style=\"height:1rem\" aria-hidden=\"true\" class=\"wp-block-spacer\"><\/div>\n\n\n\n<div class=\"wp-block-buttons is-layout-flex wp-block-buttons-is-layout-flex\">\n<div class=\"wp-block-button\"><a class=\"wp-block-button__link wp-element-button\" href=\"https:\/\/www.ferroplan.fi\/de\/kontakt\/\">Kontakt<\/a><\/div>\n\n\n\n<div class=\"wp-block-button\"><a class=\"wp-block-button__link wp-element-button\" href=\"https:\/\/www.ferroplan.fi\/de\/vertical-conveyor-boosted-alfarocs-warehouse-efficiency\/\">Case Alfaroc<\/a><\/div>\n\n\n\n<div class=\"wp-block-button\"><a class=\"wp-block-button__link wp-element-button\" href=\"https:\/\/www.ferroplan.fi\/de\/efficiency-and-safety-in-the-packaging-process-case-storia\/\">Case Storia<\/a><\/div>\n<\/div>\n<\/div>\n<\/div>\n\n\n\n<div style=\"height:5rem\" aria-hidden=\"true\" class=\"wp-block-spacer\"><\/div>\n\n\n\n<div class=\"wp-block-cover cover-full cover-product\" style=\"min-height:750px;aspect-ratio:unset;\"><img loading=\"lazy\" decoding=\"async\" width=\"1941\" height=\"866\" class=\"wp-block-cover__image-background wp-image-379\" alt=\"Auf diesem Bild sehen Sie eine gekr\u00fcmmte Rollenf\u00f6rderer.\" src=\"https:\/\/www.ferroplan.fi\/fp2024\/wp-content\/uploads\/2024\/06\/tuotekuva-tausta-1941x866px.jpg\" data-object-fit=\"cover\" srcset=\"https:\/\/www.ferroplan.fi\/fp2024\/wp-content\/uploads\/2024\/06\/tuotekuva-tausta-1941x866px.jpg 1941w, https:\/\/www.ferroplan.fi\/fp2024\/wp-content\/uploads\/2024\/06\/tuotekuva-tausta-1941x866px-300x134.jpg 300w, https:\/\/www.ferroplan.fi\/fp2024\/wp-content\/uploads\/2024\/06\/tuotekuva-tausta-1941x866px-1024x457.jpg 1024w, https:\/\/www.ferroplan.fi\/fp2024\/wp-content\/uploads\/2024\/06\/tuotekuva-tausta-1941x866px-768x343.jpg 768w, https:\/\/www.ferroplan.fi\/fp2024\/wp-content\/uploads\/2024\/06\/tuotekuva-tausta-1941x866px-1536x685.jpg 1536w\" sizes=\"auto, (max-width: 1941px) 100vw, 1941px\" \/><span aria-hidden=\"true\" class=\"wp-block-cover__background has-background-dim-0 has-background-dim\" style=\"background-color:#59554f\"><\/span><div class=\"wp-block-cover__inner-container is-layout-constrained wp-block-cover-is-layout-constrained\">\n<h2 class=\"wp-block-heading\">Rollenf\u00f6rderer von Ferroplan <br>sind so konstruiert, <mark style=\"background-color:rgba(0, 0, 0, 0)\" class=\"has-inline-color has-accent-color\">dass sie selbst in anspruchsvollen<\/mark> Industrieumgebungen <br>verschlei\u00dffest sind.<\/h2>\n\n\n\n<h4 class=\"wp-block-heading\">Rollenf\u00f6rderer erm\u00f6glichen einen reibungslosen und kontinuierlichen Materialtransport, der die Produktivit\u00e4t deutlich erh\u00f6ht und die Bearbeitungszeiten verk\u00fcrzt.<\/h4>\n\n\n\n<div class=\"wp-block-group is-nowrap is-layout-flex wp-container-core-group-is-layout-ad2f72ca wp-block-group-is-layout-flex\">\n<figure class=\"wp-block-image size-full is-resized\"><img loading=\"lazy\" decoding=\"async\" width=\"300\" height=\"300\" src=\"https:\/\/www.ferroplan.fi\/fp2024\/wp-content\/uploads\/2024\/11\/Ok-300x300-1.png\" alt=\"\" class=\"wp-image-1036\" style=\"object-fit:cover;width:60px;height:auto\" srcset=\"https:\/\/www.ferroplan.fi\/fp2024\/wp-content\/uploads\/2024\/11\/Ok-300x300-1.png 300w, https:\/\/www.ferroplan.fi\/fp2024\/wp-content\/uploads\/2024\/11\/Ok-300x300-1-150x150.png 150w, https:\/\/www.ferroplan.fi\/fp2024\/wp-content\/uploads\/2024\/11\/Ok-300x300-1-12x12.png 12w\" sizes=\"auto, (max-width: 300px) 100vw, 300px\" \/><\/figure>\n\n\n\n<p>Die flexible und modulare Struktur erm\u00f6glicht eine einfache Anpassung der F\u00f6rderer an unterschiedliche R\u00e4umlichkeiten und Kundenbed\u00fcrfnisse. Unsere Rollenf\u00f6rderer k\u00f6nnen individuell an die Bed\u00fcrfnisse und Anforderungen des Kunden angepasst werden. Auch Kurvenrollenf\u00f6rderer z\u00e4hlen zu unserem Angebot.<\/p>\n<\/div>\n\n\n\n<div style=\"height:2rem\" aria-hidden=\"true\" class=\"wp-block-spacer\"><\/div>\n\n\n\n<div class=\"wp-block-group is-nowrap is-layout-flex wp-container-core-group-is-layout-ad2f72ca wp-block-group-is-layout-flex\">\n<figure class=\"wp-block-image size-full is-resized wp-container-content-9cfa9a5a\"><img loading=\"lazy\" decoding=\"async\" width=\"300\" height=\"300\" src=\"https:\/\/www.ferroplan.fi\/fp2024\/wp-content\/uploads\/2024\/11\/Ok-300x300-2.png\" alt=\"\" class=\"wp-image-1037\" style=\"width:60px;height:auto\" srcset=\"https:\/\/www.ferroplan.fi\/fp2024\/wp-content\/uploads\/2024\/11\/Ok-300x300-2.png 300w, https:\/\/www.ferroplan.fi\/fp2024\/wp-content\/uploads\/2024\/11\/Ok-300x300-2-150x150.png 150w, https:\/\/www.ferroplan.fi\/fp2024\/wp-content\/uploads\/2024\/11\/Ok-300x300-2-12x12.png 12w\" sizes=\"auto, (max-width: 300px) 100vw, 300px\" \/><\/figure>\n\n\n\n<p>Rollenf\u00f6rderer bestehen aus einem Stahlrahmen und einer Stahlrolle. Der einfache Aufbau und die leichte Bedienbarkeit garantieren eine m\u00fchelose Wartung. Damit ist auch ein kontinuierlicher Betrieb ohne unn\u00f6tige Stillstandszeiten gew\u00e4hrleistet.<\/p>\n<\/div>\n\n\n\n<div style=\"height:2rem\" aria-hidden=\"true\" class=\"wp-block-spacer\"><\/div>\n\n\n\n<div class=\"wp-block-group is-nowrap is-layout-flex wp-container-core-group-is-layout-ad2f72ca wp-block-group-is-layout-flex\">\n<figure class=\"wp-block-image size-full is-resized wp-container-content-9cfa9a5a\"><img loading=\"lazy\" decoding=\"async\" width=\"300\" height=\"300\" src=\"https:\/\/www.ferroplan.fi\/fp2024\/wp-content\/uploads\/2024\/11\/Ok-300x300-2.png\" alt=\"\" class=\"wp-image-1037\" style=\"width:60px;height:auto\" srcset=\"https:\/\/www.ferroplan.fi\/fp2024\/wp-content\/uploads\/2024\/11\/Ok-300x300-2.png 300w, https:\/\/www.ferroplan.fi\/fp2024\/wp-content\/uploads\/2024\/11\/Ok-300x300-2-150x150.png 150w, https:\/\/www.ferroplan.fi\/fp2024\/wp-content\/uploads\/2024\/11\/Ok-300x300-2-12x12.png 12w\" sizes=\"auto, (max-width: 300px) 100vw, 300px\" \/><\/figure>\n\n\n\n<p>Mit Rollenf\u00f6rderern von Ferroplan investieren Sie in Effizienz, Zuverl\u00e4ssigkeit und nachhaltigen Materialtransport. Lernen Sie unser Angebot kennen und machen Sie den ersten Schritt zu einer reibungsloseren und effizienteren Logistik.<\/p>\n<\/div>\n<\/div><\/div>\n\n\n\n<div style=\"height:7rem\" aria-hidden=\"true\" class=\"wp-block-spacer\"><\/div>\n\n\n\n<div class=\"wp-block-cover cover-full cover-light-grey cover-product-applications\"><span aria-hidden=\"true\" class=\"wp-block-cover__background has-contrast-3-background-color has-background-dim-100 has-background-dim\"><\/span><div class=\"wp-block-cover__inner-container is-layout-constrained wp-block-cover-is-layout-constrained\">\n<div style=\"height:7rem\" aria-hidden=\"true\" class=\"wp-block-spacer\"><\/div>\n\n\n\n<h1 class=\"wp-block-heading has-text-align-center has-contrast-color has-text-color has-link-color wp-elements-5cac174430a1abcc984e8ed46b0a824b\">Hauptanwendungsbereiche<\/h1>\n\n\n\n<div style=\"height:3rem\" aria-hidden=\"true\" class=\"wp-block-spacer\"><\/div>\n\n\n\n<div class=\"wp-block-columns no-mb is-layout-flex wp-container-core-columns-is-layout-9d6595d7 wp-block-columns-is-layout-flex\">\n<div class=\"wp-block-column is-layout-flow wp-block-column-is-layout-flow\">\n<h2 class=\"wp-block-heading has-contrast-color has-text-color has-link-color wp-elements-800460af5db75a5984b274faa8deb9ae\">Rollenf\u00f6rderer von Ferroplan werden an Unternehmen in vielen verschiedenen Branchen und mit unterschiedlichen Anforderungen verkauft.<\/h2>\n\n\n\n<div style=\"height:8rem\" aria-hidden=\"true\" class=\"wp-block-spacer\"><\/div>\n\n\n\n<h3 class=\"wp-block-heading has-contrast-color has-text-color has-link-color wp-elements-1d162ce5ff3b1808d1532e602d4791d8 translation-block\">Der Mehrzweckf\u00f6rderer eignet sich f\u00fcr verschiedene Zwecke.<\/h3>\n\n\n\n<p class=\"has-contrast-color has-text-color has-link-color wp-elements-5764b62fc93fe43205e6b4c54084eedd\">Mit Rollenf\u00f6rderern k\u00f6nnen Sie Kunststoffboxen, Kartons, Paletten, Platten  und Trays ebenso wie viele andere Rohstoffe, Materialien und Bauteile problemlos bewegen.<\/p>\n<\/div>\n\n\n\n<div class=\"wp-block-column is-layout-flow wp-block-column-is-layout-flow\">\n<h3 class=\"wp-block-heading has-text-align-center has-contrast-color has-text-color has-link-color wp-elements-ad1b6ce52fa3740738249fc98a86f5cd\">Beispiele f\u00fcr Einsatzbereiche<\/h3>\n\n\n\n<div class=\"wp-block-columns no-mb is-layout-flex wp-container-core-columns-is-layout-9d6595d7 wp-block-columns-is-layout-flex\">\n<div class=\"wp-block-column is-layout-flow wp-block-column-is-layout-flow\">\n<figure class=\"wp-block-image size-full\"><img loading=\"lazy\" decoding=\"async\" width=\"220\" height=\"220\" src=\"https:\/\/www.ferroplan.fi\/fp2024\/wp-content\/uploads\/2024\/06\/packaging-pikkukuvat-220x220px.jpg\" alt=\"\" class=\"wp-image-376\" srcset=\"https:\/\/www.ferroplan.fi\/fp2024\/wp-content\/uploads\/2024\/06\/packaging-pikkukuvat-220x220px.jpg 220w, https:\/\/www.ferroplan.fi\/fp2024\/wp-content\/uploads\/2024\/06\/packaging-pikkukuvat-220x220px-150x150.jpg 150w\" sizes=\"auto, (max-width: 220px) 100vw, 220px\" \/><\/figure>\n\n\n\n<h4 class=\"wp-block-heading has-text-align-left has-contrast-color has-text-color has-link-color wp-elements-8304b5e0e2c612b7a66ac2b7ef42b0e5\">Verpackung<\/h4>\n<\/div>\n\n\n\n<div class=\"wp-block-column is-layout-flow wp-block-column-is-layout-flow\">\n<figure class=\"wp-block-image size-full\"><img loading=\"lazy\" decoding=\"async\" width=\"220\" height=\"220\" src=\"https:\/\/www.ferroplan.fi\/fp2024\/wp-content\/uploads\/2024\/06\/Logistics-pikkukuvat-220x220px.jpg\" alt=\"\" class=\"wp-image-373\" srcset=\"https:\/\/www.ferroplan.fi\/fp2024\/wp-content\/uploads\/2024\/06\/Logistics-pikkukuvat-220x220px.jpg 220w, https:\/\/www.ferroplan.fi\/fp2024\/wp-content\/uploads\/2024\/06\/Logistics-pikkukuvat-220x220px-150x150.jpg 150w\" sizes=\"auto, (max-width: 220px) 100vw, 220px\" \/><\/figure>\n\n\n\n<h4 class=\"wp-block-heading has-text-align-left has-contrast-color has-text-color has-link-color wp-elements-898bbba1c985be7ad92eef85d2a21676\">Logistik<\/h4>\n<\/div>\n\n\n\n<div class=\"wp-block-column is-layout-flow wp-block-column-is-layout-flow\">\n<figure class=\"wp-block-image size-full\"><img loading=\"lazy\" decoding=\"async\" width=\"220\" height=\"220\" src=\"https:\/\/www.ferroplan.fi\/fp2024\/wp-content\/uploads\/2024\/06\/MailDelivery-pikkukuvat-220x220px.jpg\" alt=\"\" class=\"wp-image-374\" srcset=\"https:\/\/www.ferroplan.fi\/fp2024\/wp-content\/uploads\/2024\/06\/MailDelivery-pikkukuvat-220x220px.jpg 220w, https:\/\/www.ferroplan.fi\/fp2024\/wp-content\/uploads\/2024\/06\/MailDelivery-pikkukuvat-220x220px-150x150.jpg 150w\" sizes=\"auto, (max-width: 220px) 100vw, 220px\" \/><\/figure>\n\n\n\n<h4 class=\"wp-block-heading has-text-align-left has-contrast-color has-text-color has-link-color wp-elements-d9848536b8f268ef2461592acc91d033\">Postzustellung<\/h4>\n<\/div>\n<\/div>\n\n\n\n<div class=\"wp-block-columns is-layout-flex wp-container-core-columns-is-layout-9d6595d7 wp-block-columns-is-layout-flex\">\n<div class=\"wp-block-column is-layout-flow wp-block-column-is-layout-flow\">\n<figure class=\"wp-block-image size-full\"><img loading=\"lazy\" decoding=\"async\" width=\"220\" height=\"220\" src=\"https:\/\/www.ferroplan.fi\/fp2024\/wp-content\/uploads\/2024\/06\/BaggageHandling-pikkukuvat-220x220px.jpg\" alt=\"\" class=\"wp-image-371\" srcset=\"https:\/\/www.ferroplan.fi\/fp2024\/wp-content\/uploads\/2024\/06\/BaggageHandling-pikkukuvat-220x220px.jpg 220w, https:\/\/www.ferroplan.fi\/fp2024\/wp-content\/uploads\/2024\/06\/BaggageHandling-pikkukuvat-220x220px-150x150.jpg 150w\" sizes=\"auto, (max-width: 220px) 100vw, 220px\" \/><\/figure>\n\n\n\n<h4 class=\"wp-block-heading has-text-align-left has-contrast-color has-text-color has-link-color wp-elements-70a0a1612298ae354fbc152309de3857\">Gep\u00e4ckabfertigung<\/h4>\n<\/div>\n\n\n\n<div class=\"wp-block-column is-layout-flow wp-block-column-is-layout-flow\">\n<figure class=\"wp-block-image size-full\"><img loading=\"lazy\" decoding=\"async\" width=\"220\" height=\"220\" src=\"https:\/\/www.ferroplan.fi\/fp2024\/wp-content\/uploads\/2024\/06\/Manufacturinganddesign-pikkukuvat-220x220px.jpg\" alt=\"\" class=\"wp-image-375\" srcset=\"https:\/\/www.ferroplan.fi\/fp2024\/wp-content\/uploads\/2024\/06\/Manufacturinganddesign-pikkukuvat-220x220px.jpg 220w, https:\/\/www.ferroplan.fi\/fp2024\/wp-content\/uploads\/2024\/06\/Manufacturinganddesign-pikkukuvat-220x220px-150x150.jpg 150w\" sizes=\"auto, (max-width: 220px) 100vw, 220px\" \/><\/figure>\n\n\n\n<h4 class=\"wp-block-heading has-text-align-left has-contrast-color has-text-color has-link-color wp-elements-bb6af454a3b43149378d768c0dca2a49\">Produktion<\/h4>\n<\/div>\n\n\n\n<div class=\"wp-block-column is-layout-flow wp-block-column-is-layout-flow\">\n<figure class=\"wp-block-image size-full\"><img loading=\"lazy\" decoding=\"async\" width=\"220\" height=\"220\" src=\"https:\/\/www.ferroplan.fi\/fp2024\/wp-content\/uploads\/2024\/06\/Sawmillsandvariousothers-pikkukuvat-220x220px.jpg\" alt=\"\" class=\"wp-image-377\" srcset=\"https:\/\/www.ferroplan.fi\/fp2024\/wp-content\/uploads\/2024\/06\/Sawmillsandvariousothers-pikkukuvat-220x220px.jpg 220w, https:\/\/www.ferroplan.fi\/fp2024\/wp-content\/uploads\/2024\/06\/Sawmillsandvariousothers-pikkukuvat-220x220px-150x150.jpg 150w\" sizes=\"auto, (max-width: 220px) 100vw, 220px\" \/><\/figure>\n\n\n\n<h4 class=\"wp-block-heading has-text-align-left has-contrast-color has-text-color has-link-color wp-elements-5cf5dc0e8c4e2073fd4281d80785a9ff\">S\u00e4gewerke und Holzwerkstoffindustrie<\/h4>\n<\/div>\n<\/div>\n<\/div>\n<\/div>\n<\/div><\/div>\n\n\n\n<div style=\"height:5rem\" aria-hidden=\"true\" class=\"wp-block-spacer\"><\/div>\n\n\n\n<div class=\"wp-block-buttons is-content-justification-center is-layout-flex wp-container-core-buttons-is-layout-16018d1d wp-block-buttons-is-layout-flex\">\n<div class=\"wp-block-button\"><a class=\"wp-block-button__link wp-element-button\" href=\"https:\/\/www.ferroplan.fi\/de\/kontakt\/\">Kontaktanfrage hinterlassen<\/a><\/div>\n<\/div>\n\n\n\n<div style=\"height:7rem\" aria-hidden=\"true\" class=\"wp-block-spacer\"><\/div>","protected":false},"excerpt":{"rendered":"<p>Empower your production operations Roller Conveyor Versatile and automated are just a few key words that can be used to describe Ferroplan&#8217;s roller conveyors. Ferroplan\u2019s efficient and versatile roller conveyors optimizelogistics processes and respond to the problems of material transfers. Our roller conveyors offer a reliable and effortless way to move various materials in industry. &#8230; <a title=\"Rollenf\u00f6rderer\" class=\"read-more\" href=\"https:\/\/www.ferroplan.fi\/de\/rollenforderer\/\" aria-label=\"Mehr Informationen \u00fcber Roller Conveyors\">Weiterlesen<\/a><\/p>","protected":false},"author":1,"featured_media":0,"parent":0,"menu_order":0,"comment_status":"closed","ping_status":"closed","template":"","meta":{"_acf_changed":false,"footnotes":""},"class_list":["post-43","page","type-page","status-publish"],"acf":[],"yoast_head":"<!-- This site is optimized with the Yoast SEO plugin v23.6 - https:\/\/yoast.com\/wordpress\/plugins\/seo\/ -->\n<title>Roller Conveyors - Ferroplan Oy<\/title>\n<meta name=\"description\" content=\"Roller conveyors enable smooth and continuous transfer of materials, which greatly improves productivity and reduces processing times.\" \/>\n<meta name=\"robots\" content=\"index, follow, max-snippet:-1, max-image-preview:large, max-video-preview:-1\" \/>\n<link rel=\"canonical\" href=\"https:\/\/www.ferroplan.fi\/de\/rullakuljettimet\/\" \/>\n<meta property=\"og:locale\" content=\"de_DE\" \/>\n<meta property=\"og:type\" content=\"article\" \/>\n<meta property=\"og:title\" content=\"Roller Conveyors - Ferroplan Oy\" \/>\n<meta property=\"og:description\" content=\"Roller conveyors enable smooth and continuous transfer of materials, which greatly improves productivity and reduces processing times.\" \/>\n<meta property=\"og:url\" content=\"https:\/\/www.ferroplan.fi\/de\/rullakuljettimet\/\" \/>\n<meta property=\"og:site_name\" content=\"Ferroplan Oy\" \/>\n<meta property=\"article:publisher\" content=\"https:\/\/www.facebook.com\/Ferroplan\" \/>\n<meta property=\"article:modified_time\" content=\"2025-07-01T05:00:26+00:00\" \/>\n<meta property=\"og:image\" content=\"https:\/\/www.ferroplan.fi\/fp2024\/wp-content\/uploads\/2024\/06\/tuotekuva-845x655px.jpg\" \/>\n\t<meta property=\"og:image:width\" content=\"845\" \/>\n\t<meta property=\"og:image:height\" content=\"655\" \/>\n\t<meta property=\"og:image:type\" content=\"image\/jpeg\" \/>\n<meta name=\"twitter:card\" content=\"summary_large_image\" \/>\n<meta name=\"twitter:label1\" content=\"Gesch\u00e4tzte Lesezeit\" \/>\n\t<meta name=\"twitter:data1\" content=\"4\u00a0Minuten\" \/>\n<script type=\"application\/ld+json\" class=\"yoast-schema-graph\">{\"@context\":\"https:\/\/schema.org\",\"@graph\":[{\"@type\":\"WebPage\",\"@id\":\"https:\/\/www.ferroplan.fi\/rullakuljettimet\/\",\"url\":\"https:\/\/www.ferroplan.fi\/rullakuljettimet\/\",\"name\":\"Roller Conveyors - Ferroplan Oy\",\"isPartOf\":{\"@id\":\"https:\/\/www.ferroplan.fi\/#website\"},\"primaryImageOfPage\":{\"@id\":\"https:\/\/www.ferroplan.fi\/rullakuljettimet\/#primaryimage\"},\"image\":{\"@id\":\"https:\/\/www.ferroplan.fi\/rullakuljettimet\/#primaryimage\"},\"thumbnailUrl\":\"https:\/\/www.ferroplan.fi\/fp2024\/wp-content\/uploads\/2024\/06\/tuotekuva-845x655px.jpg\",\"datePublished\":\"2024-06-18T07:13:52+00:00\",\"dateModified\":\"2025-07-01T05:00:26+00:00\",\"description\":\"Roller conveyors enable smooth and continuous transfer of materials, which greatly improves productivity and reduces processing times.\",\"breadcrumb\":{\"@id\":\"https:\/\/www.ferroplan.fi\/rullakuljettimet\/#breadcrumb\"},\"inLanguage\":\"de\",\"potentialAction\":[{\"@type\":\"ReadAction\",\"target\":[\"https:\/\/www.ferroplan.fi\/rullakuljettimet\/\"]}]},{\"@type\":\"ImageObject\",\"inLanguage\":\"de\",\"@id\":\"https:\/\/www.ferroplan.fi\/rullakuljettimet\/#primaryimage\",\"url\":\"https:\/\/www.ferroplan.fi\/fp2024\/wp-content\/uploads\/2024\/06\/tuotekuva-845x655px.jpg\",\"contentUrl\":\"https:\/\/www.ferroplan.fi\/fp2024\/wp-content\/uploads\/2024\/06\/tuotekuva-845x655px.jpg\"},{\"@type\":\"BreadcrumbList\",\"@id\":\"https:\/\/www.ferroplan.fi\/rullakuljettimet\/#breadcrumb\",\"itemListElement\":[{\"@type\":\"ListItem\",\"position\":1,\"name\":\"Home\",\"item\":\"https:\/\/www.ferroplan.fi\/\"},{\"@type\":\"ListItem\",\"position\":2,\"name\":\"Roller Conveyors\"}]},{\"@type\":\"WebSite\",\"@id\":\"https:\/\/www.ferroplan.fi\/#website\",\"url\":\"https:\/\/www.ferroplan.fi\/\",\"name\":\"Ferroplan Oy\",\"description\":\"\",\"publisher\":{\"@id\":\"https:\/\/www.ferroplan.fi\/#organization\"},\"potentialAction\":[{\"@type\":\"SearchAction\",\"target\":{\"@type\":\"EntryPoint\",\"urlTemplate\":\"https:\/\/www.ferroplan.fi\/?s={search_term_string}\"},\"query-input\":{\"@type\":\"PropertyValueSpecification\",\"valueRequired\":true,\"valueName\":\"search_term_string\"}}],\"inLanguage\":\"de\"},{\"@type\":\"Organization\",\"@id\":\"https:\/\/www.ferroplan.fi\/#organization\",\"name\":\"Ferroplan Oy\",\"url\":\"https:\/\/www.ferroplan.fi\/\",\"logo\":{\"@type\":\"ImageObject\",\"inLanguage\":\"de\",\"@id\":\"https:\/\/www.ferroplan.fi\/#\/schema\/logo\/image\/\",\"url\":\"https:\/\/www.ferroplan.fi\/fp2024\/wp-content\/uploads\/2024\/06\/Ferroplan_logo-puna-harmaa-valko-RGB.png\",\"contentUrl\":\"https:\/\/www.ferroplan.fi\/fp2024\/wp-content\/uploads\/2024\/06\/Ferroplan_logo-puna-harmaa-valko-RGB.png\",\"width\":255,\"height\":56,\"caption\":\"Ferroplan Oy\"},\"image\":{\"@id\":\"https:\/\/www.ferroplan.fi\/#\/schema\/logo\/image\/\"},\"sameAs\":[\"https:\/\/www.facebook.com\/Ferroplan\",\"https:\/\/www.linkedin.com\/company\/ferroplan-oy\"]}]}<\/script>\n<!-- \/ Yoast SEO plugin. -->","yoast_head_json":{"title":"Roller Conveyors - Ferroplan Oy","description":"Roller conveyors enable smooth and continuous transfer of materials, which greatly improves productivity and reduces processing times.","robots":{"index":"index","follow":"follow","max-snippet":"max-snippet:-1","max-image-preview":"max-image-preview:large","max-video-preview":"max-video-preview:-1"},"canonical":"https:\/\/www.ferroplan.fi\/de\/rullakuljettimet\/","og_locale":"de_DE","og_type":"article","og_title":"Roller Conveyors - Ferroplan Oy","og_description":"Roller conveyors enable smooth and continuous transfer of materials, which greatly improves productivity and reduces processing times.","og_url":"https:\/\/www.ferroplan.fi\/de\/rullakuljettimet\/","og_site_name":"Ferroplan Oy","article_publisher":"https:\/\/www.facebook.com\/Ferroplan","article_modified_time":"2025-07-01T05:00:26+00:00","og_image":[{"width":845,"height":655,"url":"https:\/\/www.ferroplan.fi\/fp2024\/wp-content\/uploads\/2024\/06\/tuotekuva-845x655px.jpg","type":"image\/jpeg"}],"twitter_card":"summary_large_image","twitter_misc":{"Gesch\u00e4tzte Lesezeit":"4\u00a0Minuten"},"schema":{"@context":"https:\/\/schema.org","@graph":[{"@type":"WebPage","@id":"https:\/\/www.ferroplan.fi\/rullakuljettimet\/","url":"https:\/\/www.ferroplan.fi\/rullakuljettimet\/","name":"Roller Conveyors - Ferroplan Oy","isPartOf":{"@id":"https:\/\/www.ferroplan.fi\/#website"},"primaryImageOfPage":{"@id":"https:\/\/www.ferroplan.fi\/rullakuljettimet\/#primaryimage"},"image":{"@id":"https:\/\/www.ferroplan.fi\/rullakuljettimet\/#primaryimage"},"thumbnailUrl":"https:\/\/www.ferroplan.fi\/fp2024\/wp-content\/uploads\/2024\/06\/tuotekuva-845x655px.jpg","datePublished":"2024-06-18T07:13:52+00:00","dateModified":"2025-07-01T05:00:26+00:00","description":"Roller conveyors enable smooth and continuous transfer of materials, which greatly improves productivity and reduces processing times.","breadcrumb":{"@id":"https:\/\/www.ferroplan.fi\/rullakuljettimet\/#breadcrumb"},"inLanguage":"de","potentialAction":[{"@type":"ReadAction","target":["https:\/\/www.ferroplan.fi\/rullakuljettimet\/"]}]},{"@type":"ImageObject","inLanguage":"de","@id":"https:\/\/www.ferroplan.fi\/rullakuljettimet\/#primaryimage","url":"https:\/\/www.ferroplan.fi\/fp2024\/wp-content\/uploads\/2024\/06\/tuotekuva-845x655px.jpg","contentUrl":"https:\/\/www.ferroplan.fi\/fp2024\/wp-content\/uploads\/2024\/06\/tuotekuva-845x655px.jpg"},{"@type":"BreadcrumbList","@id":"https:\/\/www.ferroplan.fi\/rullakuljettimet\/#breadcrumb","itemListElement":[{"@type":"ListItem","position":1,"name":"Home","item":"https:\/\/www.ferroplan.fi\/"},{"@type":"ListItem","position":2,"name":"Roller Conveyors"}]},{"@type":"WebSite","@id":"https:\/\/www.ferroplan.fi\/#website","url":"https:\/\/www.ferroplan.fi\/","name":"Ferroplan Oy","description":"","publisher":{"@id":"https:\/\/www.ferroplan.fi\/#organization"},"potentialAction":[{"@type":"SearchAction","target":{"@type":"EntryPoint","urlTemplate":"https:\/\/www.ferroplan.fi\/?s={search_term_string}"},"query-input":{"@type":"PropertyValueSpecification","valueRequired":true,"valueName":"search_term_string"}}],"inLanguage":"de"},{"@type":"Organization","@id":"https:\/\/www.ferroplan.fi\/#organization","name":"Ferroplan Oy","url":"https:\/\/www.ferroplan.fi\/","logo":{"@type":"ImageObject","inLanguage":"de","@id":"https:\/\/www.ferroplan.fi\/#\/schema\/logo\/image\/","url":"https:\/\/www.ferroplan.fi\/fp2024\/wp-content\/uploads\/2024\/06\/Ferroplan_logo-puna-harmaa-valko-RGB.png","contentUrl":"https:\/\/www.ferroplan.fi\/fp2024\/wp-content\/uploads\/2024\/06\/Ferroplan_logo-puna-harmaa-valko-RGB.png","width":255,"height":56,"caption":"Ferroplan Oy"},"image":{"@id":"https:\/\/www.ferroplan.fi\/#\/schema\/logo\/image\/"},"sameAs":["https:\/\/www.facebook.com\/Ferroplan","https:\/\/www.linkedin.com\/company\/ferroplan-oy"]}]}},"_links":{"self":[{"href":"https:\/\/www.ferroplan.fi\/de\/wp-json\/wp\/v2\/pages\/43","targetHints":{"allow":["GET"]}}],"collection":[{"href":"https:\/\/www.ferroplan.fi\/de\/wp-json\/wp\/v2\/pages"}],"about":[{"href":"https:\/\/www.ferroplan.fi\/de\/wp-json\/wp\/v2\/types\/page"}],"author":[{"embeddable":true,"href":"https:\/\/www.ferroplan.fi\/de\/wp-json\/wp\/v2\/users\/1"}],"replies":[{"embeddable":true,"href":"https:\/\/www.ferroplan.fi\/de\/wp-json\/wp\/v2\/comments?post=43"}],"version-history":[{"count":58,"href":"https:\/\/www.ferroplan.fi\/de\/wp-json\/wp\/v2\/pages\/43\/revisions"}],"predecessor-version":[{"id":1417,"href":"https:\/\/www.ferroplan.fi\/de\/wp-json\/wp\/v2\/pages\/43\/revisions\/1417"}],"wp:attachment":[{"href":"https:\/\/www.ferroplan.fi\/de\/wp-json\/wp\/v2\/media?parent=43"}],"curies":[{"name":"wp","href":"https:\/\/api.w.org\/{rel}","templated":true}]}}