{"id":49,"date":"2024-06-18T10:14:58","date_gmt":"2024-06-18T07:14:58","guid":{"rendered":"https:\/\/www.ferroplan.fi\/fp2024\/?page_id=49"},"modified":"2025-07-01T08:10:31","modified_gmt":"2025-07-01T05:10:31","slug":"trough-belt-conveyor","status":"publish","type":"page","link":"https:\/\/www.ferroplan.fi\/de\/muldengurtforderer\/","title":{"rendered":"Muldengurtf\u00f6rderer"},"content":{"rendered":"<div style=\"height:3rem\" aria-hidden=\"true\" class=\"wp-block-spacer\"><\/div>\n\n\n\n<div class=\"wp-block-columns product-columns is-layout-flex wp-container-core-columns-is-layout-9d6595d7 wp-block-columns-is-layout-flex\">\n<div class=\"wp-block-column is-layout-flow wp-block-column-is-layout-flow\">\n<figure class=\"wp-block-image size-full\"><img loading=\"lazy\" decoding=\"async\" width=\"845\" height=\"655\" src=\"Muldengurtf\u00f6rderer\" alt=\"Trough-belt conveyor\" class=\"wp-image-452\" srcset=\"\" sizes=\"auto, (max-width: 845px) 100vw, 845px\" data-srcset=\"\" \/><\/figure>\n<\/div>\n\n\n\n<div class=\"wp-block-column product-hero-container has-contrast-3-background-color has-background is-layout-flow wp-block-column-is-layout-flow\">\n<h6 class=\"wp-block-heading\">Ideale L\u00f6sung f\u00fcr den Sch\u00fcttgutumschlag<\/h6>\n\n\n\n<h1 class=\"wp-block-heading\">Muldengurtf\u00f6rderer<\/h1>\n\n\n\n<div style=\"height:1rem\" aria-hidden=\"true\" class=\"wp-block-spacer\"><\/div>\n\n\n\n<p class=\"ingress\">Muldengurtf\u00f6rderer von Ferroplan sind die ideale L\u00f6sung f\u00fcr den Sch\u00fcttgutumschlag.<\/p>\n\n\n\n<p>Ferroplan hat sich auf die Entwicklung und Herstellung von hochwertigen Muldengurtf\u00f6rderern mit langlebigen Gummigurten f\u00fcr anspruchsvolle Industrieumgebungen spezialisiert.<\/p>\n\n\n\n<div style=\"height:1rem\" aria-hidden=\"true\" class=\"wp-block-spacer\"><\/div>\n\n\n\n<div class=\"wp-block-buttons is-layout-flex wp-block-buttons-is-layout-flex\">\n<div class=\"wp-block-button\"><a class=\"wp-block-button__link wp-element-button\" href=\"https:\/\/www.ferroplan.fi\/de\/kontakt\/\">Kontakt<\/a><\/div>\n\n\n\n<div class=\"wp-block-button\"><a class=\"wp-block-button__link wp-element-button\" href=\"https:\/\/www.ferroplan.fi\/de\/customer-reference-lt-recycling\/\">Case L&amp;T<\/a><\/div>\n<\/div>\n<\/div>\n<\/div>\n\n\n\n<div style=\"height:5rem\" aria-hidden=\"true\" class=\"wp-block-spacer\"><\/div>\n\n\n\n<div class=\"wp-block-cover cover-full cover-product\" style=\"min-height:750px;aspect-ratio:unset;\"><img loading=\"lazy\" decoding=\"async\" width=\"1920\" height=\"740\" class=\"wp-block-cover__image-background wp-image-1145\" alt=\"Trough-belt conveyor\" src=\"Muldengurtf\u00f6rderer\" style=\"object-position:93% 52%\" data-object-fit=\"cover\" data-object-position=\"93% 52%\" srcset=\"\" sizes=\"auto, (max-width: 1920px) 100vw, 1920px\" data-srcset=\"\" \/><span aria-hidden=\"true\" class=\"wp-block-cover__background has-background-dim-0 has-background-dim\" style=\"background-color:#59554f\"><\/span><div class=\"wp-block-cover__inner-container is-layout-constrained wp-block-cover-is-layout-constrained\">\n<div style=\"height:2rem\" aria-hidden=\"true\" class=\"wp-block-spacer\"><\/div>\n\n\n\n<h2 class=\"wp-block-heading\">Von festen Abf\u00e4llen bis hin zu Pellets und Sand bieten unsere Muldengurtf\u00f6rderer beispiellose Zuverl\u00e4ssigkeit und Leistung.<\/h2>\n\n\n\n<h4 class=\"wp-block-heading\">Unsere bew\u00e4hrten F\u00f6rderer werden in f\u00fchrenden Abfallverwertungsanlagen auf der ganzen Welt erfolgreich f\u00fcr den effizienten Transport einer Vielzahl von schwierigen Abfallstoffen eingesetzt.<\/h4>\n\n\n\n<div style=\"height:2rem\" aria-hidden=\"true\" class=\"wp-block-spacer\"><\/div>\n<\/div><\/div>\n\n\n\n<div style=\"height:7rem\" aria-hidden=\"true\" class=\"wp-block-spacer\"><\/div>\n\n\n\n<div class=\"wp-block-cover cover-full cover-light-grey\"><span aria-hidden=\"true\" class=\"wp-block-cover__background has-contrast-3-background-color has-background-dim-100 has-background-dim\"><\/span><div class=\"wp-block-cover__inner-container is-layout-constrained wp-block-cover-is-layout-constrained\">\n<div style=\"height:7rem\" aria-hidden=\"true\" class=\"wp-block-spacer\"><\/div>\n\n\n\n<div class=\"wp-block-columns columns-oem is-layout-flex wp-container-core-columns-is-layout-9d6595d7 wp-block-columns-is-layout-flex\">\n<div class=\"wp-block-column is-layout-flow wp-block-column-is-layout-flow\">\n<div class=\"wp-block-columns is-layout-flex wp-container-core-columns-is-layout-9d6595d7 wp-block-columns-is-layout-flex\">\n<div class=\"wp-block-column is-vertically-aligned-center is-layout-flow wp-block-column-is-layout-flow\" style=\"flex-basis:134px\">\n<figure class=\"wp-block-image size-full\"><img loading=\"lazy\" decoding=\"async\" width=\"134\" height=\"134\" src=\"https:\/\/www.ferroplan.fi\/fp2024\/wp-content\/uploads\/2024\/11\/Ferroplan-symbolit-colours-134x134px-punainen-36-9.png\" alt=\"\" class=\"wp-image-1120\" srcset=\"https:\/\/www.ferroplan.fi\/fp2024\/wp-content\/uploads\/2024\/11\/Ferroplan-symbolit-colours-134x134px-punainen-36-9.png 134w, https:\/\/www.ferroplan.fi\/fp2024\/wp-content\/uploads\/2024\/11\/Ferroplan-symbolit-colours-134x134px-punainen-36-9-12x12.png 12w\" sizes=\"auto, (max-width: 134px) 100vw, 134px\" \/><\/figure>\n<\/div>\n\n\n\n<div class=\"wp-block-column is-vertically-aligned-center is-layout-flow wp-block-column-is-layout-flow\" style=\"flex-basis:62.5%\">\n<h3 class=\"wp-block-heading\">Robuste Konstruktion<\/h3>\n<\/div>\n<\/div>\n\n\n\n<p>Unsere Muldengurtf\u00f6rderer f\u00fcr den Sch\u00fcttgutumschlag sind f\u00fcr eine lange Lebensdauer ausgelegt. Der Rahmen besteht aus 6\u00a0mm starkem Stahl, der auch bei schweren Lasten eine au\u00dfergew\u00f6hnliche Festigkeit und Haltbarkeit gew\u00e4hrleistet. Dar\u00fcber hinaus sorgt ein Kegelradgetriebe f\u00fcr einen reibungslosen und effizienten Betrieb und eine maximale Gesamtleistung des F\u00f6rderers.<\/p>\n<\/div>\n\n\n\n<div class=\"wp-block-column is-layout-flow wp-block-column-is-layout-flow\">\n<div class=\"wp-block-columns is-layout-flex wp-container-core-columns-is-layout-9d6595d7 wp-block-columns-is-layout-flex\">\n<div class=\"wp-block-column is-vertically-aligned-center is-layout-flow wp-block-column-is-layout-flow\" style=\"flex-basis:134px\">\n<figure class=\"wp-block-image size-full\"><img loading=\"lazy\" decoding=\"async\" width=\"134\" height=\"134\" src=\"https:\/\/www.ferroplan.fi\/fp2024\/wp-content\/uploads\/2024\/11\/Ferroplan-symbolit-colours-134x134px-punainen-36-10.png\" alt=\"\" class=\"wp-image-1121\" srcset=\"https:\/\/www.ferroplan.fi\/fp2024\/wp-content\/uploads\/2024\/11\/Ferroplan-symbolit-colours-134x134px-punainen-36-10.png 134w, https:\/\/www.ferroplan.fi\/fp2024\/wp-content\/uploads\/2024\/11\/Ferroplan-symbolit-colours-134x134px-punainen-36-10-12x12.png 12w\" sizes=\"auto, (max-width: 134px) 100vw, 134px\" \/><\/figure>\n<\/div>\n\n\n\n<div class=\"wp-block-column is-vertically-aligned-center is-layout-flow wp-block-column-is-layout-flow\" style=\"flex-basis:62.5%\">\n<h3 class=\"wp-block-heading\">Anpassbare L\u00f6sungen<\/h3>\n<\/div>\n<\/div>\n\n\n\n<p>Wir bei Ferroplan wissen, dass jede Anwendung und jede Kundensituation einzigartig ist. Deshalb k\u00f6nnen unsere Muldengurtf\u00f6rderer vollst\u00e4ndig an die individuellen Bed\u00fcrfnisse jedes unserer Kunden angepasst werden. Ob mit geeignetem Zubeh\u00f6r oder mit Spezialkonfigurationen, wir passen unsere F\u00f6rderer so an, dass sie optimale Leistung und Effizienz f\u00fcr Ihre Anforderungen des Materialtransports bieten.<\/p>\n<\/div>\n\n\n\n<div class=\"wp-block-column is-layout-flow wp-block-column-is-layout-flow\">\n<div class=\"wp-block-columns is-layout-flex wp-container-core-columns-is-layout-9d6595d7 wp-block-columns-is-layout-flex\">\n<div class=\"wp-block-column is-vertically-aligned-center is-layout-flow wp-block-column-is-layout-flow\" style=\"flex-basis:134px\">\n<figure class=\"wp-block-image size-full\"><img loading=\"lazy\" decoding=\"async\" width=\"134\" height=\"134\" src=\"https:\/\/www.ferroplan.fi\/fp2024\/wp-content\/uploads\/2024\/11\/Ferroplan-symbolit-colours-134x134px-punainen-36-11.png\" alt=\"\" class=\"wp-image-1122\" srcset=\"https:\/\/www.ferroplan.fi\/fp2024\/wp-content\/uploads\/2024\/11\/Ferroplan-symbolit-colours-134x134px-punainen-36-11.png 134w, https:\/\/www.ferroplan.fi\/fp2024\/wp-content\/uploads\/2024\/11\/Ferroplan-symbolit-colours-134x134px-punainen-36-11-12x12.png 12w\" sizes=\"auto, (max-width: 134px) 100vw, 134px\" \/><\/figure>\n<\/div>\n\n\n\n<div class=\"wp-block-column is-vertically-aligned-center is-layout-flow wp-block-column-is-layout-flow\" style=\"flex-basis:62.5%\">\n<h3 class=\"wp-block-heading\">Hochwertige Gurtmaterialien<\/h3>\n<\/div>\n<\/div>\n\n\n\n<p>Die Gurte unserer Muldengurtf\u00f6rderer bestehen aus hochwertigem EP250-, 400- oder 500-Gummi, das f\u00fcr seine Langlebigkeit und Zuverl\u00e4ssigkeit bekannt ist. Sie sind f\u00fcr den Einsatz in anspruchsvollen Industrieumgebungen konzipiert und bieten dauerhafte Leistung bei minimalen Stillstandszeiten, maximaler Produktivit\u00e4t und h\u00f6chster betrieblicher Effizienz. Die Gurtbreite kann entsprechend den Kapazit\u00e4tsanforderungen gew\u00e4hlt werden.<\/p>\n<\/div>\n<\/div>\n\n\n\n<div style=\"height:3rem\" aria-hidden=\"true\" class=\"wp-block-spacer\"><\/div>\n\n\n\n<div class=\"wp-block-columns columns-oem is-layout-flex wp-container-core-columns-is-layout-9d6595d7 wp-block-columns-is-layout-flex\">\n<div class=\"wp-block-column is-layout-flow wp-block-column-is-layout-flow\">\n<div class=\"wp-block-columns is-layout-flex wp-container-core-columns-is-layout-9d6595d7 wp-block-columns-is-layout-flex\">\n<div class=\"wp-block-column is-vertically-aligned-center is-layout-flow wp-block-column-is-layout-flow\" style=\"flex-basis:134px\">\n<figure class=\"wp-block-image size-full\"><img loading=\"lazy\" decoding=\"async\" width=\"134\" height=\"134\" src=\"https:\/\/www.ferroplan.fi\/fp2024\/wp-content\/uploads\/2024\/11\/Ferroplan-symbolit-colours-134x134px-punainen-36-12.png\" alt=\"\" class=\"wp-image-1123\" srcset=\"https:\/\/www.ferroplan.fi\/fp2024\/wp-content\/uploads\/2024\/11\/Ferroplan-symbolit-colours-134x134px-punainen-36-12.png 134w, https:\/\/www.ferroplan.fi\/fp2024\/wp-content\/uploads\/2024\/11\/Ferroplan-symbolit-colours-134x134px-punainen-36-12-12x12.png 12w\" sizes=\"auto, (max-width: 134px) 100vw, 134px\" \/><\/figure>\n<\/div>\n\n\n\n<div class=\"wp-block-column is-vertically-aligned-center is-layout-flow wp-block-column-is-layout-flow\" style=\"flex-basis:62.5%\">\n<h3 class=\"wp-block-heading\">Kompetente Entwicklung und Unterst\u00fctzung<\/h3>\n<\/div>\n<\/div>\n\n\n\n<p>Auf die Kompetenz und Kundenorientierung von Ferroplan k\u00f6nnen Sie sich voll und ganz verlassen. In enger Zusammenarbeit mit den Kunden entwickeltn und installiert unser erfahrenes Ingenieursteam ma\u00dfgeschneiderte F\u00f6rderl\u00f6sungen, die alle Erwartungen erf\u00fcllen und \u00fcbertreffen. Von der ersten Beratung \u00fcber den Aufbau bis hin zum laufenden Support bieten wir bei jedem Schritt beispiellosen Service und Support.<\/p>\n<\/div>\n\n\n\n<div class=\"wp-block-column is-layout-flow wp-block-column-is-layout-flow\">\n<div class=\"wp-block-columns is-layout-flex wp-container-core-columns-is-layout-9d6595d7 wp-block-columns-is-layout-flex\">\n<div class=\"wp-block-column is-vertically-aligned-center is-layout-flow wp-block-column-is-layout-flow\" style=\"flex-basis:134px\">\n<figure class=\"wp-block-image size-full\"><img loading=\"lazy\" decoding=\"async\" width=\"134\" height=\"134\" src=\"https:\/\/www.ferroplan.fi\/fp2024\/wp-content\/uploads\/2024\/11\/Ferroplan-symbolit-colours-134x134px-punainen-36-13.png\" alt=\"\" class=\"wp-image-1124\" srcset=\"https:\/\/www.ferroplan.fi\/fp2024\/wp-content\/uploads\/2024\/11\/Ferroplan-symbolit-colours-134x134px-punainen-36-13.png 134w, https:\/\/www.ferroplan.fi\/fp2024\/wp-content\/uploads\/2024\/11\/Ferroplan-symbolit-colours-134x134px-punainen-36-13-12x12.png 12w\" sizes=\"auto, (max-width: 134px) 100vw, 134px\" \/><\/figure>\n<\/div>\n\n\n\n<div class=\"wp-block-column is-vertically-aligned-center is-layout-flow wp-block-column-is-layout-flow\" style=\"flex-basis:62.5%\">\n<h3 class=\"wp-block-heading\">Erleben Sie den Ferroplan-Vorteil<\/h3>\n<\/div>\n<\/div>\n\n\n\n<p>Entdecken Sie, was Muldengurtf\u00f6rderer von Ferroplan f\u00fcr Ihren Materialtransport leisten k\u00f6nnen. Nehmen Sie noch heute Kontakt mit uns auf, informieren Sie sich \u00fcber unser umfassendes Angebot an F\u00f6rderl\u00f6sungen und trimmen Sie Ihre Arbeitsabl\u00e4ufe auf Erfolg.<\/p>\n<\/div>\n<\/div>\n\n\n\n<div style=\"height:5rem\" aria-hidden=\"true\" class=\"wp-block-spacer\"><\/div>\n\n\n\n<div class=\"wp-block-buttons is-content-justification-center is-layout-flex wp-container-core-buttons-is-layout-16018d1d wp-block-buttons-is-layout-flex\">\n<div class=\"wp-block-button\"><a class=\"wp-block-button__link wp-element-button\" href=\"https:\/\/www.ferroplan.fi\/de\/kontakt\/\">Kontaktanfrage hinterlassen<\/a><\/div>\n<\/div>\n\n\n\n<div style=\"height:7rem\" aria-hidden=\"true\" class=\"wp-block-spacer\"><\/div>\n<\/div><\/div>","protected":false},"excerpt":{"rendered":"<p>Superior solution for bulk material handling Trough-Belt Conveyor Ferroplan trough-belt conveyors are superior solutions for bulk material handling. Ferroplan specializes in the design and manufacturing of top-quality trough-belt conveyors, featuring durable rubber belts engineered to excel in demanding industrial environments.<\/p>","protected":false},"author":1,"featured_media":0,"parent":0,"menu_order":0,"comment_status":"closed","ping_status":"closed","template":"","meta":{"_acf_changed":false,"footnotes":""},"class_list":["post-49","page","type-page","status-publish"],"acf":[],"yoast_head":"<!-- This site is optimized with the Yoast SEO plugin v23.6 - https:\/\/yoast.com\/wordpress\/plugins\/seo\/ -->\n<title>Trough-belt Conveyor - Ferroplan Oy<\/title>\n<meta name=\"description\" content=\"Trough-belt conveyors are superior solutions for handling bulk materials. Discover how Ferroplan trough-belt conveyor can improve your material handling.\" \/>\n<meta name=\"robots\" content=\"index, follow, max-snippet:-1, max-image-preview:large, max-video-preview:-1\" \/>\n<link rel=\"canonical\" href=\"https:\/\/www.ferroplan.fi\/de\/kouruhihnakuljettimet\/\" \/>\n<meta property=\"og:locale\" content=\"de_DE\" \/>\n<meta property=\"og:type\" content=\"article\" \/>\n<meta property=\"og:title\" content=\"Trough-belt Conveyor - Ferroplan Oy\" \/>\n<meta property=\"og:description\" content=\"Trough-belt conveyors are superior solutions for handling bulk materials. Discover how Ferroplan trough-belt conveyor can improve your material handling.\" \/>\n<meta property=\"og:url\" content=\"https:\/\/www.ferroplan.fi\/de\/kouruhihnakuljettimet\/\" \/>\n<meta property=\"og:site_name\" content=\"Ferroplan Oy\" \/>\n<meta property=\"article:publisher\" content=\"https:\/\/www.facebook.com\/Ferroplan\" \/>\n<meta property=\"article:modified_time\" content=\"2025-07-01T05:10:31+00:00\" \/>\n<meta property=\"og:image\" content=\"https:\/\/www.ferroplan.fi\/fp2024\/wp-content\/uploads\/2024\/06\/Kouruhihnakuljetin-throughbeltconveyor-tuotekuva-845x655px.jpg\" \/>\n\t<meta property=\"og:image:width\" content=\"845\" \/>\n\t<meta property=\"og:image:height\" content=\"655\" \/>\n\t<meta property=\"og:image:type\" content=\"image\/jpeg\" \/>\n<meta name=\"twitter:card\" content=\"summary_large_image\" \/>\n<meta name=\"twitter:label1\" content=\"Gesch\u00e4tzte Lesezeit\" \/>\n\t<meta name=\"twitter:data1\" content=\"3\u00a0Minuten\" \/>\n<script type=\"application\/ld+json\" class=\"yoast-schema-graph\">{\"@context\":\"https:\/\/schema.org\",\"@graph\":[{\"@type\":\"WebPage\",\"@id\":\"https:\/\/www.ferroplan.fi\/kouruhihnakuljettimet\/\",\"url\":\"https:\/\/www.ferroplan.fi\/kouruhihnakuljettimet\/\",\"name\":\"Trough-belt Conveyor - Ferroplan Oy\",\"isPartOf\":{\"@id\":\"https:\/\/www.ferroplan.fi\/#website\"},\"primaryImageOfPage\":{\"@id\":\"https:\/\/www.ferroplan.fi\/kouruhihnakuljettimet\/#primaryimage\"},\"image\":{\"@id\":\"https:\/\/www.ferroplan.fi\/kouruhihnakuljettimet\/#primaryimage\"},\"thumbnailUrl\":\"https:\/\/www.ferroplan.fi\/fp2024\/wp-content\/uploads\/2024\/06\/Kouruhihnakuljetin-throughbeltconveyor-tuotekuva-845x655px.jpg\",\"datePublished\":\"2024-06-18T07:14:58+00:00\",\"dateModified\":\"2025-07-01T05:10:31+00:00\",\"description\":\"Trough-belt conveyors are superior solutions for handling bulk materials. Discover how Ferroplan trough-belt conveyor can improve your material handling.\",\"breadcrumb\":{\"@id\":\"https:\/\/www.ferroplan.fi\/kouruhihnakuljettimet\/#breadcrumb\"},\"inLanguage\":\"de\",\"potentialAction\":[{\"@type\":\"ReadAction\",\"target\":[\"https:\/\/www.ferroplan.fi\/kouruhihnakuljettimet\/\"]}]},{\"@type\":\"ImageObject\",\"inLanguage\":\"de\",\"@id\":\"https:\/\/www.ferroplan.fi\/kouruhihnakuljettimet\/#primaryimage\",\"url\":\"https:\/\/www.ferroplan.fi\/fp2024\/wp-content\/uploads\/2024\/06\/Kouruhihnakuljetin-throughbeltconveyor-tuotekuva-845x655px.jpg\",\"contentUrl\":\"https:\/\/www.ferroplan.fi\/fp2024\/wp-content\/uploads\/2024\/06\/Kouruhihnakuljetin-throughbeltconveyor-tuotekuva-845x655px.jpg\"},{\"@type\":\"BreadcrumbList\",\"@id\":\"https:\/\/www.ferroplan.fi\/kouruhihnakuljettimet\/#breadcrumb\",\"itemListElement\":[{\"@type\":\"ListItem\",\"position\":1,\"name\":\"Home\",\"item\":\"https:\/\/www.ferroplan.fi\/\"},{\"@type\":\"ListItem\",\"position\":2,\"name\":\"Trough-belt Conveyor\"}]},{\"@type\":\"WebSite\",\"@id\":\"https:\/\/www.ferroplan.fi\/#website\",\"url\":\"https:\/\/www.ferroplan.fi\/\",\"name\":\"Ferroplan Oy\",\"description\":\"\",\"publisher\":{\"@id\":\"https:\/\/www.ferroplan.fi\/#organization\"},\"potentialAction\":[{\"@type\":\"SearchAction\",\"target\":{\"@type\":\"EntryPoint\",\"urlTemplate\":\"https:\/\/www.ferroplan.fi\/?s={search_term_string}\"},\"query-input\":{\"@type\":\"PropertyValueSpecification\",\"valueRequired\":true,\"valueName\":\"search_term_string\"}}],\"inLanguage\":\"de\"},{\"@type\":\"Organization\",\"@id\":\"https:\/\/www.ferroplan.fi\/#organization\",\"name\":\"Ferroplan Oy\",\"url\":\"https:\/\/www.ferroplan.fi\/\",\"logo\":{\"@type\":\"ImageObject\",\"inLanguage\":\"de\",\"@id\":\"https:\/\/www.ferroplan.fi\/#\/schema\/logo\/image\/\",\"url\":\"https:\/\/www.ferroplan.fi\/fp2024\/wp-content\/uploads\/2024\/06\/Ferroplan_logo-puna-harmaa-valko-RGB.png\",\"contentUrl\":\"https:\/\/www.ferroplan.fi\/fp2024\/wp-content\/uploads\/2024\/06\/Ferroplan_logo-puna-harmaa-valko-RGB.png\",\"width\":255,\"height\":56,\"caption\":\"Ferroplan Oy\"},\"image\":{\"@id\":\"https:\/\/www.ferroplan.fi\/#\/schema\/logo\/image\/\"},\"sameAs\":[\"https:\/\/www.facebook.com\/Ferroplan\",\"https:\/\/www.linkedin.com\/company\/ferroplan-oy\"]}]}<\/script>\n<!-- \/ Yoast SEO plugin. -->","yoast_head_json":{"title":"Trough-belt Conveyor - Ferroplan Oy","description":"Trough-belt conveyors are superior solutions for handling bulk materials. Discover how Ferroplan trough-belt conveyor can improve your material handling.","robots":{"index":"index","follow":"follow","max-snippet":"max-snippet:-1","max-image-preview":"max-image-preview:large","max-video-preview":"max-video-preview:-1"},"canonical":"https:\/\/www.ferroplan.fi\/de\/kouruhihnakuljettimet\/","og_locale":"de_DE","og_type":"article","og_title":"Trough-belt Conveyor - Ferroplan Oy","og_description":"Trough-belt conveyors are superior solutions for handling bulk materials. Discover how Ferroplan trough-belt conveyor can improve your material handling.","og_url":"https:\/\/www.ferroplan.fi\/de\/kouruhihnakuljettimet\/","og_site_name":"Ferroplan Oy","article_publisher":"https:\/\/www.facebook.com\/Ferroplan","article_modified_time":"2025-07-01T05:10:31+00:00","og_image":[{"width":845,"height":655,"url":"https:\/\/www.ferroplan.fi\/fp2024\/wp-content\/uploads\/2024\/06\/Kouruhihnakuljetin-throughbeltconveyor-tuotekuva-845x655px.jpg","type":"image\/jpeg"}],"twitter_card":"summary_large_image","twitter_misc":{"Gesch\u00e4tzte Lesezeit":"3\u00a0Minuten"},"schema":{"@context":"https:\/\/schema.org","@graph":[{"@type":"WebPage","@id":"https:\/\/www.ferroplan.fi\/kouruhihnakuljettimet\/","url":"https:\/\/www.ferroplan.fi\/kouruhihnakuljettimet\/","name":"Trough-belt Conveyor - Ferroplan Oy","isPartOf":{"@id":"https:\/\/www.ferroplan.fi\/#website"},"primaryImageOfPage":{"@id":"https:\/\/www.ferroplan.fi\/kouruhihnakuljettimet\/#primaryimage"},"image":{"@id":"https:\/\/www.ferroplan.fi\/kouruhihnakuljettimet\/#primaryimage"},"thumbnailUrl":"https:\/\/www.ferroplan.fi\/fp2024\/wp-content\/uploads\/2024\/06\/Kouruhihnakuljetin-throughbeltconveyor-tuotekuva-845x655px.jpg","datePublished":"2024-06-18T07:14:58+00:00","dateModified":"2025-07-01T05:10:31+00:00","description":"Trough-belt conveyors are superior solutions for handling bulk materials. Discover how Ferroplan trough-belt conveyor can improve your material handling.","breadcrumb":{"@id":"https:\/\/www.ferroplan.fi\/kouruhihnakuljettimet\/#breadcrumb"},"inLanguage":"de","potentialAction":[{"@type":"ReadAction","target":["https:\/\/www.ferroplan.fi\/kouruhihnakuljettimet\/"]}]},{"@type":"ImageObject","inLanguage":"de","@id":"https:\/\/www.ferroplan.fi\/kouruhihnakuljettimet\/#primaryimage","url":"https:\/\/www.ferroplan.fi\/fp2024\/wp-content\/uploads\/2024\/06\/Kouruhihnakuljetin-throughbeltconveyor-tuotekuva-845x655px.jpg","contentUrl":"https:\/\/www.ferroplan.fi\/fp2024\/wp-content\/uploads\/2024\/06\/Kouruhihnakuljetin-throughbeltconveyor-tuotekuva-845x655px.jpg"},{"@type":"BreadcrumbList","@id":"https:\/\/www.ferroplan.fi\/kouruhihnakuljettimet\/#breadcrumb","itemListElement":[{"@type":"ListItem","position":1,"name":"Home","item":"https:\/\/www.ferroplan.fi\/"},{"@type":"ListItem","position":2,"name":"Trough-belt Conveyor"}]},{"@type":"WebSite","@id":"https:\/\/www.ferroplan.fi\/#website","url":"https:\/\/www.ferroplan.fi\/","name":"Ferroplan Oy","description":"","publisher":{"@id":"https:\/\/www.ferroplan.fi\/#organization"},"potentialAction":[{"@type":"SearchAction","target":{"@type":"EntryPoint","urlTemplate":"https:\/\/www.ferroplan.fi\/?s={search_term_string}"},"query-input":{"@type":"PropertyValueSpecification","valueRequired":true,"valueName":"search_term_string"}}],"inLanguage":"de"},{"@type":"Organization","@id":"https:\/\/www.ferroplan.fi\/#organization","name":"Ferroplan Oy","url":"https:\/\/www.ferroplan.fi\/","logo":{"@type":"ImageObject","inLanguage":"de","@id":"https:\/\/www.ferroplan.fi\/#\/schema\/logo\/image\/","url":"https:\/\/www.ferroplan.fi\/fp2024\/wp-content\/uploads\/2024\/06\/Ferroplan_logo-puna-harmaa-valko-RGB.png","contentUrl":"https:\/\/www.ferroplan.fi\/fp2024\/wp-content\/uploads\/2024\/06\/Ferroplan_logo-puna-harmaa-valko-RGB.png","width":255,"height":56,"caption":"Ferroplan Oy"},"image":{"@id":"https:\/\/www.ferroplan.fi\/#\/schema\/logo\/image\/"},"sameAs":["https:\/\/www.facebook.com\/Ferroplan","https:\/\/www.linkedin.com\/company\/ferroplan-oy"]}]}},"_links":{"self":[{"href":"https:\/\/www.ferroplan.fi\/de\/wp-json\/wp\/v2\/pages\/49","targetHints":{"allow":["GET"]}}],"collection":[{"href":"https:\/\/www.ferroplan.fi\/de\/wp-json\/wp\/v2\/pages"}],"about":[{"href":"https:\/\/www.ferroplan.fi\/de\/wp-json\/wp\/v2\/types\/page"}],"author":[{"embeddable":true,"href":"https:\/\/www.ferroplan.fi\/de\/wp-json\/wp\/v2\/users\/1"}],"replies":[{"embeddable":true,"href":"https:\/\/www.ferroplan.fi\/de\/wp-json\/wp\/v2\/comments?post=49"}],"version-history":[{"count":14,"href":"https:\/\/www.ferroplan.fi\/de\/wp-json\/wp\/v2\/pages\/49\/revisions"}],"predecessor-version":[{"id":1421,"href":"https:\/\/www.ferroplan.fi\/de\/wp-json\/wp\/v2\/pages\/49\/revisions\/1421"}],"wp:attachment":[{"href":"https:\/\/www.ferroplan.fi\/de\/wp-json\/wp\/v2\/media?parent=49"}],"curies":[{"name":"wp","href":"https:\/\/api.w.org\/{rel}","templated":true}]}}