{"id":51,"date":"2024-06-18T10:15:09","date_gmt":"2024-06-18T07:15:09","guid":{"rendered":"https:\/\/www.ferroplan.fi\/fp2024\/?page_id=51"},"modified":"2025-06-25T10:16:10","modified_gmt":"2025-06-25T07:16:10","slug":"scissor-lifts","status":"publish","type":"page","link":"https:\/\/www.ferroplan.fi\/de\/hubscheren\/","title":{"rendered":"Hubscheren"},"content":{"rendered":"<div style=\"height:3rem\" aria-hidden=\"true\" class=\"wp-block-spacer\"><\/div>\n\n\n\n<div class=\"wp-block-columns product-columns is-layout-flex wp-container-core-columns-is-layout-9d6595d7 wp-block-columns-is-layout-flex\">\n<div class=\"wp-block-column is-layout-flow wp-block-column-is-layout-flow\">\n<figure class=\"wp-block-image size-full\"><img loading=\"lazy\" decoding=\"async\" width=\"845\" height=\"655\" src=\"Hubscheren\" alt=\"Hubscheren\" class=\"wp-image-453\" srcset=\"\" sizes=\"auto, (max-width: 845px) 100vw, 845px\" data-srcset=\"\" \/><\/figure>\n<\/div>\n\n\n\n<div class=\"wp-block-column product-hero-container has-contrast-3-background-color has-background is-layout-flow wp-block-column-is-layout-flow\">\n<h6 class=\"wp-block-heading\">Innovative Hubscheren f\u00fcr industrielle Anwendungen<\/h6>\n\n\n\n<h1 class=\"wp-block-heading\">Hubscheren<\/h1>\n\n\n\n<div style=\"height:1rem\" aria-hidden=\"true\" class=\"wp-block-spacer\"><\/div>\n\n\n\n<p class=\"ingress\">Hubscheren von Ferroplan sind effiziente und hochwertige Hebevorrichtungen, die speziell f\u00fcr den Einsatz in industriellen Umgebungen entwickelt wurden.<\/p>\n\n\n\n<p>Unsere modernen Fertigungstechniken garantieren zuverl\u00e4ssige Leistung unter allen Bedingungen. Hubscheren von Ferroplan bieten vielseitige Funktionen und lassen sich nahtlos in F\u00f6rdersysteme integrieren.<\/p>\n\n\n\n<div style=\"height:1rem\" aria-hidden=\"true\" class=\"wp-block-spacer\"><\/div>\n\n\n\n<div class=\"wp-block-buttons is-layout-flex wp-block-buttons-is-layout-flex\">\n<div class=\"wp-block-button\"><a class=\"wp-block-button__link wp-element-button\" href=\"https:\/\/www.ferroplan.fi\/de\/kontakt\/\">Kontakt<\/a><\/div>\n<\/div>\n<\/div>\n<\/div>\n\n\n\n<div style=\"height:5rem\" aria-hidden=\"true\" class=\"wp-block-spacer\"><\/div>\n\n\n\n<div class=\"wp-block-cover cover-full cover-product\" style=\"min-height:750px;aspect-ratio:unset;\"><img loading=\"lazy\" decoding=\"async\" width=\"1920\" height=\"740\" class=\"wp-block-cover__image-background wp-image-1223\" alt=\"Auf diesem Schwarz-Wei\u00df-Foto sind Hubscheren zu sehen.\" src=\"https:\/\/www.ferroplan.fi\/fp2024\/wp-content\/uploads\/2025\/02\/scissor-lift-ferroplan.png\" style=\"object-position:45% 50%\" data-object-fit=\"cover\" data-object-position=\"45% 50%\" srcset=\"https:\/\/www.ferroplan.fi\/fp2024\/wp-content\/uploads\/2025\/02\/scissor-lift-ferroplan.png 1920w, https:\/\/www.ferroplan.fi\/fp2024\/wp-content\/uploads\/2025\/02\/scissor-lift-ferroplan-300x116.png 300w, https:\/\/www.ferroplan.fi\/fp2024\/wp-content\/uploads\/2025\/02\/scissor-lift-ferroplan-1024x395.png 1024w, https:\/\/www.ferroplan.fi\/fp2024\/wp-content\/uploads\/2025\/02\/scissor-lift-ferroplan-768x296.png 768w, https:\/\/www.ferroplan.fi\/fp2024\/wp-content\/uploads\/2025\/02\/scissor-lift-ferroplan-1536x592.png 1536w, https:\/\/www.ferroplan.fi\/fp2024\/wp-content\/uploads\/2025\/02\/scissor-lift-ferroplan-18x7.png 18w\" sizes=\"auto, (max-width: 1920px) 100vw, 1920px\" \/><span aria-hidden=\"true\" class=\"wp-block-cover__background has-background-dim-0 has-background-dim\" style=\"background-color:#59554f\"><\/span><div class=\"wp-block-cover__inner-container is-layout-constrained wp-block-cover-is-layout-constrained\">\n<div style=\"height:2rem\" aria-hidden=\"true\" class=\"wp-block-spacer\"><\/div>\n\n\n\n<h2 class=\"wp-block-heading\">Hubscheren von Ferroplan werden speziell f\u00fcr den industriellen Einsatz hergestellt und entworfen.<\/h2>\n\n\n\n<h4 class=\"wp-block-heading\">Wir bieten eine breite Palette von Hubscherenmodellen an, die auf die Bed\u00fcrfnisse verschiedener Branchen zugeschnitten sind. Sie haben die Wahl zwischen Modellen auf Rohrbasis (SLP) und auf Plattenbasis (SLL), die sich durch h\u00f6chste Hubgeschwindigkeit und Pr\u00e4zision auszeichnen und an das jeweilige F\u00f6rdergut angepasst werden k\u00f6nnen.<\/h4>\n\n\n\n<div style=\"height:2rem\" aria-hidden=\"true\" class=\"wp-block-spacer\"><\/div>\n\n\n\n<div class=\"wp-block-group is-nowrap is-layout-flex wp-container-core-group-is-layout-ad2f72ca wp-block-group-is-layout-flex\">\n<figure class=\"wp-block-image size-full is-resized\"><img loading=\"lazy\" decoding=\"async\" width=\"300\" height=\"300\" src=\"https:\/\/www.ferroplan.fi\/fp2024\/wp-content\/uploads\/2024\/11\/Ok-300x300-2.png\" alt=\"\" class=\"wp-image-1037\" style=\"width:60px\" srcset=\"https:\/\/www.ferroplan.fi\/fp2024\/wp-content\/uploads\/2024\/11\/Ok-300x300-2.png 300w, https:\/\/www.ferroplan.fi\/fp2024\/wp-content\/uploads\/2024\/11\/Ok-300x300-2-150x150.png 150w, https:\/\/www.ferroplan.fi\/fp2024\/wp-content\/uploads\/2024\/11\/Ok-300x300-2-12x12.png 12w\" sizes=\"auto, (max-width: 300px) 100vw, 300px\" \/><\/figure>\n\n\n\n<p>Unsere Hubscheren erf\u00fcllen die strengen Anforderungen der Norm EN\u00a01570. Das gew\u00e4hrleistet, dass sie nach den h\u00f6chsten Sicherheits- und Qualit\u00e4tsstandards entwickelt und hergestellt werden.<\/p>\n<\/div>\n\n\n\n<div style=\"height:2rem\" aria-hidden=\"true\" class=\"wp-block-spacer\"><\/div>\n\n\n\n<div class=\"wp-block-group is-nowrap is-layout-flex wp-container-core-group-is-layout-ad2f72ca wp-block-group-is-layout-flex\">\n<figure class=\"wp-block-image size-full is-resized wp-container-content-9cfa9a5a\"><img loading=\"lazy\" decoding=\"async\" width=\"300\" height=\"300\" src=\"https:\/\/www.ferroplan.fi\/fp2024\/wp-content\/uploads\/2024\/11\/Ok-300x300-2.png\" alt=\"\" class=\"wp-image-1037\" style=\"width:60px\" srcset=\"https:\/\/www.ferroplan.fi\/fp2024\/wp-content\/uploads\/2024\/11\/Ok-300x300-2.png 300w, https:\/\/www.ferroplan.fi\/fp2024\/wp-content\/uploads\/2024\/11\/Ok-300x300-2-150x150.png 150w, https:\/\/www.ferroplan.fi\/fp2024\/wp-content\/uploads\/2024\/11\/Ok-300x300-2-12x12.png 12w\" sizes=\"auto, (max-width: 300px) 100vw, 300px\" \/><\/figure>\n\n\n\n<p>Alle unsere Hubscheren sind mit 120\/2-Epoxidharz beschichtet. Das garantiert eine lange Lebensdauer auch bei starker Beanspruchung und unter schwierigen Umgebungsbedingungen sowie eine dauerhaft korrosionsfreie Oberfl\u00e4che.<\/p>\n<\/div>\n\n\n\n<div style=\"height:2rem\" aria-hidden=\"true\" class=\"wp-block-spacer\"><\/div>\n\n\n\n<div class=\"wp-block-group is-nowrap is-layout-flex wp-container-core-group-is-layout-ad2f72ca wp-block-group-is-layout-flex\">\n<figure class=\"wp-block-image size-full is-resized wp-container-content-9cfa9a5a\"><img loading=\"lazy\" decoding=\"async\" width=\"300\" height=\"300\" src=\"https:\/\/www.ferroplan.fi\/fp2024\/wp-content\/uploads\/2024\/11\/Ok-300x300-2.png\" alt=\"\" class=\"wp-image-1037\" style=\"width:60px\" srcset=\"https:\/\/www.ferroplan.fi\/fp2024\/wp-content\/uploads\/2024\/11\/Ok-300x300-2.png 300w, https:\/\/www.ferroplan.fi\/fp2024\/wp-content\/uploads\/2024\/11\/Ok-300x300-2-150x150.png 150w, https:\/\/www.ferroplan.fi\/fp2024\/wp-content\/uploads\/2024\/11\/Ok-300x300-2-12x12.png 12w\" sizes=\"auto, (max-width: 300px) 100vw, 300px\" \/><\/figure>\n\n\n\n<p>Unsere Hubscheren sind staub- und spritzwassergesch\u00fctzt (Schutzart IP\u00a054). Das gew\u00e4hrleistet Funktionalit\u00e4t und Zuverl\u00e4ssigkeit in verschiedenen industriellen Umgebungen.<\/p>\n<\/div>\n\n\n\n<div style=\"height:2rem\" aria-hidden=\"true\" class=\"wp-block-spacer\"><\/div>\n\n\n\n<div class=\"wp-block-group is-nowrap is-layout-flex wp-container-core-group-is-layout-ad2f72ca wp-block-group-is-layout-flex\">\n<figure class=\"wp-block-image size-full is-resized wp-container-content-9cfa9a5a\"><img loading=\"lazy\" decoding=\"async\" width=\"300\" height=\"300\" src=\"https:\/\/www.ferroplan.fi\/fp2024\/wp-content\/uploads\/2024\/11\/Ok-300x300-2.png\" alt=\"\" class=\"wp-image-1037\" style=\"width:60px\" srcset=\"https:\/\/www.ferroplan.fi\/fp2024\/wp-content\/uploads\/2024\/11\/Ok-300x300-2.png 300w, https:\/\/www.ferroplan.fi\/fp2024\/wp-content\/uploads\/2024\/11\/Ok-300x300-2-150x150.png 150w, https:\/\/www.ferroplan.fi\/fp2024\/wp-content\/uploads\/2024\/11\/Ok-300x300-2-12x12.png 12w\" sizes=\"auto, (max-width: 300px) 100vw, 300px\" \/><\/figure>\n\n\n\n<p>Hubscheren von Ferroplan sind so konzipiert, dass sie sich an eine Vielzahl von Industrieumgebungen anpassen lassen. Sie eignen sich f\u00fcr den Einsatz in Lagern, Fabriken, Logistikzentren und anderen Produktionsanlagen und bieten zuverl\u00e4ssige Hebe- und Transportfunktionen f\u00fcr verschiedene Produkte und Materialien.<\/p>\n<\/div>\n\n\n\n<div style=\"height:2rem\" aria-hidden=\"true\" class=\"wp-block-spacer\"><\/div>\n<\/div><\/div>\n\n\n\n<div style=\"height:7rem\" aria-hidden=\"true\" class=\"wp-block-spacer\"><\/div>\n\n\n\n<div class=\"wp-block-cover cover-full cover-light-grey cover-product-applications\"><span aria-hidden=\"true\" class=\"wp-block-cover__background has-contrast-3-background-color has-background-dim-100 has-background-dim\"><\/span><div class=\"wp-block-cover__inner-container is-layout-constrained wp-block-cover-is-layout-constrained\">\n<div style=\"height:7rem\" aria-hidden=\"true\" class=\"wp-block-spacer\"><\/div>\n\n\n\n<h1 class=\"wp-block-heading has-text-align-center\">Kundenvorteile<\/h1>\n\n\n\n<div style=\"height:3rem\" aria-hidden=\"true\" class=\"wp-block-spacer\"><\/div>\n\n\n\n<div class=\"wp-block-columns columns-oem is-layout-flex wp-container-core-columns-is-layout-9d6595d7 wp-block-columns-is-layout-flex\">\n<div class=\"wp-block-column is-layout-flow wp-block-column-is-layout-flow\">\n<div class=\"wp-block-columns is-layout-flex wp-container-core-columns-is-layout-9d6595d7 wp-block-columns-is-layout-flex\">\n<div class=\"wp-block-column is-vertically-aligned-center is-layout-flow wp-block-column-is-layout-flow\" style=\"flex-basis:134px\">\n<figure class=\"wp-block-image size-full\"><img loading=\"lazy\" decoding=\"async\" width=\"134\" height=\"134\" src=\"https:\/\/www.ferroplan.fi\/fp2024\/wp-content\/uploads\/2024\/11\/Ferroplan-symbolit-colours-134x134px-punainen-36-14.png\" alt=\"\" class=\"wp-image-1126\" srcset=\"https:\/\/www.ferroplan.fi\/fp2024\/wp-content\/uploads\/2024\/11\/Ferroplan-symbolit-colours-134x134px-punainen-36-14.png 134w, https:\/\/www.ferroplan.fi\/fp2024\/wp-content\/uploads\/2024\/11\/Ferroplan-symbolit-colours-134x134px-punainen-36-14-12x12.png 12w\" sizes=\"auto, (max-width: 134px) 100vw, 134px\" \/><\/figure>\n<\/div>\n\n\n\n<div class=\"wp-block-column is-vertically-aligned-center is-layout-flow wp-block-column-is-layout-flow\" style=\"flex-basis:62.5%\">\n<h3 class=\"wp-block-heading\">Schl\u00fcsselfertige L\u00f6sung<\/h3>\n<\/div>\n<\/div>\n\n\n\n<p>Unsere Serviceleistungen umfassen die Konstruktion von Hubscheren, die m\u00f6gliche Integration von F\u00f6rderern und die Wartung.<\/p>\n<\/div>\n\n\n\n<div class=\"wp-block-column is-layout-flow wp-block-column-is-layout-flow\">\n<div class=\"wp-block-columns is-layout-flex wp-container-core-columns-is-layout-9d6595d7 wp-block-columns-is-layout-flex\">\n<div class=\"wp-block-column is-vertically-aligned-center is-layout-flow wp-block-column-is-layout-flow\" style=\"flex-basis:134px\">\n<figure class=\"wp-block-image size-full\"><img loading=\"lazy\" decoding=\"async\" width=\"134\" height=\"134\" src=\"https:\/\/www.ferroplan.fi\/fp2024\/wp-content\/uploads\/2024\/11\/Ferroplan-symbolit-colours-134x134px-punainen-36-15.png\" alt=\"\" class=\"wp-image-1127\" srcset=\"https:\/\/www.ferroplan.fi\/fp2024\/wp-content\/uploads\/2024\/11\/Ferroplan-symbolit-colours-134x134px-punainen-36-15.png 134w, https:\/\/www.ferroplan.fi\/fp2024\/wp-content\/uploads\/2024\/11\/Ferroplan-symbolit-colours-134x134px-punainen-36-15-12x12.png 12w\" sizes=\"auto, (max-width: 134px) 100vw, 134px\" \/><\/figure>\n<\/div>\n\n\n\n<div class=\"wp-block-column is-vertically-aligned-center is-layout-flow wp-block-column-is-layout-flow\" style=\"flex-basis:62.5%\">\n<h3 class=\"wp-block-heading\">Einfache Wartung<\/h3>\n<\/div>\n<\/div>\n\n\n\n<p>Schnell verf\u00fcgbare ger\u00e4tespezifische Ersatzteile und umfassende Wartungsservices w\u00e4hrend des gesamten Lebenszyklus des Ger\u00e4ts.<\/p>\n<\/div>\n<\/div>\n\n\n\n<div style=\"height:3rem\" aria-hidden=\"true\" class=\"wp-block-spacer\"><\/div>\n\n\n\n<div class=\"wp-block-columns columns-oem is-layout-flex wp-container-core-columns-is-layout-9d6595d7 wp-block-columns-is-layout-flex\">\n<div class=\"wp-block-column is-layout-flow wp-block-column-is-layout-flow\">\n<div class=\"wp-block-columns is-layout-flex wp-container-core-columns-is-layout-9d6595d7 wp-block-columns-is-layout-flex\">\n<div class=\"wp-block-column is-vertically-aligned-center is-layout-flow wp-block-column-is-layout-flow\" style=\"flex-basis:134px\">\n<figure class=\"wp-block-image size-full\"><img loading=\"lazy\" decoding=\"async\" width=\"134\" height=\"134\" src=\"https:\/\/www.ferroplan.fi\/fp2024\/wp-content\/uploads\/2024\/11\/Ferroplan-symbolit-colours-134x134px-punainen-36-16.png\" alt=\"\" class=\"wp-image-1128\" srcset=\"https:\/\/www.ferroplan.fi\/fp2024\/wp-content\/uploads\/2024\/11\/Ferroplan-symbolit-colours-134x134px-punainen-36-16.png 134w, https:\/\/www.ferroplan.fi\/fp2024\/wp-content\/uploads\/2024\/11\/Ferroplan-symbolit-colours-134x134px-punainen-36-16-12x12.png 12w\" sizes=\"auto, (max-width: 134px) 100vw, 134px\" \/><\/figure>\n<\/div>\n\n\n\n<div class=\"wp-block-column is-vertically-aligned-center is-layout-flow wp-block-column-is-layout-flow\" style=\"flex-basis:62.5%\">\n<h3 class=\"wp-block-heading\">Vielseitig<\/h3>\n<\/div>\n<\/div>\n\n\n\n<p>F\u00fcr jede Branche geeignet, auf individuelle Bed\u00fcrfnisse zugeschnitten.<\/p>\n<\/div>\n\n\n\n<div class=\"wp-block-column is-layout-flow wp-block-column-is-layout-flow\">\n<div class=\"wp-block-columns is-layout-flex wp-container-core-columns-is-layout-9d6595d7 wp-block-columns-is-layout-flex\">\n<div class=\"wp-block-column is-vertically-aligned-center is-layout-flow wp-block-column-is-layout-flow\" style=\"flex-basis:134px\">\n<figure class=\"wp-block-image size-full\"><img loading=\"lazy\" decoding=\"async\" width=\"134\" height=\"134\" src=\"https:\/\/www.ferroplan.fi\/fp2024\/wp-content\/uploads\/2024\/11\/Ferroplan-symbolit-colours-134x134px-punainen-36-17.png\" alt=\"\" class=\"wp-image-1129\" srcset=\"https:\/\/www.ferroplan.fi\/fp2024\/wp-content\/uploads\/2024\/11\/Ferroplan-symbolit-colours-134x134px-punainen-36-17.png 134w, https:\/\/www.ferroplan.fi\/fp2024\/wp-content\/uploads\/2024\/11\/Ferroplan-symbolit-colours-134x134px-punainen-36-17-12x12.png 12w\" sizes=\"auto, (max-width: 134px) 100vw, 134px\" \/><\/figure>\n<\/div>\n\n\n\n<div class=\"wp-block-column is-vertically-aligned-center is-layout-flow wp-block-column-is-layout-flow\" style=\"flex-basis:62.5%\">\n<h3 class=\"wp-block-heading\">Erh\u00f6hte Produktions-\nkapazit\u00e4t<\/h3>\n<\/div>\n<\/div>\n\n\n\n<p>Schnelles Heben erm\u00f6glicht eine effizientere Produktion.<\/p>\n<\/div>\n<\/div>\n\n\n\n<div style=\"height:3rem\" aria-hidden=\"true\" class=\"wp-block-spacer\"><\/div>\n<\/div><\/div>\n\n\n\n<div style=\"height:5rem\" aria-hidden=\"true\" class=\"wp-block-spacer\"><\/div>\n\n\n\n<p class=\"has-text-align-center ingress\">Suchen Sie eine zuverl\u00e4ssige Hubschere f\u00fcr den industriellen Einsatz? Wenden Sie sich an unser kompetentes Vertriebsteam. Wir helfen Ihnen gerne, die optimale L\u00f6sung f\u00fcr Ihr Unternehmen zu finden.<\/p>\n\n\n\n<div style=\"height:5rem\" aria-hidden=\"true\" class=\"wp-block-spacer\"><\/div>\n\n\n\n<div class=\"wp-block-buttons is-content-justification-center is-layout-flex wp-container-core-buttons-is-layout-16018d1d wp-block-buttons-is-layout-flex\">\n<div class=\"wp-block-button\"><a class=\"wp-block-button__link wp-element-button\" href=\"https:\/\/www.ferroplan.fi\/de\/kontakt\/\">Kontaktanfrage hinterlassen<\/a><\/div>\n<\/div>\n\n\n\n<div style=\"height:7rem\" aria-hidden=\"true\" class=\"wp-block-spacer\"><\/div>","protected":false},"excerpt":{"rendered":"<p>Innovative Scissor Lifts for Industrial Applications Scissor Lifts Ferroplan&#8217;s scissor lifts are efficient and high-quality lifting devices specifically designed for industrial use. Our modern manufacturing techniques ensure performance in all conditions. Ferroplan&#8217;s scissor lifts offer versatile functions and can seamlessly integrate into conveyor systems. Looking for a reliable scissor lift for industrial use? Feel free &#8230; <a title=\"Hubscheren\" class=\"read-more\" href=\"https:\/\/www.ferroplan.fi\/de\/hubscheren\/\" aria-label=\"Mehr Informationen \u00fcber Scissor Lifts\">Weiterlesen<\/a><\/p>","protected":false},"author":1,"featured_media":0,"parent":0,"menu_order":0,"comment_status":"closed","ping_status":"closed","template":"","meta":{"_acf_changed":false,"footnotes":""},"class_list":["post-51","page","type-page","status-publish"],"acf":[],"yoast_head":"<!-- This site is optimized with the Yoast SEO plugin v23.6 - https:\/\/yoast.com\/wordpress\/plugins\/seo\/ -->\n<title>Scissor Lifts - Ferroplan Oy<\/title>\n<meta name=\"description\" content=\"Ferroplan Scissor lifts comply with the EN 1570 standards, ensuring the highest safety and quality specifications.\" \/>\n<meta name=\"robots\" content=\"index, follow, max-snippet:-1, max-image-preview:large, max-video-preview:-1\" \/>\n<link rel=\"canonical\" href=\"https:\/\/www.ferroplan.fi\/de\/saksilavat\/\" \/>\n<meta property=\"og:locale\" content=\"de_DE\" \/>\n<meta property=\"og:type\" content=\"article\" \/>\n<meta property=\"og:title\" content=\"Scissor Lifts - Ferroplan Oy\" \/>\n<meta property=\"og:description\" content=\"Ferroplan Scissor lifts comply with the EN 1570 standards, ensuring the highest safety and quality specifications.\" \/>\n<meta property=\"og:url\" content=\"https:\/\/www.ferroplan.fi\/de\/saksilavat\/\" \/>\n<meta property=\"og:site_name\" content=\"Ferroplan Oy\" \/>\n<meta property=\"article:publisher\" content=\"https:\/\/www.facebook.com\/Ferroplan\" \/>\n<meta property=\"article:modified_time\" content=\"2025-06-25T07:16:10+00:00\" \/>\n<meta property=\"og:image\" content=\"https:\/\/www.ferroplan.fi\/fp2024\/wp-content\/uploads\/2024\/06\/scissorlifts-tuotekuva-845x655px.jpg\" \/>\n\t<meta property=\"og:image:width\" content=\"845\" \/>\n\t<meta property=\"og:image:height\" content=\"655\" \/>\n\t<meta property=\"og:image:type\" content=\"image\/jpeg\" \/>\n<meta name=\"twitter:card\" content=\"summary_large_image\" \/>\n<meta name=\"twitter:label1\" content=\"Gesch\u00e4tzte Lesezeit\" \/>\n\t<meta name=\"twitter:data1\" content=\"4\u00a0Minuten\" \/>\n<script type=\"application\/ld+json\" class=\"yoast-schema-graph\">{\"@context\":\"https:\/\/schema.org\",\"@graph\":[{\"@type\":\"WebPage\",\"@id\":\"https:\/\/www.ferroplan.fi\/saksilavat\/\",\"url\":\"https:\/\/www.ferroplan.fi\/saksilavat\/\",\"name\":\"Scissor Lifts - Ferroplan Oy\",\"isPartOf\":{\"@id\":\"https:\/\/www.ferroplan.fi\/#website\"},\"primaryImageOfPage\":{\"@id\":\"https:\/\/www.ferroplan.fi\/saksilavat\/#primaryimage\"},\"image\":{\"@id\":\"https:\/\/www.ferroplan.fi\/saksilavat\/#primaryimage\"},\"thumbnailUrl\":\"https:\/\/www.ferroplan.fi\/fp2024\/wp-content\/uploads\/2024\/06\/scissorlifts-tuotekuva-845x655px.jpg\",\"datePublished\":\"2024-06-18T07:15:09+00:00\",\"dateModified\":\"2025-06-25T07:16:10+00:00\",\"description\":\"Ferroplan Scissor lifts comply with the EN 1570 standards, ensuring the highest safety and quality specifications.\",\"breadcrumb\":{\"@id\":\"https:\/\/www.ferroplan.fi\/saksilavat\/#breadcrumb\"},\"inLanguage\":\"de\",\"potentialAction\":[{\"@type\":\"ReadAction\",\"target\":[\"https:\/\/www.ferroplan.fi\/saksilavat\/\"]}]},{\"@type\":\"ImageObject\",\"inLanguage\":\"de\",\"@id\":\"https:\/\/www.ferroplan.fi\/saksilavat\/#primaryimage\",\"url\":\"https:\/\/www.ferroplan.fi\/fp2024\/wp-content\/uploads\/2024\/06\/scissorlifts-tuotekuva-845x655px.jpg\",\"contentUrl\":\"https:\/\/www.ferroplan.fi\/fp2024\/wp-content\/uploads\/2024\/06\/scissorlifts-tuotekuva-845x655px.jpg\"},{\"@type\":\"BreadcrumbList\",\"@id\":\"https:\/\/www.ferroplan.fi\/saksilavat\/#breadcrumb\",\"itemListElement\":[{\"@type\":\"ListItem\",\"position\":1,\"name\":\"Home\",\"item\":\"https:\/\/www.ferroplan.fi\/\"},{\"@type\":\"ListItem\",\"position\":2,\"name\":\"Scissor Lifts\"}]},{\"@type\":\"WebSite\",\"@id\":\"https:\/\/www.ferroplan.fi\/#website\",\"url\":\"https:\/\/www.ferroplan.fi\/\",\"name\":\"Ferroplan Oy\",\"description\":\"\",\"publisher\":{\"@id\":\"https:\/\/www.ferroplan.fi\/#organization\"},\"potentialAction\":[{\"@type\":\"SearchAction\",\"target\":{\"@type\":\"EntryPoint\",\"urlTemplate\":\"https:\/\/www.ferroplan.fi\/?s={search_term_string}\"},\"query-input\":{\"@type\":\"PropertyValueSpecification\",\"valueRequired\":true,\"valueName\":\"search_term_string\"}}],\"inLanguage\":\"de\"},{\"@type\":\"Organization\",\"@id\":\"https:\/\/www.ferroplan.fi\/#organization\",\"name\":\"Ferroplan Oy\",\"url\":\"https:\/\/www.ferroplan.fi\/\",\"logo\":{\"@type\":\"ImageObject\",\"inLanguage\":\"de\",\"@id\":\"https:\/\/www.ferroplan.fi\/#\/schema\/logo\/image\/\",\"url\":\"https:\/\/www.ferroplan.fi\/fp2024\/wp-content\/uploads\/2024\/06\/Ferroplan_logo-puna-harmaa-valko-RGB.png\",\"contentUrl\":\"https:\/\/www.ferroplan.fi\/fp2024\/wp-content\/uploads\/2024\/06\/Ferroplan_logo-puna-harmaa-valko-RGB.png\",\"width\":255,\"height\":56,\"caption\":\"Ferroplan Oy\"},\"image\":{\"@id\":\"https:\/\/www.ferroplan.fi\/#\/schema\/logo\/image\/\"},\"sameAs\":[\"https:\/\/www.facebook.com\/Ferroplan\",\"https:\/\/www.linkedin.com\/company\/ferroplan-oy\"]}]}<\/script>\n<!-- \/ Yoast SEO plugin. -->","yoast_head_json":{"title":"Scissor Lifts - Ferroplan Oy","description":"Ferroplan Scissor lifts comply with the EN 1570 standards, ensuring the highest safety and quality specifications.","robots":{"index":"index","follow":"follow","max-snippet":"max-snippet:-1","max-image-preview":"max-image-preview:large","max-video-preview":"max-video-preview:-1"},"canonical":"https:\/\/www.ferroplan.fi\/de\/saksilavat\/","og_locale":"de_DE","og_type":"article","og_title":"Scissor Lifts - Ferroplan Oy","og_description":"Ferroplan Scissor lifts comply with the EN 1570 standards, ensuring the highest safety and quality specifications.","og_url":"https:\/\/www.ferroplan.fi\/de\/saksilavat\/","og_site_name":"Ferroplan Oy","article_publisher":"https:\/\/www.facebook.com\/Ferroplan","article_modified_time":"2025-06-25T07:16:10+00:00","og_image":[{"width":845,"height":655,"url":"https:\/\/www.ferroplan.fi\/fp2024\/wp-content\/uploads\/2024\/06\/scissorlifts-tuotekuva-845x655px.jpg","type":"image\/jpeg"}],"twitter_card":"summary_large_image","twitter_misc":{"Gesch\u00e4tzte Lesezeit":"4\u00a0Minuten"},"schema":{"@context":"https:\/\/schema.org","@graph":[{"@type":"WebPage","@id":"https:\/\/www.ferroplan.fi\/saksilavat\/","url":"https:\/\/www.ferroplan.fi\/saksilavat\/","name":"Scissor Lifts - Ferroplan Oy","isPartOf":{"@id":"https:\/\/www.ferroplan.fi\/#website"},"primaryImageOfPage":{"@id":"https:\/\/www.ferroplan.fi\/saksilavat\/#primaryimage"},"image":{"@id":"https:\/\/www.ferroplan.fi\/saksilavat\/#primaryimage"},"thumbnailUrl":"https:\/\/www.ferroplan.fi\/fp2024\/wp-content\/uploads\/2024\/06\/scissorlifts-tuotekuva-845x655px.jpg","datePublished":"2024-06-18T07:15:09+00:00","dateModified":"2025-06-25T07:16:10+00:00","description":"Ferroplan Scissor lifts comply with the EN 1570 standards, ensuring the highest safety and quality specifications.","breadcrumb":{"@id":"https:\/\/www.ferroplan.fi\/saksilavat\/#breadcrumb"},"inLanguage":"de","potentialAction":[{"@type":"ReadAction","target":["https:\/\/www.ferroplan.fi\/saksilavat\/"]}]},{"@type":"ImageObject","inLanguage":"de","@id":"https:\/\/www.ferroplan.fi\/saksilavat\/#primaryimage","url":"https:\/\/www.ferroplan.fi\/fp2024\/wp-content\/uploads\/2024\/06\/scissorlifts-tuotekuva-845x655px.jpg","contentUrl":"https:\/\/www.ferroplan.fi\/fp2024\/wp-content\/uploads\/2024\/06\/scissorlifts-tuotekuva-845x655px.jpg"},{"@type":"BreadcrumbList","@id":"https:\/\/www.ferroplan.fi\/saksilavat\/#breadcrumb","itemListElement":[{"@type":"ListItem","position":1,"name":"Home","item":"https:\/\/www.ferroplan.fi\/"},{"@type":"ListItem","position":2,"name":"Scissor Lifts"}]},{"@type":"WebSite","@id":"https:\/\/www.ferroplan.fi\/#website","url":"https:\/\/www.ferroplan.fi\/","name":"Ferroplan Oy","description":"","publisher":{"@id":"https:\/\/www.ferroplan.fi\/#organization"},"potentialAction":[{"@type":"SearchAction","target":{"@type":"EntryPoint","urlTemplate":"https:\/\/www.ferroplan.fi\/?s={search_term_string}"},"query-input":{"@type":"PropertyValueSpecification","valueRequired":true,"valueName":"search_term_string"}}],"inLanguage":"de"},{"@type":"Organization","@id":"https:\/\/www.ferroplan.fi\/#organization","name":"Ferroplan Oy","url":"https:\/\/www.ferroplan.fi\/","logo":{"@type":"ImageObject","inLanguage":"de","@id":"https:\/\/www.ferroplan.fi\/#\/schema\/logo\/image\/","url":"https:\/\/www.ferroplan.fi\/fp2024\/wp-content\/uploads\/2024\/06\/Ferroplan_logo-puna-harmaa-valko-RGB.png","contentUrl":"https:\/\/www.ferroplan.fi\/fp2024\/wp-content\/uploads\/2024\/06\/Ferroplan_logo-puna-harmaa-valko-RGB.png","width":255,"height":56,"caption":"Ferroplan Oy"},"image":{"@id":"https:\/\/www.ferroplan.fi\/#\/schema\/logo\/image\/"},"sameAs":["https:\/\/www.facebook.com\/Ferroplan","https:\/\/www.linkedin.com\/company\/ferroplan-oy"]}]}},"_links":{"self":[{"href":"https:\/\/www.ferroplan.fi\/de\/wp-json\/wp\/v2\/pages\/51","targetHints":{"allow":["GET"]}}],"collection":[{"href":"https:\/\/www.ferroplan.fi\/de\/wp-json\/wp\/v2\/pages"}],"about":[{"href":"https:\/\/www.ferroplan.fi\/de\/wp-json\/wp\/v2\/types\/page"}],"author":[{"embeddable":true,"href":"https:\/\/www.ferroplan.fi\/de\/wp-json\/wp\/v2\/users\/1"}],"replies":[{"embeddable":true,"href":"https:\/\/www.ferroplan.fi\/de\/wp-json\/wp\/v2\/comments?post=51"}],"version-history":[{"count":16,"href":"https:\/\/www.ferroplan.fi\/de\/wp-json\/wp\/v2\/pages\/51\/revisions"}],"predecessor-version":[{"id":1369,"href":"https:\/\/www.ferroplan.fi\/de\/wp-json\/wp\/v2\/pages\/51\/revisions\/1369"}],"wp:attachment":[{"href":"https:\/\/www.ferroplan.fi\/de\/wp-json\/wp\/v2\/media?parent=51"}],"curies":[{"name":"wp","href":"https:\/\/api.w.org\/{rel}","templated":true}]}}