{"id":55,"date":"2024-06-18T10:15:29","date_gmt":"2024-06-18T07:15:29","guid":{"rendered":"https:\/\/www.ferroplan.fi\/fp2024\/?page_id=55"},"modified":"2025-07-01T08:06:47","modified_gmt":"2025-07-01T05:06:47","slug":"warehouse-solutions","status":"publish","type":"page","link":"https:\/\/www.ferroplan.fi\/de\/lagerlosungen\/","title":{"rendered":"Lagerl\u00f6sungen"},"content":{"rendered":"<div style=\"height:3rem\" aria-hidden=\"true\" class=\"wp-block-spacer\"><\/div>\n\n\n\n<div class=\"wp-block-columns product-columns is-layout-flex wp-container-core-columns-is-layout-9d6595d7 wp-block-columns-is-layout-flex\">\n<div class=\"wp-block-column is-layout-flow wp-block-column-is-layout-flow\">\n<figure class=\"wp-block-image size-full\"><img loading=\"lazy\" decoding=\"async\" width=\"845\" height=\"655\" src=\"https:\/\/www.ferroplan.fi\/fp2024\/wp-content\/uploads\/2024\/06\/warehouse-solutions-tuotekuva-845x655px.jpg\" alt=\"Lagerl\u00f6sungen\" class=\"wp-image-455\" srcset=\"https:\/\/www.ferroplan.fi\/fp2024\/wp-content\/uploads\/2024\/06\/warehouse-solutions-tuotekuva-845x655px.jpg 845w, https:\/\/www.ferroplan.fi\/fp2024\/wp-content\/uploads\/2024\/06\/warehouse-solutions-tuotekuva-845x655px-300x233.jpg 300w, https:\/\/www.ferroplan.fi\/fp2024\/wp-content\/uploads\/2024\/06\/warehouse-solutions-tuotekuva-845x655px-768x595.jpg 768w, https:\/\/www.ferroplan.fi\/fp2024\/wp-content\/uploads\/2024\/06\/warehouse-solutions-tuotekuva-845x655px-15x12.jpg 15w\" sizes=\"auto, (max-width: 845px) 100vw, 845px\" \/><\/figure>\n<\/div>\n\n\n\n<div class=\"wp-block-column product-hero-container has-contrast-3-background-color has-background is-layout-flow wp-block-column-is-layout-flow\">\n<h6 class=\"wp-block-heading\">Effiziente und ma\u00dfgeschneiderte Lagerl\u00f6sungen von Ferroplan<\/h6>\n\n\n\n<h1 class=\"wp-block-heading\">Lagerl\u00f6sungen<\/h1>\n\n\n\n<div style=\"height:1rem\" aria-hidden=\"true\" class=\"wp-block-spacer\"><\/div>\n\n\n\n<p class=\"ingress\">Sind Sie auf der Suche nach der perfekten Lagerl\u00f6sung f\u00fcr Ihre  betrieblichen Anforderungen?<\/p>\n\n\n\n<p>Ferroplan bietet Ihnen ma\u00dfgeschneiderte Lagersysteme, die perfekt auf die individuellen Anforderungen Ihres Unternehmens abgestimmt sind. Unser Expertenteam unterst\u00fctzt Sie bei der Suche nach der besten L\u00f6sung, sei es f\u00fcr Paletten, Stapel, Rollen oder andere Lagergebinde.<\/p>\n\n\n\n<div style=\"height:1rem\" aria-hidden=\"true\" class=\"wp-block-spacer\"><\/div>\n\n\n\n<div class=\"wp-block-buttons is-layout-flex wp-block-buttons-is-layout-flex\">\n<div class=\"wp-block-button\"><a class=\"wp-block-button__link wp-element-button\" href=\"https:\/\/www.ferroplan.fi\/de\/kontakt\/\">Kontakt<\/a><\/div>\n\n\n\n<div class=\"wp-block-button\"><a class=\"wp-block-button__link wp-element-button\" href=\"https:\/\/www.ferroplan.fi\/de\/vertical-conveyor-boosted-alfarocs-warehouse-efficiency\/\">Case Alfaroc<\/a><\/div>\n<\/div>\n<\/div>\n<\/div>\n\n\n\n<div style=\"height:5rem\" aria-hidden=\"true\" class=\"wp-block-spacer\"><\/div>\n\n\n\n<div class=\"wp-block-cover cover-full cover-product\" style=\"min-height:750px;aspect-ratio:unset;\"><img loading=\"lazy\" decoding=\"async\" width=\"1920\" height=\"740\" class=\"wp-block-cover__image-background wp-image-1152\" alt=\"Lagerl\u00f6sungen\" src=\"https:\/\/www.ferroplan.fi\/fp2024\/wp-content\/uploads\/2024\/12\/warehouse-solution-ferroplan.png\" style=\"object-position:81% 61%\" data-object-fit=\"cover\" data-object-position=\"81% 61%\" srcset=\"https:\/\/www.ferroplan.fi\/fp2024\/wp-content\/uploads\/2024\/12\/warehouse-solution-ferroplan.png 1920w, https:\/\/www.ferroplan.fi\/fp2024\/wp-content\/uploads\/2024\/12\/warehouse-solution-ferroplan-300x116.png 300w, https:\/\/www.ferroplan.fi\/fp2024\/wp-content\/uploads\/2024\/12\/warehouse-solution-ferroplan-1024x395.png 1024w, https:\/\/www.ferroplan.fi\/fp2024\/wp-content\/uploads\/2024\/12\/warehouse-solution-ferroplan-768x296.png 768w, https:\/\/www.ferroplan.fi\/fp2024\/wp-content\/uploads\/2024\/12\/warehouse-solution-ferroplan-1536x592.png 1536w, https:\/\/www.ferroplan.fi\/fp2024\/wp-content\/uploads\/2024\/12\/warehouse-solution-ferroplan-18x7.png 18w\" sizes=\"auto, (max-width: 1920px) 100vw, 1920px\" \/><span aria-hidden=\"true\" class=\"wp-block-cover__background has-background-dim-0 has-background-dim\" style=\"background-color:#59554f\"><\/span><div class=\"wp-block-cover__inner-container is-layout-constrained wp-block-cover-is-layout-constrained\">\n<div style=\"height:2rem\" aria-hidden=\"true\" class=\"wp-block-spacer\"><\/div>\n\n\n\n<h2 class=\"wp-block-heading\">Lagersysteme von Ferroplan sind f\u00fcr eine breite Palette von Produkten geeignet.<\/h2>\n\n\n\n<h4 class=\"wp-block-heading\">Alle von uns konzipierten Lagerl\u00f6sungen k\u00f6nnen auch in Produktionssteuerungssysteme integriert werden und werden mit einer komfortablen Lagerverwaltungssoftware angeboten.<\/h4>\n\n\n\n<div style=\"height:2rem\" aria-hidden=\"true\" class=\"wp-block-spacer\"><\/div>\n\n\n\n<div class=\"wp-block-group is-nowrap is-layout-flex wp-container-core-group-is-layout-ad2f72ca wp-block-group-is-layout-flex\">\n<figure class=\"wp-block-image size-full is-resized\"><img loading=\"lazy\" decoding=\"async\" width=\"300\" height=\"300\" src=\"https:\/\/www.ferroplan.fi\/fp2024\/wp-content\/uploads\/2024\/11\/Ok-300x300-2.png\" alt=\"\" class=\"wp-image-1037\" style=\"width:60px\" srcset=\"https:\/\/www.ferroplan.fi\/fp2024\/wp-content\/uploads\/2024\/11\/Ok-300x300-2.png 300w, https:\/\/www.ferroplan.fi\/fp2024\/wp-content\/uploads\/2024\/11\/Ok-300x300-2-150x150.png 150w, https:\/\/www.ferroplan.fi\/fp2024\/wp-content\/uploads\/2024\/11\/Ok-300x300-2-12x12.png 12w\" sizes=\"auto, (max-width: 300px) 100vw, 300px\" \/><\/figure>\n\n\n\n<p>Lagersysteme von Ferroplan sind f\u00fcr eine breite Palette von Produkten geeignet. Und nicht nur das: Sie lassen sich auch in Produktionssteuerungssysteme integrieren und sind mit einer komfortablen Lagerverwaltungssoftware erh\u00e4ltlich.<\/p>\n<\/div>\n\n\n\n<div style=\"height:2rem\" aria-hidden=\"true\" class=\"wp-block-spacer\"><\/div>\n\n\n\n<div class=\"wp-block-group is-nowrap is-layout-flex wp-container-core-group-is-layout-ad2f72ca wp-block-group-is-layout-flex\">\n<figure class=\"wp-block-image size-full is-resized wp-container-content-9cfa9a5a\"><img loading=\"lazy\" decoding=\"async\" width=\"300\" height=\"300\" src=\"https:\/\/www.ferroplan.fi\/fp2024\/wp-content\/uploads\/2024\/11\/Ok-300x300-2.png\" alt=\"\" class=\"wp-image-1037\" style=\"width:60px\" srcset=\"https:\/\/www.ferroplan.fi\/fp2024\/wp-content\/uploads\/2024\/11\/Ok-300x300-2.png 300w, https:\/\/www.ferroplan.fi\/fp2024\/wp-content\/uploads\/2024\/11\/Ok-300x300-2-150x150.png 150w, https:\/\/www.ferroplan.fi\/fp2024\/wp-content\/uploads\/2024\/11\/Ok-300x300-2-12x12.png 12w\" sizes=\"auto, (max-width: 300px) 100vw, 300px\" \/><\/figure>\n\n\n\n<p>M\u00f6chten Sie mehr \u00fcber unsere Lagerl\u00f6sungen erfahren oder haben Sie Fragen zu individuellen Anforderungen? Wenden Sie sich an unser kompetentes Team. Wir helfen Ihnen gerne beim Aufbau einer optimalen Lagerl\u00f6sung f\u00fcr Ihre gesch\u00e4ftlichen Bed\u00fcrfnisse.<\/p>\n<\/div>\n\n\n\n<div style=\"height:2rem\" aria-hidden=\"true\" class=\"wp-block-spacer\"><\/div>\n<\/div><\/div>\n\n\n\n<div style=\"height:7rem\" aria-hidden=\"true\" class=\"wp-block-spacer\"><\/div>\n\n\n\n<div class=\"wp-block-cover cover-full cover-light-grey cover-product-applications\"><span aria-hidden=\"true\" class=\"wp-block-cover__background has-contrast-3-background-color has-background-dim-100 has-background-dim\"><\/span><div class=\"wp-block-cover__inner-container is-layout-constrained wp-block-cover-is-layout-constrained\">\n<div style=\"height:7rem\" aria-hidden=\"true\" class=\"wp-block-spacer\"><\/div>\n\n\n\n<h2 class=\"wp-block-heading has-text-align-center\">Beispiele f\u00fcr von uns angebotene Lagersysteme<\/h2>\n\n\n\n<div style=\"height:3rem\" aria-hidden=\"true\" class=\"wp-block-spacer\"><\/div>\n\n\n\n<div class=\"wp-block-columns no-mb is-layout-flex wp-container-core-columns-is-layout-9d6595d7 wp-block-columns-is-layout-flex\">\n<div class=\"wp-block-column is-layout-flow wp-block-column-is-layout-flow\">\n<h2 class=\"wp-block-heading\">System zur Lagerung von Blechpaketen<\/h2>\n\n\n\n<div style=\"height:1rem\" aria-hidden=\"true\" class=\"wp-block-spacer\"><\/div>\n\n\n\n<ul class=\"wp-block-list\">\n<li>90\u00a0Lagerpl\u00e4tze f\u00fcr Blechpakete auf Paletten<\/li>\n\n\n\n<li>Maximale Stapelabmessungen (B\u00a0x\u00a0L\u00a0x\u00a0H): 3.000 x 2.000 x 210\u00a0mm<\/li>\n\n\n\n<li>Fl\u00e4chenbedarf ca. 250\u00a0m2<\/li>\n\n\n\n<li>H\u00f6henbedarf ca. 4.500\u00a0mm<\/li>\n\n\n\n<li class=\" translation-block\">Zuf\u00f6rderung mit automatischem Portalsystem <br>(Umsetzen von Palette auf Holzpalette)<\/li>\n\n\n\n<li>Abf\u00f6rderung durch F\u00f6rderer<\/li>\n<\/ul>\n<\/div>\n\n\n\n<div class=\"wp-block-column is-layout-flow wp-block-column-is-layout-flow\">\n<h2 class=\"wp-block-heading\">System zur Lagerung von Reifenrohlingen<\/h2>\n\n\n\n<div style=\"height:1rem\" aria-hidden=\"true\" class=\"wp-block-spacer\"><\/div>\n\n\n\n<ul class=\"wp-block-list\">\n<li>Ca. 350\u00a0Lagerpl\u00e4tze f\u00fcr Reifenrohlinge oder \u00e4hnliche zylindrische Produkte<\/li>\n\n\n\n<li>Lagerhandling mit drei Portalrobotern und Anschlussf\u00f6rderern<\/li>\n\n\n\n<li>Maximale Produktabmessungen: L\u00e4nge = 2.000\u00a0mm, Durchmesser = 1.250\u00a0mm<\/li>\n\n\n\n<li>Fl\u00e4chenbedarf ca. 800\u00a0m2<\/li>\n\n\n\n<li>H\u00f6henbedarf ca. 3.500\u00a0mm<\/li>\n\n\n\n<li>Beladung mit fahrerlosem Transportfahrzeug (FTF)<\/li>\n\n\n\n<li>Entladung mit FTF oder Handtrolly<\/li>\n<\/ul>\n<\/div>\n<\/div>\n\n\n\n<div style=\"height:5rem\" aria-hidden=\"true\" class=\"wp-block-spacer\"><\/div>\n<\/div><\/div>\n\n\n\n<div style=\"height:5rem\" aria-hidden=\"true\" class=\"wp-block-spacer\"><\/div>\n\n\n\n<p class=\"has-text-align-center ingress\">M\u00f6chten Sie mehr \u00fcber unsere Lagerl\u00f6sungen erfahren oder haben Sie Fragen zu individuellen Anforderungen? Wenden Sie sich an unser kompetentes Team. Wir helfen Ihnen gerne beim Aufbau einer optimalen Lagerl\u00f6sung f\u00fcr Ihre gesch\u00e4ftlichen Bed\u00fcrfnisse.<\/p>\n\n\n\n<div style=\"height:5rem\" aria-hidden=\"true\" class=\"wp-block-spacer\"><\/div>\n\n\n\n<div class=\"wp-block-buttons is-content-justification-center is-layout-flex wp-container-core-buttons-is-layout-16018d1d wp-block-buttons-is-layout-flex\">\n<div class=\"wp-block-button\"><a class=\"wp-block-button__link wp-element-button\" href=\"https:\/\/www.ferroplan.fi\/de\/kontakt\/\">Kontaktanfrage hinterlassen<\/a><\/div>\n<\/div>\n\n\n\n<div style=\"height:5rem\" aria-hidden=\"true\" class=\"wp-block-spacer\"><\/div>","protected":false},"excerpt":{"rendered":"<p>Efficient and customized solutions from Ferroplan Warehouse Solutions Are you searching for the perfect warehouse solution for your business needs? Ferroplan offers customized warehouse systems designed to meet your specific business requirements. Our team of experts will assist you in finding the best solution, whether it&#8217;s for pallets, sheet stacks, rolls, or other storage-demanding products. &#8230; <a title=\"Lagerl\u00f6sungen\" class=\"read-more\" href=\"https:\/\/www.ferroplan.fi\/de\/lagerlosungen\/\" aria-label=\"Mehr Informationen \u00fcber Warehouse Solutions\">Weiterlesen<\/a><\/p>","protected":false},"author":1,"featured_media":0,"parent":0,"menu_order":0,"comment_status":"closed","ping_status":"closed","template":"","meta":{"_acf_changed":false,"footnotes":""},"class_list":["post-55","page","type-page","status-publish"],"acf":[],"yoast_head":"<!-- This site is optimized with the Yoast SEO plugin v23.6 - https:\/\/yoast.com\/wordpress\/plugins\/seo\/ -->\n<title>Warehouse Solutions - Ferroplan Oy<\/title>\n<meta name=\"description\" content=\"Warehouse solutions can be integrated into production control systems and are available with convenient warehouse management software.\" \/>\n<meta name=\"robots\" content=\"index, follow, max-snippet:-1, max-image-preview:large, max-video-preview:-1\" \/>\n<link rel=\"canonical\" href=\"https:\/\/www.ferroplan.fi\/de\/varastoratkaisut\/\" \/>\n<meta property=\"og:locale\" content=\"de_DE\" \/>\n<meta property=\"og:type\" content=\"article\" \/>\n<meta property=\"og:title\" content=\"Warehouse Solutions - Ferroplan Oy\" \/>\n<meta property=\"og:description\" content=\"Warehouse solutions can be integrated into production control systems and are available with convenient warehouse management software.\" \/>\n<meta property=\"og:url\" content=\"https:\/\/www.ferroplan.fi\/de\/varastoratkaisut\/\" \/>\n<meta property=\"og:site_name\" content=\"Ferroplan Oy\" \/>\n<meta property=\"article:publisher\" content=\"https:\/\/www.facebook.com\/Ferroplan\" \/>\n<meta property=\"article:modified_time\" content=\"2025-07-01T05:06:47+00:00\" \/>\n<meta property=\"og:image\" content=\"https:\/\/www.ferroplan.fi\/fp2024\/wp-content\/uploads\/2024\/06\/warehouse-solutions-tuotekuva-845x655px.jpg\" \/>\n\t<meta property=\"og:image:width\" content=\"845\" \/>\n\t<meta property=\"og:image:height\" content=\"655\" \/>\n\t<meta property=\"og:image:type\" content=\"image\/jpeg\" \/>\n<meta name=\"twitter:card\" content=\"summary_large_image\" \/>\n<meta name=\"twitter:label1\" content=\"Gesch\u00e4tzte Lesezeit\" \/>\n\t<meta name=\"twitter:data1\" content=\"3\u00a0Minuten\" \/>\n<script type=\"application\/ld+json\" class=\"yoast-schema-graph\">{\"@context\":\"https:\/\/schema.org\",\"@graph\":[{\"@type\":\"WebPage\",\"@id\":\"https:\/\/www.ferroplan.fi\/varastoratkaisut\/\",\"url\":\"https:\/\/www.ferroplan.fi\/varastoratkaisut\/\",\"name\":\"Warehouse Solutions - Ferroplan Oy\",\"isPartOf\":{\"@id\":\"https:\/\/www.ferroplan.fi\/#website\"},\"primaryImageOfPage\":{\"@id\":\"https:\/\/www.ferroplan.fi\/varastoratkaisut\/#primaryimage\"},\"image\":{\"@id\":\"https:\/\/www.ferroplan.fi\/varastoratkaisut\/#primaryimage\"},\"thumbnailUrl\":\"https:\/\/www.ferroplan.fi\/fp2024\/wp-content\/uploads\/2024\/06\/warehouse-solutions-tuotekuva-845x655px.jpg\",\"datePublished\":\"2024-06-18T07:15:29+00:00\",\"dateModified\":\"2025-07-01T05:06:47+00:00\",\"description\":\"Warehouse solutions can be integrated into production control systems and are available with convenient warehouse management software.\",\"breadcrumb\":{\"@id\":\"https:\/\/www.ferroplan.fi\/varastoratkaisut\/#breadcrumb\"},\"inLanguage\":\"de\",\"potentialAction\":[{\"@type\":\"ReadAction\",\"target\":[\"https:\/\/www.ferroplan.fi\/varastoratkaisut\/\"]}]},{\"@type\":\"ImageObject\",\"inLanguage\":\"de\",\"@id\":\"https:\/\/www.ferroplan.fi\/varastoratkaisut\/#primaryimage\",\"url\":\"https:\/\/www.ferroplan.fi\/fp2024\/wp-content\/uploads\/2024\/06\/warehouse-solutions-tuotekuva-845x655px.jpg\",\"contentUrl\":\"https:\/\/www.ferroplan.fi\/fp2024\/wp-content\/uploads\/2024\/06\/warehouse-solutions-tuotekuva-845x655px.jpg\"},{\"@type\":\"BreadcrumbList\",\"@id\":\"https:\/\/www.ferroplan.fi\/varastoratkaisut\/#breadcrumb\",\"itemListElement\":[{\"@type\":\"ListItem\",\"position\":1,\"name\":\"Home\",\"item\":\"https:\/\/www.ferroplan.fi\/\"},{\"@type\":\"ListItem\",\"position\":2,\"name\":\"Warehouse Solutions\"}]},{\"@type\":\"WebSite\",\"@id\":\"https:\/\/www.ferroplan.fi\/#website\",\"url\":\"https:\/\/www.ferroplan.fi\/\",\"name\":\"Ferroplan Oy\",\"description\":\"\",\"publisher\":{\"@id\":\"https:\/\/www.ferroplan.fi\/#organization\"},\"potentialAction\":[{\"@type\":\"SearchAction\",\"target\":{\"@type\":\"EntryPoint\",\"urlTemplate\":\"https:\/\/www.ferroplan.fi\/?s={search_term_string}\"},\"query-input\":{\"@type\":\"PropertyValueSpecification\",\"valueRequired\":true,\"valueName\":\"search_term_string\"}}],\"inLanguage\":\"de\"},{\"@type\":\"Organization\",\"@id\":\"https:\/\/www.ferroplan.fi\/#organization\",\"name\":\"Ferroplan Oy\",\"url\":\"https:\/\/www.ferroplan.fi\/\",\"logo\":{\"@type\":\"ImageObject\",\"inLanguage\":\"de\",\"@id\":\"https:\/\/www.ferroplan.fi\/#\/schema\/logo\/image\/\",\"url\":\"https:\/\/www.ferroplan.fi\/fp2024\/wp-content\/uploads\/2024\/06\/Ferroplan_logo-puna-harmaa-valko-RGB.png\",\"contentUrl\":\"https:\/\/www.ferroplan.fi\/fp2024\/wp-content\/uploads\/2024\/06\/Ferroplan_logo-puna-harmaa-valko-RGB.png\",\"width\":255,\"height\":56,\"caption\":\"Ferroplan Oy\"},\"image\":{\"@id\":\"https:\/\/www.ferroplan.fi\/#\/schema\/logo\/image\/\"},\"sameAs\":[\"https:\/\/www.facebook.com\/Ferroplan\",\"https:\/\/www.linkedin.com\/company\/ferroplan-oy\"]}]}<\/script>\n<!-- \/ Yoast SEO plugin. -->","yoast_head_json":{"title":"Warehouse Solutions - Ferroplan Oy","description":"Warehouse solutions can be integrated into production control systems and are available with convenient warehouse management software.","robots":{"index":"index","follow":"follow","max-snippet":"max-snippet:-1","max-image-preview":"max-image-preview:large","max-video-preview":"max-video-preview:-1"},"canonical":"https:\/\/www.ferroplan.fi\/de\/varastoratkaisut\/","og_locale":"de_DE","og_type":"article","og_title":"Warehouse Solutions - Ferroplan Oy","og_description":"Warehouse solutions can be integrated into production control systems and are available with convenient warehouse management software.","og_url":"https:\/\/www.ferroplan.fi\/de\/varastoratkaisut\/","og_site_name":"Ferroplan Oy","article_publisher":"https:\/\/www.facebook.com\/Ferroplan","article_modified_time":"2025-07-01T05:06:47+00:00","og_image":[{"width":845,"height":655,"url":"https:\/\/www.ferroplan.fi\/fp2024\/wp-content\/uploads\/2024\/06\/warehouse-solutions-tuotekuva-845x655px.jpg","type":"image\/jpeg"}],"twitter_card":"summary_large_image","twitter_misc":{"Gesch\u00e4tzte Lesezeit":"3\u00a0Minuten"},"schema":{"@context":"https:\/\/schema.org","@graph":[{"@type":"WebPage","@id":"https:\/\/www.ferroplan.fi\/varastoratkaisut\/","url":"https:\/\/www.ferroplan.fi\/varastoratkaisut\/","name":"Warehouse Solutions - Ferroplan Oy","isPartOf":{"@id":"https:\/\/www.ferroplan.fi\/#website"},"primaryImageOfPage":{"@id":"https:\/\/www.ferroplan.fi\/varastoratkaisut\/#primaryimage"},"image":{"@id":"https:\/\/www.ferroplan.fi\/varastoratkaisut\/#primaryimage"},"thumbnailUrl":"https:\/\/www.ferroplan.fi\/fp2024\/wp-content\/uploads\/2024\/06\/warehouse-solutions-tuotekuva-845x655px.jpg","datePublished":"2024-06-18T07:15:29+00:00","dateModified":"2025-07-01T05:06:47+00:00","description":"Warehouse solutions can be integrated into production control systems and are available with convenient warehouse management software.","breadcrumb":{"@id":"https:\/\/www.ferroplan.fi\/varastoratkaisut\/#breadcrumb"},"inLanguage":"de","potentialAction":[{"@type":"ReadAction","target":["https:\/\/www.ferroplan.fi\/varastoratkaisut\/"]}]},{"@type":"ImageObject","inLanguage":"de","@id":"https:\/\/www.ferroplan.fi\/varastoratkaisut\/#primaryimage","url":"https:\/\/www.ferroplan.fi\/fp2024\/wp-content\/uploads\/2024\/06\/warehouse-solutions-tuotekuva-845x655px.jpg","contentUrl":"https:\/\/www.ferroplan.fi\/fp2024\/wp-content\/uploads\/2024\/06\/warehouse-solutions-tuotekuva-845x655px.jpg"},{"@type":"BreadcrumbList","@id":"https:\/\/www.ferroplan.fi\/varastoratkaisut\/#breadcrumb","itemListElement":[{"@type":"ListItem","position":1,"name":"Home","item":"https:\/\/www.ferroplan.fi\/"},{"@type":"ListItem","position":2,"name":"Warehouse Solutions"}]},{"@type":"WebSite","@id":"https:\/\/www.ferroplan.fi\/#website","url":"https:\/\/www.ferroplan.fi\/","name":"Ferroplan Oy","description":"","publisher":{"@id":"https:\/\/www.ferroplan.fi\/#organization"},"potentialAction":[{"@type":"SearchAction","target":{"@type":"EntryPoint","urlTemplate":"https:\/\/www.ferroplan.fi\/?s={search_term_string}"},"query-input":{"@type":"PropertyValueSpecification","valueRequired":true,"valueName":"search_term_string"}}],"inLanguage":"de"},{"@type":"Organization","@id":"https:\/\/www.ferroplan.fi\/#organization","name":"Ferroplan Oy","url":"https:\/\/www.ferroplan.fi\/","logo":{"@type":"ImageObject","inLanguage":"de","@id":"https:\/\/www.ferroplan.fi\/#\/schema\/logo\/image\/","url":"https:\/\/www.ferroplan.fi\/fp2024\/wp-content\/uploads\/2024\/06\/Ferroplan_logo-puna-harmaa-valko-RGB.png","contentUrl":"https:\/\/www.ferroplan.fi\/fp2024\/wp-content\/uploads\/2024\/06\/Ferroplan_logo-puna-harmaa-valko-RGB.png","width":255,"height":56,"caption":"Ferroplan Oy"},"image":{"@id":"https:\/\/www.ferroplan.fi\/#\/schema\/logo\/image\/"},"sameAs":["https:\/\/www.facebook.com\/Ferroplan","https:\/\/www.linkedin.com\/company\/ferroplan-oy"]}]}},"_links":{"self":[{"href":"https:\/\/www.ferroplan.fi\/de\/wp-json\/wp\/v2\/pages\/55","targetHints":{"allow":["GET"]}}],"collection":[{"href":"https:\/\/www.ferroplan.fi\/de\/wp-json\/wp\/v2\/pages"}],"about":[{"href":"https:\/\/www.ferroplan.fi\/de\/wp-json\/wp\/v2\/types\/page"}],"author":[{"embeddable":true,"href":"https:\/\/www.ferroplan.fi\/de\/wp-json\/wp\/v2\/users\/1"}],"replies":[{"embeddable":true,"href":"https:\/\/www.ferroplan.fi\/de\/wp-json\/wp\/v2\/comments?post=55"}],"version-history":[{"count":16,"href":"https:\/\/www.ferroplan.fi\/de\/wp-json\/wp\/v2\/pages\/55\/revisions"}],"predecessor-version":[{"id":1419,"href":"https:\/\/www.ferroplan.fi\/de\/wp-json\/wp\/v2\/pages\/55\/revisions\/1419"}],"wp:attachment":[{"href":"https:\/\/www.ferroplan.fi\/de\/wp-json\/wp\/v2\/media?parent=55"}],"curies":[{"name":"wp","href":"https:\/\/api.w.org\/{rel}","templated":true}]}}