{"id":57,"date":"2024-06-18T10:15:40","date_gmt":"2024-06-18T07:15:40","guid":{"rendered":"https:\/\/www.ferroplan.fi\/fp2024\/?page_id=57"},"modified":"2025-06-26T07:59:08","modified_gmt":"2025-06-26T04:59:08","slug":"ferrocare-maintenance","status":"publish","type":"page","link":"https:\/\/www.ferroplan.fi\/de\/ferrocare-service\/","title":{"rendered":"FerroCare"},"content":{"rendered":"<div class=\"wp-block-cover cover-hero cover-full\" style=\"min-height:740px;aspect-ratio:unset;\"><img loading=\"lazy\" decoding=\"async\" width=\"1920\" height=\"740\" class=\"wp-block-cover__image-background wp-image-458\" alt=\"FerroCare maintenance service\" src=\"FerroCare service\" data-object-fit=\"cover\" srcset=\"\" sizes=\"auto, (max-width: 1920px) 100vw, 1920px\" data-srcset=\"\" \/><span aria-hidden=\"true\" class=\"wp-block-cover__background has-background-dim-0 has-background-dim\" style=\"background-color:#654d39\"><\/span><div class=\"wp-block-cover__inner-container is-layout-constrained wp-block-cover-is-layout-constrained\">\n<h1 class=\"wp-block-heading has-text-align-center\">FerroCare<\/h1>\n\n\n\n<h2 class=\"wp-block-heading has-text-align-center\">Mit dem FerroCare-Service m\u00f6chten wir einen m\u00f6glichst langen Lebenszyklus Ihrer Ferroplan-Produkte gew\u00e4hrleisten.<\/h2>\n\n\n\n<div class=\"wp-block-buttons is-content-justification-center is-layout-flex wp-container-core-buttons-is-layout-16018d1d wp-block-buttons-is-layout-flex\">\n<div class=\"wp-block-button\"><a class=\"wp-block-button__link wp-element-button\" href=\"#ferrocare_contact\">Kontakt<\/a><\/div>\n<\/div>\n<\/div><\/div>\n\n\n\n<div style=\"height:3rem\" aria-hidden=\"true\" class=\"wp-block-spacer\"><\/div>\n\n\n\n<h1 class=\"wp-block-heading has-text-align-center\">Wir K\u00fcmmern Uns Um Unsere Produkte<\/h1>\n\n\n\n<p class=\"has-text-align-center\">FerroCare provides reliable and professional support to ensure the best performance of Ferroplan conveyors.<br>Our maintenance services are the key to efficient and uninterrupted operation.<br>We offer a comprehensive range of maintenance services that not only ensure the reliability<br>of your Ferroplan conveyors but also optimize their performance.<br>You get comprehensive maintenance and spare parts services from us,<br>so you can focus on your core operations.<\/p>\n\n\n\n<div style=\"height:3rem\" aria-hidden=\"true\" class=\"wp-block-spacer\"><\/div>\n\n\n\n<div class=\"wp-block-cover cover-full cover-light-grey cover-red-header has-contrast-color has-text-color has-link-color wp-elements-8bfd013b069ba92fb8e8741183d6caac\" style=\"min-height:960px;aspect-ratio:unset;\" id=\"ferrocare_contact\"><span aria-hidden=\"true\" class=\"wp-block-cover__background has-contrast-3-background-color has-background-dim-100 has-background-dim\"><\/span><div class=\"wp-block-cover__inner-container is-layout-constrained wp-block-cover-is-layout-constrained\">\n<div style=\"height:7rem\" aria-hidden=\"true\" class=\"wp-block-spacer\"><\/div>\n\n\n\n<h1 class=\"wp-block-heading has-text-align-center\">FerroCare-Kontaktformular<\/h1>\n\n\n\n<p class=\"has-text-align-center translation-block\">Wenn Sie schnell Wartung oder Beratung zu F\u00f6rderl\u00f6sungen ben\u00f6tigen,<br> rufen Sie uns unter +358\u00a040\u00a0832\u00a03248 an, oder f\u00fcllen Sie das beigef\u00fcgte Formular aus.<\/p>\n\n\n<style id=\"wpforms-css-vars-root\">\n\t\t\t\t:root {\n\t\t\t\t\t--wpforms-field-border-radius: 3px;\n--wpforms-field-border-style: solid;\n--wpforms-field-border-size: 1px;\n--wpforms-field-background-color: #ffffff;\n--wpforms-field-border-color: rgba( 0, 0, 0, 0.25 );\n--wpforms-field-border-color-spare: rgba( 0, 0, 0, 0.25 );\n--wpforms-field-text-color: rgba( 0, 0, 0, 0.7 );\n--wpforms-field-menu-color: #ffffff;\n--wpforms-label-color: rgba( 0, 0, 0, 0.85 );\n--wpforms-label-sublabel-color: rgba( 0, 0, 0, 0.55 );\n--wpforms-label-error-color: #d63637;\n--wpforms-button-border-radius: 3px;\n--wpforms-button-border-style: none;\n--wpforms-button-border-size: 1px;\n--wpforms-button-background-color: #066aab;\n--wpforms-button-border-color: #066aab;\n--wpforms-button-text-color: #ffffff;\n--wpforms-page-break-color: #066aab;\n--wpforms-background-image: none;\n--wpforms-background-position: center center;\n--wpforms-background-repeat: no-repeat;\n--wpforms-background-size: cover;\n--wpforms-background-width: 100px;\n--wpforms-background-height: 100px;\n--wpforms-background-color: rgba( 0, 0, 0, 0 );\n--wpforms-background-url: none;\n--wpforms-container-padding: 0px;\n--wpforms-container-border-style: none;\n--wpforms-container-border-width: 1px;\n--wpforms-container-border-color: #000000;\n--wpforms-container-border-radius: 3px;\n--wpforms-field-size-input-height: 43px;\n--wpforms-field-size-input-spacing: 15px;\n--wpforms-field-size-font-size: 16px;\n--wpforms-field-size-line-height: 19px;\n--wpforms-field-size-padding-h: 14px;\n--wpforms-field-size-checkbox-size: 16px;\n--wpforms-field-size-sublabel-spacing: 5px;\n--wpforms-field-size-icon-size: 1;\n--wpforms-label-size-font-size: 16px;\n--wpforms-label-size-line-height: 19px;\n--wpforms-label-size-sublabel-font-size: 14px;\n--wpforms-label-size-sublabel-line-height: 17px;\n--wpforms-button-size-font-size: 17px;\n--wpforms-button-size-height: 41px;\n--wpforms-button-size-padding-h: 15px;\n--wpforms-button-size-margin-top: 10px;\n--wpforms-container-shadow-size-box-shadow: none;\n\n\t\t\t\t}\n\t\t\t<\/style><style id=\"wpforms-css-vars-465-block-7e2110d8-7a2a-4906-a628-5b1203f04a8c\">\n\t\t\t\t#wpforms-465.wpforms-block-7e2110d8-7a2a-4906-a628-5b1203f04a8c {\n\t\t\t\t\t--wpforms-label-color: var(--warm-orange);\n--wpforms-field-border-style: none;\n--wpforms-field-border-radius: 3rem;\n--wpforms-button-border-radius: 3rem;\n--wpforms-button-background-color: var(--accent);\n--wpforms-field-border-size: 0px;\n--wpforms-field-size-input-height: 50px;\n--wpforms-field-size-input-spacing: 20px;\n--wpforms-field-size-font-size: 18px;\n--wpforms-field-size-line-height: 21px;\n--wpforms-field-size-padding-h: 14px;\n--wpforms-field-size-checkbox-size: 18px;\n--wpforms-field-size-sublabel-spacing: 10px;\n--wpforms-field-size-icon-size: 1.25;\n--wpforms-label-size-font-size: 18px;\n--wpforms-label-size-line-height: 21px;\n--wpforms-label-size-sublabel-font-size: 16px;\n--wpforms-label-size-sublabel-line-height: 19px;\n--wpforms-button-size-font-size: 17px;\n--wpforms-button-size-height: 41px;\n--wpforms-button-size-padding-h: 15px;\n--wpforms-button-size-margin-top: 10px;\n--wpforms-container-shadow-size-box-shadow: none;\n\n\t\t\t\t}\n\t\t\t<\/style><div class=\"wpforms-container wpforms-container-full wpforms-block wpforms-block-7e2110d8-7a2a-4906-a628-5b1203f04a8c fp-contact-form wpforms-render-modern\" id=\"wpforms-465\"><form id=\"wpforms-form-465\" class=\"wpforms-validate wpforms-form wpforms-ajax-form\" data-formid=\"465\" method=\"post\" enctype=\"multipart\/form-data\" action=\"\/de\/wp-json\/wp\/v2\/pages\/57\" data-token=\"dcd9d0a1f8ada881e8c74d0bd46a8671\" data-token-time=\"1777779256\" data-trp-original-action=\"\/de\/wp-json\/wp\/v2\/pages\/57\"><noscript class=\"wpforms-error-noscript\">Bitte aktiviere JavaScript in deinem Browser, um dieses Formular fertigzustellen.<\/noscript><div class=\"wpforms-hidden\" id=\"wpforms-error-noscript\">Bitte aktiviere JavaScript in deinem Browser, um dieses Formular fertigzustellen.<\/div><div class=\"wpforms-field-container\"><div id=\"wpforms-465-field_1-container\" class=\"wpforms-field wpforms-field-layout\" data-field-id=\"1\"><div class=\"wpforms-field-layout-rows wpforms-field-large\"><div class=\"wpforms-layout-row\"><div class=\"wpforms-layout-column wpforms-layout-column-50\"><div id=\"wpforms-465-field_6-container\" class=\"wpforms-field wpforms-field-text\" data-field-id=\"6\"><label class=\"wpforms-field-label\" for=\"wpforms-465-field_6\">Vornamen <span class=\"wpforms-required-label\" aria-hidden=\"true\">*<\/span><\/label><input type=\"text\" id=\"wpforms-465-field_6\" class=\"wpforms-field-medium wpforms-field-required\" name=\"wpforms[fields][6]\" aria-errormessage=\"wpforms-465-field_6-error\" required><\/div><\/div><div class=\"wpforms-layout-column wpforms-layout-column-50\"><div id=\"wpforms-465-field_7-container\" class=\"wpforms-field wpforms-field-text\" data-field-id=\"7\"><label class=\"wpforms-field-label\" for=\"wpforms-465-field_7\">Nachname <span class=\"wpforms-required-label\" aria-hidden=\"true\">*<\/span><\/label><input type=\"text\" id=\"wpforms-465-field_7\" class=\"wpforms-field-medium wpforms-field-required\" name=\"wpforms[fields][7]\" aria-errormessage=\"wpforms-465-field_7-error\" required><\/div><\/div><\/div><div class=\"wpforms-layout-row\"><div class=\"wpforms-layout-column wpforms-layout-column-50\"><div id=\"wpforms-465-field_3-container\" class=\"wpforms-field wpforms-field-phone\" data-field-id=\"3\"><label class=\"wpforms-field-label\" for=\"wpforms-465-field_3\">Telefonnummer <span class=\"wpforms-required-label\" aria-hidden=\"true\">*<\/span><\/label><input type=\"tel\" id=\"wpforms-465-field_3\" class=\"wpforms-field-medium wpforms-field-required wpforms-smart-phone-field\" data-rule-smart-phone-field=\"true\" name=\"wpforms[fields][3]\" aria-label=\"Telefonnummer\" aria-errormessage=\"wpforms-465-field_3-error\" required><\/div><\/div><div class=\"wpforms-layout-column wpforms-layout-column-50\"><div id=\"wpforms-465-field_4-container\" class=\"wpforms-field wpforms-field-email\" data-field-id=\"4\"><label class=\"wpforms-field-label\" for=\"wpforms-465-field_4\">E-Mail <span class=\"wpforms-required-label\" aria-hidden=\"true\">*<\/span><\/label><input type=\"email\" id=\"wpforms-465-field_4\" class=\"wpforms-field-medium wpforms-field-required\" name=\"wpforms[fields][4]\" spellcheck=\"false\" aria-errormessage=\"wpforms-465-field_4-error\" required><\/div><\/div><\/div><\/div><\/div><div id=\"wpforms-465-field_5-container\" class=\"wpforms-field wpforms-field-textarea\" data-field-id=\"5\"><label class=\"wpforms-field-label\" for=\"wpforms-465-field_5\">Nachricht <span class=\"wpforms-required-label\" aria-hidden=\"true\">*<\/span><\/label><textarea id=\"wpforms-465-field_5\" class=\"wpforms-field-medium wpforms-field-required\" name=\"wpforms[fields][5]\" aria-errormessage=\"wpforms-465-field_5-error\" required><\/textarea><\/div><div id=\"wpforms-465-field_8-container\" class=\"wpforms-field wpforms-field-captcha\" data-field-id=\"8\"><label class=\"wpforms-field-label\" for=\"wpforms-465-field_8\">Spam-Pr\u00e4vention <span class=\"wpforms-required-label\" aria-hidden=\"true\">*<\/span><\/label>\t\t\t<div class=\"wpforms-captcha-math\">\n\t\t\t\t<span id=\"wpforms-465-field_8-question\" class=\"wpforms-captcha-equation\">\n\t\t\t\t\t<span class=\"n1\">5<\/span>\n\t\t\t\t\t\t\t<span class=\"cal\">*<\/span>\n\t\t\t\t\t\t\t<span class=\"n2\">8<\/span>\t\t\t\t\t<span class=\"e\">=<\/span>\n\t\t\t\t<\/span>\n\t\t\t\t<input type=\"text\" id=\"wpforms-465-field_8\" class=\"wpforms-field-medium wpforms-field-required a\" data-rule-wpf-captcha=\"math\" data-is-wrapped-field=\"1\" name=\"wpforms[fields][8][a]\" aria-errormessage=\"wpforms-465-field_8-error\" aria-describedby=\"wpforms-465-field_8-question\" required>\t\t\t\t<input type=\"hidden\" name=\"wpforms[fields][8][cal]\" class=\"cal\">\n\t\t\t\t<input type=\"hidden\" name=\"wpforms[fields][8][n2]\" class=\"n2\">\n\t\t\t\t<input type=\"hidden\" name=\"wpforms[fields][8][n1]\" class=\"n1\">\n\t\t\t<\/div>\n\t\t\t<\/div><\/div><!-- .wpforms-field-container --><div class=\"wpforms-recaptcha-container wpforms-is-recaptcha wpforms-is-recaptcha-type-invisible\" ><div class=\"g-recaptcha\" data-sitekey=\"6LcNNAUqAAAAAOZjCCdp_HDvQ7Cc8w6pA9m6Cfo9\" data-size=\"invisible\"><\/div><\/div><div class=\"wpforms-submit-container\" ><input type=\"hidden\" name=\"wpforms[id]\" value=\"465\"><input type=\"hidden\" name=\"page_title\" value=\"\"><input type=\"hidden\" name=\"page_url\" value=\"https:\/\/www.ferroplan.fi\/de\/wp-json\/wp\/v2\/pages\/57\"><button type=\"submit\" name=\"wpforms[submit]\" id=\"wpforms-submit-465\" class=\"wpforms-submit fp-contact-form-button\" data-alt-text=\"Sending...\" data-submit-text=\"Send support form\" aria-live=\"assertive\" value=\"wpforms-submit\">Supportformular senden<\/button><img loading=\"lazy\" decoding=\"async\" src=\"https:\/\/www.ferroplan.fi\/fp2024\/wp-content\/plugins\/wpforms\/assets\/images\/submit-spin.svg\" class=\"wpforms-submit-spinner\" style=\"display: none;\" width=\"26\" height=\"26\" alt=\"Wird geladen\"><\/div><input type=\"hidden\" name=\"trp-form-language\" value=\"de\"\/><\/form><\/div>  <!-- .wpforms-container -->\n\n\n<div style=\"height:5rem\" aria-hidden=\"true\" class=\"wp-block-spacer\"><\/div>\n<\/div><\/div>","protected":false},"excerpt":{"rendered":"<p>We take care of our products FerroCare provides reliable and professional support to ensure the best performance of Ferroplan conveyors.Our maintenance services are the key to efficient and uninterrupted operation.We offer a comprehensive range of maintenance services that not only ensure the reliabilityof your Ferroplan conveyors but also optimize their performance.You get comprehensive maintenance and &#8230; <a title=\"FerroCare\" class=\"read-more\" href=\"https:\/\/www.ferroplan.fi\/de\/ferrocare-service\/\" aria-label=\"Mehr Informationen \u00fcber FerroCare\">Weiterlesen<\/a><\/p>","protected":false},"author":1,"featured_media":0,"parent":0,"menu_order":0,"comment_status":"closed","ping_status":"closed","template":"","meta":{"_acf_changed":false,"footnotes":""},"class_list":["post-57","page","type-page","status-publish"],"acf":[],"yoast_head":"<!-- This site is optimized with the Yoast SEO plugin v23.6 - https:\/\/yoast.com\/wordpress\/plugins\/seo\/ -->\n<title>FerroCare - Ferroplan Oy<\/title>\n<meta name=\"description\" content=\"Comprehensive range of maintenance services that not only ensure the reliability of your conveyors but also optimize their performance.\" \/>\n<meta name=\"robots\" content=\"index, follow, max-snippet:-1, max-image-preview:large, max-video-preview:-1\" \/>\n<link rel=\"canonical\" href=\"https:\/\/www.ferroplan.fi\/de\/ferrocare-huolto\/\" \/>\n<meta property=\"og:locale\" content=\"de_DE\" \/>\n<meta property=\"og:type\" content=\"article\" \/>\n<meta property=\"og:title\" content=\"FerroCare - Ferroplan Oy\" \/>\n<meta property=\"og:description\" content=\"Comprehensive range of maintenance services that not only ensure the reliability of your conveyors but also optimize their performance.\" \/>\n<meta property=\"og:url\" content=\"https:\/\/www.ferroplan.fi\/de\/ferrocare-huolto\/\" \/>\n<meta property=\"og:site_name\" content=\"Ferroplan Oy\" \/>\n<meta property=\"article:publisher\" content=\"https:\/\/www.facebook.com\/Ferroplan\" \/>\n<meta property=\"article:modified_time\" content=\"2025-06-26T04:59:08+00:00\" \/>\n<meta property=\"og:image\" content=\"https:\/\/www.ferroplan.fi\/fp2024\/wp-content\/uploads\/2024\/06\/Paakuvat-1920x740px.jpg\" \/>\n\t<meta property=\"og:image:width\" content=\"1920\" \/>\n\t<meta property=\"og:image:height\" content=\"740\" \/>\n\t<meta property=\"og:image:type\" content=\"image\/jpeg\" \/>\n<meta name=\"twitter:card\" content=\"summary_large_image\" \/>\n<meta name=\"twitter:label1\" content=\"Gesch\u00e4tzte Lesezeit\" \/>\n\t<meta name=\"twitter:data1\" content=\"1\u00a0Minute\" \/>\n<script type=\"application\/ld+json\" class=\"yoast-schema-graph\">{\"@context\":\"https:\/\/schema.org\",\"@graph\":[{\"@type\":\"WebPage\",\"@id\":\"https:\/\/www.ferroplan.fi\/ferrocare-huolto\/\",\"url\":\"https:\/\/www.ferroplan.fi\/ferrocare-huolto\/\",\"name\":\"FerroCare - Ferroplan Oy\",\"isPartOf\":{\"@id\":\"https:\/\/www.ferroplan.fi\/#website\"},\"primaryImageOfPage\":{\"@id\":\"https:\/\/www.ferroplan.fi\/ferrocare-huolto\/#primaryimage\"},\"image\":{\"@id\":\"https:\/\/www.ferroplan.fi\/ferrocare-huolto\/#primaryimage\"},\"thumbnailUrl\":\"https:\/\/www.ferroplan.fi\/fp2024\/wp-content\/uploads\/2024\/06\/Paakuvat-1920x740px.jpg\",\"datePublished\":\"2024-06-18T07:15:40+00:00\",\"dateModified\":\"2025-06-26T04:59:08+00:00\",\"description\":\"Comprehensive range of maintenance services that not only ensure the reliability of your conveyors but also optimize their performance.\",\"breadcrumb\":{\"@id\":\"https:\/\/www.ferroplan.fi\/ferrocare-huolto\/#breadcrumb\"},\"inLanguage\":\"de\",\"potentialAction\":[{\"@type\":\"ReadAction\",\"target\":[\"https:\/\/www.ferroplan.fi\/ferrocare-huolto\/\"]}]},{\"@type\":\"ImageObject\",\"inLanguage\":\"de\",\"@id\":\"https:\/\/www.ferroplan.fi\/ferrocare-huolto\/#primaryimage\",\"url\":\"https:\/\/www.ferroplan.fi\/fp2024\/wp-content\/uploads\/2024\/06\/Paakuvat-1920x740px.jpg\",\"contentUrl\":\"https:\/\/www.ferroplan.fi\/fp2024\/wp-content\/uploads\/2024\/06\/Paakuvat-1920x740px.jpg\"},{\"@type\":\"BreadcrumbList\",\"@id\":\"https:\/\/www.ferroplan.fi\/ferrocare-huolto\/#breadcrumb\",\"itemListElement\":[{\"@type\":\"ListItem\",\"position\":1,\"name\":\"Home\",\"item\":\"https:\/\/www.ferroplan.fi\/\"},{\"@type\":\"ListItem\",\"position\":2,\"name\":\"FerroCare\"}]},{\"@type\":\"WebSite\",\"@id\":\"https:\/\/www.ferroplan.fi\/#website\",\"url\":\"https:\/\/www.ferroplan.fi\/\",\"name\":\"Ferroplan Oy\",\"description\":\"\",\"publisher\":{\"@id\":\"https:\/\/www.ferroplan.fi\/#organization\"},\"potentialAction\":[{\"@type\":\"SearchAction\",\"target\":{\"@type\":\"EntryPoint\",\"urlTemplate\":\"https:\/\/www.ferroplan.fi\/?s={search_term_string}\"},\"query-input\":{\"@type\":\"PropertyValueSpecification\",\"valueRequired\":true,\"valueName\":\"search_term_string\"}}],\"inLanguage\":\"de\"},{\"@type\":\"Organization\",\"@id\":\"https:\/\/www.ferroplan.fi\/#organization\",\"name\":\"Ferroplan Oy\",\"url\":\"https:\/\/www.ferroplan.fi\/\",\"logo\":{\"@type\":\"ImageObject\",\"inLanguage\":\"de\",\"@id\":\"https:\/\/www.ferroplan.fi\/#\/schema\/logo\/image\/\",\"url\":\"https:\/\/www.ferroplan.fi\/fp2024\/wp-content\/uploads\/2024\/06\/Ferroplan_logo-puna-harmaa-valko-RGB.png\",\"contentUrl\":\"https:\/\/www.ferroplan.fi\/fp2024\/wp-content\/uploads\/2024\/06\/Ferroplan_logo-puna-harmaa-valko-RGB.png\",\"width\":255,\"height\":56,\"caption\":\"Ferroplan Oy\"},\"image\":{\"@id\":\"https:\/\/www.ferroplan.fi\/#\/schema\/logo\/image\/\"},\"sameAs\":[\"https:\/\/www.facebook.com\/Ferroplan\",\"https:\/\/www.linkedin.com\/company\/ferroplan-oy\"]}]}<\/script>\n<!-- \/ Yoast SEO plugin. -->","yoast_head_json":{"title":"FerroCare - Ferroplan Oy","description":"Comprehensive range of maintenance services that not only ensure the reliability of your conveyors but also optimize their performance.","robots":{"index":"index","follow":"follow","max-snippet":"max-snippet:-1","max-image-preview":"max-image-preview:large","max-video-preview":"max-video-preview:-1"},"canonical":"https:\/\/www.ferroplan.fi\/de\/ferrocare-huolto\/","og_locale":"de_DE","og_type":"article","og_title":"FerroCare - Ferroplan Oy","og_description":"Comprehensive range of maintenance services that not only ensure the reliability of your conveyors but also optimize their performance.","og_url":"https:\/\/www.ferroplan.fi\/de\/ferrocare-huolto\/","og_site_name":"Ferroplan Oy","article_publisher":"https:\/\/www.facebook.com\/Ferroplan","article_modified_time":"2025-06-26T04:59:08+00:00","og_image":[{"width":1920,"height":740,"url":"https:\/\/www.ferroplan.fi\/fp2024\/wp-content\/uploads\/2024\/06\/Paakuvat-1920x740px.jpg","type":"image\/jpeg"}],"twitter_card":"summary_large_image","twitter_misc":{"Gesch\u00e4tzte Lesezeit":"1\u00a0Minute"},"schema":{"@context":"https:\/\/schema.org","@graph":[{"@type":"WebPage","@id":"https:\/\/www.ferroplan.fi\/ferrocare-huolto\/","url":"https:\/\/www.ferroplan.fi\/ferrocare-huolto\/","name":"FerroCare - Ferroplan Oy","isPartOf":{"@id":"https:\/\/www.ferroplan.fi\/#website"},"primaryImageOfPage":{"@id":"https:\/\/www.ferroplan.fi\/ferrocare-huolto\/#primaryimage"},"image":{"@id":"https:\/\/www.ferroplan.fi\/ferrocare-huolto\/#primaryimage"},"thumbnailUrl":"https:\/\/www.ferroplan.fi\/fp2024\/wp-content\/uploads\/2024\/06\/Paakuvat-1920x740px.jpg","datePublished":"2024-06-18T07:15:40+00:00","dateModified":"2025-06-26T04:59:08+00:00","description":"Comprehensive range of maintenance services that not only ensure the reliability of your conveyors but also optimize their performance.","breadcrumb":{"@id":"https:\/\/www.ferroplan.fi\/ferrocare-huolto\/#breadcrumb"},"inLanguage":"de","potentialAction":[{"@type":"ReadAction","target":["https:\/\/www.ferroplan.fi\/ferrocare-huolto\/"]}]},{"@type":"ImageObject","inLanguage":"de","@id":"https:\/\/www.ferroplan.fi\/ferrocare-huolto\/#primaryimage","url":"https:\/\/www.ferroplan.fi\/fp2024\/wp-content\/uploads\/2024\/06\/Paakuvat-1920x740px.jpg","contentUrl":"https:\/\/www.ferroplan.fi\/fp2024\/wp-content\/uploads\/2024\/06\/Paakuvat-1920x740px.jpg"},{"@type":"BreadcrumbList","@id":"https:\/\/www.ferroplan.fi\/ferrocare-huolto\/#breadcrumb","itemListElement":[{"@type":"ListItem","position":1,"name":"Home","item":"https:\/\/www.ferroplan.fi\/"},{"@type":"ListItem","position":2,"name":"FerroCare"}]},{"@type":"WebSite","@id":"https:\/\/www.ferroplan.fi\/#website","url":"https:\/\/www.ferroplan.fi\/","name":"Ferroplan Oy","description":"","publisher":{"@id":"https:\/\/www.ferroplan.fi\/#organization"},"potentialAction":[{"@type":"SearchAction","target":{"@type":"EntryPoint","urlTemplate":"https:\/\/www.ferroplan.fi\/?s={search_term_string}"},"query-input":{"@type":"PropertyValueSpecification","valueRequired":true,"valueName":"search_term_string"}}],"inLanguage":"de"},{"@type":"Organization","@id":"https:\/\/www.ferroplan.fi\/#organization","name":"Ferroplan Oy","url":"https:\/\/www.ferroplan.fi\/","logo":{"@type":"ImageObject","inLanguage":"de","@id":"https:\/\/www.ferroplan.fi\/#\/schema\/logo\/image\/","url":"https:\/\/www.ferroplan.fi\/fp2024\/wp-content\/uploads\/2024\/06\/Ferroplan_logo-puna-harmaa-valko-RGB.png","contentUrl":"https:\/\/www.ferroplan.fi\/fp2024\/wp-content\/uploads\/2024\/06\/Ferroplan_logo-puna-harmaa-valko-RGB.png","width":255,"height":56,"caption":"Ferroplan Oy"},"image":{"@id":"https:\/\/www.ferroplan.fi\/#\/schema\/logo\/image\/"},"sameAs":["https:\/\/www.facebook.com\/Ferroplan","https:\/\/www.linkedin.com\/company\/ferroplan-oy"]}]}},"_links":{"self":[{"href":"https:\/\/www.ferroplan.fi\/de\/wp-json\/wp\/v2\/pages\/57","targetHints":{"allow":["GET"]}}],"collection":[{"href":"https:\/\/www.ferroplan.fi\/de\/wp-json\/wp\/v2\/pages"}],"about":[{"href":"https:\/\/www.ferroplan.fi\/de\/wp-json\/wp\/v2\/types\/page"}],"author":[{"embeddable":true,"href":"https:\/\/www.ferroplan.fi\/de\/wp-json\/wp\/v2\/users\/1"}],"replies":[{"embeddable":true,"href":"https:\/\/www.ferroplan.fi\/de\/wp-json\/wp\/v2\/comments?post=57"}],"version-history":[{"count":18,"href":"https:\/\/www.ferroplan.fi\/de\/wp-json\/wp\/v2\/pages\/57\/revisions"}],"predecessor-version":[{"id":1398,"href":"https:\/\/www.ferroplan.fi\/de\/wp-json\/wp\/v2\/pages\/57\/revisions\/1398"}],"wp:attachment":[{"href":"https:\/\/www.ferroplan.fi\/de\/wp-json\/wp\/v2\/media?parent=57"}],"curies":[{"name":"wp","href":"https:\/\/api.w.org\/{rel}","templated":true}]}}