{"id":201,"date":"2024-06-21T10:41:26","date_gmt":"2024-06-21T07:41:26","guid":{"rendered":"https:\/\/www.ferroplan.fi\/fp2024\/?page_id=201"},"modified":"2025-07-09T08:48:02","modified_gmt":"2025-07-09T05:48:02","slug":"invoicing-details","status":"publish","type":"page","link":"https:\/\/www.ferroplan.fi\/fi\/laskutustiedot\/","title":{"rendered":"Laskutustiedot"},"content":{"rendered":"<div style=\"height:3rem\" aria-hidden=\"true\" class=\"wp-block-spacer\"><\/div>\n\n\n\n<h2 class=\"wp-block-heading\">Verkkolaskut<\/h2>\n\n\n\n<p>Ferroplan Oy hyv\u00e4ksyy ensisijaisesti s\u00e4hk\u00f6iset verkkolaskut. K\u00e4yt\u00e4 alla olevia tietoja:<\/p>\n\n\n\n<p><strong>Verkkolaskuosoite: 003706904131<br>Operator ID: 003701150617<br>Operator: PostNord Str\u00e5lfors Oy<\/strong><\/p>\n\n\n\n<div style=\"height:3rem\" aria-hidden=\"true\" class=\"wp-block-spacer\"><\/div>\n\n\n\n<h2 class=\"wp-block-heading\">S\u00e4hk\u00f6postilaskut<\/h2>\n\n\n\n<p>Mik\u00e4li ette pysty toimittamaan laskujanne verkkolaskuina, <br>pyyd\u00e4mme Teit\u00e4 l\u00e4hett\u00e4m\u00e4\u00e4n laskut\ns\u00e4hk\u00f6postitse osoitteeseen <strong>fi-mailinvoice@postnordscanning.com <\/strong>(yksi lasku per s\u00e4hk\u00f6posti)<\/p>\n\n\n\n<p>S\u00e4hk\u00f6postitse l\u00e4hetett\u00e4viss\u00e4 laskuissa tulee olla laskutusosoitteena:<\/p>\n\n\n\n<p><strong>Ferroplan Oy<br>PL 38813085<\/strong><br><strong>00019 SSC<\/strong><\/p>\n\n\n\n<div style=\"height:3rem\" aria-hidden=\"true\" class=\"wp-block-spacer\"><\/div>\n\n\n\n<h2 class=\"wp-block-heading\">Paperilaskut<\/h2>\n\n\n\n<p>Mik\u00e4li ette pysty toimittamaan laskujanne verkkolaskuina tai PDF-laskuina, tulee paperilaskut\npostittaa alla olevaan osoitteeseen:<\/p>\n\n\n\n<p><b>Ferroplan Oy<br><\/b><strong>PL 38813085<\/strong><br><strong>00019 SSC<\/strong><\/p>\n\n\n\n<div style=\"height:3rem\" aria-hidden=\"true\" class=\"wp-block-spacer\"><\/div>\n\n\n\n<p><strong>Pyyd\u00e4mme, ett\u00e4 yll\u00e4 oleviin osoitteisiin l\u00e4hetet\u00e4\u00e4n <mark style=\"background-color:rgba(0, 0, 0, 0)\" class=\"has-inline-color has-accent-color\">ainoastaan ostolaskujamme.<\/mark> Muut yhteydenotot <br>osoitteeseen ferroplan@ferroplan.fi<\/strong><\/p>\n\n\n\n<div style=\"height:3rem\" aria-hidden=\"true\" class=\"wp-block-spacer\"><\/div>","protected":false},"excerpt":{"rendered":"<p>Electronic invoices Ferroplan Oy accepts electronic invoices as a primary. Please use the information below: Online invoicing address: 003706904131Operator ID: 003701150617Operator: PostNord Str\u00e5lfors Oy Email invoices If you are unable to submit your invoices as online invoice, we ask you to send the invoices by email to fi-mailinvoice@postnordscanning.com (one invoice per email) Invoices sent by &#8230; <a title=\"Laskutustiedot\" class=\"read-more\" href=\"https:\/\/www.ferroplan.fi\/fi\/laskutustiedot\/\" aria-label=\"Lue lis\u00e4\u00e4 aiheesta Invoicing Details\">Lue lis\u00e4\u00e4<\/a><\/p>","protected":false},"author":1,"featured_media":0,"parent":0,"menu_order":0,"comment_status":"closed","ping_status":"closed","template":"","meta":{"_acf_changed":false,"footnotes":""},"class_list":["post-201","page","type-page","status-publish"],"acf":[],"yoast_head":"<!-- This site is optimized with the Yoast SEO plugin v23.6 - https:\/\/yoast.com\/wordpress\/plugins\/seo\/ -->\n<title>Invoicing Details - Ferroplan Oy<\/title>\n<meta name=\"robots\" content=\"index, follow, max-snippet:-1, max-image-preview:large, max-video-preview:-1\" \/>\n<link rel=\"canonical\" href=\"https:\/\/www.ferroplan.fi\/fi\/laskutustiedot\/\" \/>\n<meta property=\"og:locale\" content=\"fi_FI\" \/>\n<meta property=\"og:type\" content=\"article\" \/>\n<meta property=\"og:title\" content=\"Invoicing Details - Ferroplan Oy\" \/>\n<meta property=\"og:description\" content=\"Electronic invoices Ferroplan Oy accepts electronic invoices as a primary. Please use the information below: Online invoicing address: 003706904131Operator ID: 003701150617Operator: PostNord Str\u00e5lfors Oy Email invoices If you are unable to submit your invoices as online invoice, we ask you to send the invoices by email to fi-mailinvoice@postnordscanning.com (one invoice per email) Invoices sent by ... Lue lis\u00e4\u00e4\" \/>\n<meta property=\"og:url\" content=\"https:\/\/www.ferroplan.fi\/fi\/laskutustiedot\/\" \/>\n<meta property=\"og:site_name\" content=\"Ferroplan Oy\" \/>\n<meta property=\"article:publisher\" content=\"https:\/\/www.facebook.com\/Ferroplan\" \/>\n<meta property=\"article:modified_time\" content=\"2025-07-09T05:48:02+00:00\" \/>\n<meta name=\"twitter:card\" content=\"summary_large_image\" \/>\n<meta name=\"twitter:label1\" content=\"Arvioitu lukuaika\" \/>\n\t<meta name=\"twitter:data1\" content=\"1 minuutti\" \/>\n<script type=\"application\/ld+json\" class=\"yoast-schema-graph\">{\"@context\":\"https:\/\/schema.org\",\"@graph\":[{\"@type\":\"WebPage\",\"@id\":\"https:\/\/www.ferroplan.fi\/laskutustiedot\/\",\"url\":\"https:\/\/www.ferroplan.fi\/laskutustiedot\/\",\"name\":\"Invoicing Details - Ferroplan Oy\",\"isPartOf\":{\"@id\":\"https:\/\/www.ferroplan.fi\/#website\"},\"datePublished\":\"2024-06-21T07:41:26+00:00\",\"dateModified\":\"2025-07-09T05:48:02+00:00\",\"breadcrumb\":{\"@id\":\"https:\/\/www.ferroplan.fi\/laskutustiedot\/#breadcrumb\"},\"inLanguage\":\"fi\",\"potentialAction\":[{\"@type\":\"ReadAction\",\"target\":[\"https:\/\/www.ferroplan.fi\/laskutustiedot\/\"]}]},{\"@type\":\"BreadcrumbList\",\"@id\":\"https:\/\/www.ferroplan.fi\/laskutustiedot\/#breadcrumb\",\"itemListElement\":[{\"@type\":\"ListItem\",\"position\":1,\"name\":\"Home\",\"item\":\"https:\/\/www.ferroplan.fi\/\"},{\"@type\":\"ListItem\",\"position\":2,\"name\":\"Invoicing Details\"}]},{\"@type\":\"WebSite\",\"@id\":\"https:\/\/www.ferroplan.fi\/#website\",\"url\":\"https:\/\/www.ferroplan.fi\/\",\"name\":\"Ferroplan Oy\",\"description\":\"\",\"publisher\":{\"@id\":\"https:\/\/www.ferroplan.fi\/#organization\"},\"potentialAction\":[{\"@type\":\"SearchAction\",\"target\":{\"@type\":\"EntryPoint\",\"urlTemplate\":\"https:\/\/www.ferroplan.fi\/?s={search_term_string}\"},\"query-input\":{\"@type\":\"PropertyValueSpecification\",\"valueRequired\":true,\"valueName\":\"search_term_string\"}}],\"inLanguage\":\"fi\"},{\"@type\":\"Organization\",\"@id\":\"https:\/\/www.ferroplan.fi\/#organization\",\"name\":\"Ferroplan Oy\",\"url\":\"https:\/\/www.ferroplan.fi\/\",\"logo\":{\"@type\":\"ImageObject\",\"inLanguage\":\"fi\",\"@id\":\"https:\/\/www.ferroplan.fi\/#\/schema\/logo\/image\/\",\"url\":\"https:\/\/www.ferroplan.fi\/fp2024\/wp-content\/uploads\/2024\/06\/Ferroplan_logo-puna-harmaa-valko-RGB.png\",\"contentUrl\":\"https:\/\/www.ferroplan.fi\/fp2024\/wp-content\/uploads\/2024\/06\/Ferroplan_logo-puna-harmaa-valko-RGB.png\",\"width\":255,\"height\":56,\"caption\":\"Ferroplan Oy\"},\"image\":{\"@id\":\"https:\/\/www.ferroplan.fi\/#\/schema\/logo\/image\/\"},\"sameAs\":[\"https:\/\/www.facebook.com\/Ferroplan\",\"https:\/\/www.linkedin.com\/company\/ferroplan-oy\"]}]}<\/script>\n<!-- \/ Yoast SEO plugin. -->","yoast_head_json":{"title":"Invoicing Details - Ferroplan Oy","robots":{"index":"index","follow":"follow","max-snippet":"max-snippet:-1","max-image-preview":"max-image-preview:large","max-video-preview":"max-video-preview:-1"},"canonical":"https:\/\/www.ferroplan.fi\/fi\/laskutustiedot\/","og_locale":"fi_FI","og_type":"article","og_title":"Invoicing Details - Ferroplan Oy","og_description":"Electronic invoices Ferroplan Oy accepts electronic invoices as a primary. Please use the information below: Online invoicing address: 003706904131Operator ID: 003701150617Operator: PostNord Str\u00e5lfors Oy Email invoices If you are unable to submit your invoices as online invoice, we ask you to send the invoices by email to fi-mailinvoice@postnordscanning.com (one invoice per email) Invoices sent by ... Lue lis\u00e4\u00e4","og_url":"https:\/\/www.ferroplan.fi\/fi\/laskutustiedot\/","og_site_name":"Ferroplan Oy","article_publisher":"https:\/\/www.facebook.com\/Ferroplan","article_modified_time":"2025-07-09T05:48:02+00:00","twitter_card":"summary_large_image","twitter_misc":{"Arvioitu lukuaika":"1 minuutti"},"schema":{"@context":"https:\/\/schema.org","@graph":[{"@type":"WebPage","@id":"https:\/\/www.ferroplan.fi\/laskutustiedot\/","url":"https:\/\/www.ferroplan.fi\/laskutustiedot\/","name":"Invoicing Details - Ferroplan Oy","isPartOf":{"@id":"https:\/\/www.ferroplan.fi\/#website"},"datePublished":"2024-06-21T07:41:26+00:00","dateModified":"2025-07-09T05:48:02+00:00","breadcrumb":{"@id":"https:\/\/www.ferroplan.fi\/laskutustiedot\/#breadcrumb"},"inLanguage":"fi","potentialAction":[{"@type":"ReadAction","target":["https:\/\/www.ferroplan.fi\/laskutustiedot\/"]}]},{"@type":"BreadcrumbList","@id":"https:\/\/www.ferroplan.fi\/laskutustiedot\/#breadcrumb","itemListElement":[{"@type":"ListItem","position":1,"name":"Home","item":"https:\/\/www.ferroplan.fi\/"},{"@type":"ListItem","position":2,"name":"Invoicing Details"}]},{"@type":"WebSite","@id":"https:\/\/www.ferroplan.fi\/#website","url":"https:\/\/www.ferroplan.fi\/","name":"Ferroplan Oy","description":"","publisher":{"@id":"https:\/\/www.ferroplan.fi\/#organization"},"potentialAction":[{"@type":"SearchAction","target":{"@type":"EntryPoint","urlTemplate":"https:\/\/www.ferroplan.fi\/?s={search_term_string}"},"query-input":{"@type":"PropertyValueSpecification","valueRequired":true,"valueName":"search_term_string"}}],"inLanguage":"fi"},{"@type":"Organization","@id":"https:\/\/www.ferroplan.fi\/#organization","name":"Ferroplan Oy","url":"https:\/\/www.ferroplan.fi\/","logo":{"@type":"ImageObject","inLanguage":"fi","@id":"https:\/\/www.ferroplan.fi\/#\/schema\/logo\/image\/","url":"https:\/\/www.ferroplan.fi\/fp2024\/wp-content\/uploads\/2024\/06\/Ferroplan_logo-puna-harmaa-valko-RGB.png","contentUrl":"https:\/\/www.ferroplan.fi\/fp2024\/wp-content\/uploads\/2024\/06\/Ferroplan_logo-puna-harmaa-valko-RGB.png","width":255,"height":56,"caption":"Ferroplan Oy"},"image":{"@id":"https:\/\/www.ferroplan.fi\/#\/schema\/logo\/image\/"},"sameAs":["https:\/\/www.facebook.com\/Ferroplan","https:\/\/www.linkedin.com\/company\/ferroplan-oy"]}]}},"_links":{"self":[{"href":"https:\/\/www.ferroplan.fi\/fi\/wp-json\/wp\/v2\/pages\/201","targetHints":{"allow":["GET"]}}],"collection":[{"href":"https:\/\/www.ferroplan.fi\/fi\/wp-json\/wp\/v2\/pages"}],"about":[{"href":"https:\/\/www.ferroplan.fi\/fi\/wp-json\/wp\/v2\/types\/page"}],"author":[{"embeddable":true,"href":"https:\/\/www.ferroplan.fi\/fi\/wp-json\/wp\/v2\/users\/1"}],"replies":[{"embeddable":true,"href":"https:\/\/www.ferroplan.fi\/fi\/wp-json\/wp\/v2\/comments?post=201"}],"version-history":[{"count":10,"href":"https:\/\/www.ferroplan.fi\/fi\/wp-json\/wp\/v2\/pages\/201\/revisions"}],"predecessor-version":[{"id":989,"href":"https:\/\/www.ferroplan.fi\/fi\/wp-json\/wp\/v2\/pages\/201\/revisions\/989"}],"wp:attachment":[{"href":"https:\/\/www.ferroplan.fi\/fi\/wp-json\/wp\/v2\/media?parent=201"}],"curies":[{"name":"wp","href":"https:\/\/api.w.org\/{rel}","templated":true}]}}