{"id":47,"date":"2024-06-18T10:14:44","date_gmt":"2024-06-18T07:14:44","guid":{"rendered":"https:\/\/www.ferroplan.fi\/fp2024\/?page_id=47"},"modified":"2025-06-25T10:07:38","modified_gmt":"2025-06-25T07:07:38","slug":"chain-conveyor","status":"publish","type":"page","link":"https:\/\/www.ferroplan.fi\/fi\/ketjukuljettimet\/","title":{"rendered":"Ketjukuljettimet"},"content":{"rendered":"<div style=\"height:3rem\" aria-hidden=\"true\" class=\"wp-block-spacer\"><\/div>\n\n\n\n<div class=\"wp-block-columns product-columns is-layout-flex wp-container-core-columns-is-layout-9d6595d7 wp-block-columns-is-layout-flex\">\n<div class=\"wp-block-column is-layout-flow wp-block-column-is-layout-flow\">\n<figure class=\"wp-block-image size-full\"><img loading=\"lazy\" decoding=\"async\" width=\"845\" height=\"655\" src=\"https:\/\/www.ferroplan.fi\/fp2024\/wp-content\/uploads\/2024\/06\/chainconveyor-tuotekuva-845x655px.jpg\" alt=\"In this picture you can see a chain conveyor\" class=\"wp-image-451\" srcset=\"https:\/\/www.ferroplan.fi\/fp2024\/wp-content\/uploads\/2024\/06\/chainconveyor-tuotekuva-845x655px.jpg 845w, https:\/\/www.ferroplan.fi\/fp2024\/wp-content\/uploads\/2024\/06\/chainconveyor-tuotekuva-845x655px-300x233.jpg 300w, https:\/\/www.ferroplan.fi\/fp2024\/wp-content\/uploads\/2024\/06\/chainconveyor-tuotekuva-845x655px-768x595.jpg 768w\" sizes=\"auto, (max-width: 845px) 100vw, 845px\" \/><\/figure>\n<\/div>\n\n\n\n<div class=\"wp-block-column product-hero-container has-contrast-3-background-color has-background is-layout-flow wp-block-column-is-layout-flow\">\n<h6 class=\"wp-block-heading\">Luotettava kuljetinratkaisu erilaisten kuormien siirtoihin<\/h6>\n\n\n\n<h1 class=\"wp-block-heading\">Ketjukuljettimet<\/h1>\n\n\n\n<div style=\"height:1rem\" aria-hidden=\"true\" class=\"wp-block-spacer\"><\/div>\n\n\n\n<p class=\"ingress\">Ferroplanin ketjukuljettimet takaavat laadun ja luotettavuuden tarjoamalla vankan ratkaisun kappale- ja kuormatavaroiden tehokkaisiin siirtoihin.<\/p>\n\n\n\n<p>Ketjukuljettimet on suunniteltu kest\u00e4m\u00e4\u00e4n raskaan k\u00e4yt\u00f6n vaatimuksia, ja siksi ne loistavatkin monilla eri aloilla, kuten puunjalostuksessa ja pitkien esineiden k\u00e4sittelyss\u00e4.<\/p>\n\n\n\n<div style=\"height:1rem\" aria-hidden=\"true\" class=\"wp-block-spacer\"><\/div>\n\n\n\n<div class=\"wp-block-buttons is-layout-flex wp-block-buttons-is-layout-flex\">\n<div class=\"wp-block-button\"><a class=\"wp-block-button__link wp-element-button\" href=\"https:\/\/www.ferroplan.fi\/fi\/ota-yhteytta\/\">Ota yhteytt\u00e4<\/a><\/div>\n<\/div>\n<\/div>\n<\/div>\n\n\n\n<div style=\"height:5rem\" aria-hidden=\"true\" class=\"wp-block-spacer\"><\/div>\n\n\n\n<div class=\"wp-block-cover cover-full cover-product\" style=\"min-height:750px;aspect-ratio:unset;\"><img loading=\"lazy\" decoding=\"async\" width=\"1920\" height=\"740\" class=\"wp-block-cover__image-background wp-image-1156\" alt=\"In this picture you can see a chain conveyor\" src=\"https:\/\/www.ferroplan.fi\/fp2024\/wp-content\/uploads\/2024\/12\/Chain-conveyor-ferroplan-bw.png\" style=\"object-position:77% 53%\" data-object-fit=\"cover\" data-object-position=\"77% 53%\" srcset=\"https:\/\/www.ferroplan.fi\/fp2024\/wp-content\/uploads\/2024\/12\/Chain-conveyor-ferroplan-bw.png 1920w, https:\/\/www.ferroplan.fi\/fp2024\/wp-content\/uploads\/2024\/12\/Chain-conveyor-ferroplan-bw-300x116.png 300w, https:\/\/www.ferroplan.fi\/fp2024\/wp-content\/uploads\/2024\/12\/Chain-conveyor-ferroplan-bw-1024x395.png 1024w, https:\/\/www.ferroplan.fi\/fp2024\/wp-content\/uploads\/2024\/12\/Chain-conveyor-ferroplan-bw-768x296.png 768w, https:\/\/www.ferroplan.fi\/fp2024\/wp-content\/uploads\/2024\/12\/Chain-conveyor-ferroplan-bw-1536x592.png 1536w, https:\/\/www.ferroplan.fi\/fp2024\/wp-content\/uploads\/2024\/12\/Chain-conveyor-ferroplan-bw-18x7.png 18w\" sizes=\"auto, (max-width: 1920px) 100vw, 1920px\" \/><span aria-hidden=\"true\" class=\"wp-block-cover__background has-background-dim-0 has-background-dim\" style=\"background-color:#59554f\"><\/span><div class=\"wp-block-cover__inner-container is-layout-constrained wp-block-cover-is-layout-constrained\">\n<div style=\"height:2rem\" aria-hidden=\"true\" class=\"wp-block-spacer\"><\/div>\n\n\n\n<h2 class=\"wp-block-heading\">Ferroplanin ketjukuljettimet ovat osoitus laadusta ja luotettavuudesta tarjoten tehokkaan ratkaisun materiaalinsiirtoihin.<\/h2>\n\n\n\n<h4 class=\"wp-block-heading\">Ketjukuljettimet on suunniteltu kest\u00e4m\u00e4\u00e4n raskaan k\u00e4yt\u00f6n vaatimuksia, ja siksi ne loistavatkin monilla eri aloilla, kuten puunjalostuksessa ja pitkien esineiden k\u00e4sittelyss\u00e4.<\/h4>\n\n\n\n<div style=\"height:2rem\" aria-hidden=\"true\" class=\"wp-block-spacer\"><\/div>\n<\/div><\/div>\n\n\n\n<div style=\"height:5rem\" aria-hidden=\"true\" class=\"wp-block-spacer\"><\/div>\n\n\n\n<div class=\"wp-block-cover cover-full cover-light-grey\"><span aria-hidden=\"true\" class=\"wp-block-cover__background has-contrast-3-background-color has-background-dim-100 has-background-dim\"><\/span><div class=\"wp-block-cover__inner-container is-layout-constrained wp-block-cover-is-layout-constrained\">\n<div style=\"height:7rem\" aria-hidden=\"true\" class=\"wp-block-spacer\"><\/div>\n\n\n\n<div class=\"wp-block-columns columns-oem is-layout-flex wp-container-core-columns-is-layout-9d6595d7 wp-block-columns-is-layout-flex\">\n<div class=\"wp-block-column is-layout-flow wp-block-column-is-layout-flow\">\n<div class=\"wp-block-columns is-layout-flex wp-container-core-columns-is-layout-9d6595d7 wp-block-columns-is-layout-flex\">\n<div class=\"wp-block-column is-vertically-aligned-center is-layout-flow wp-block-column-is-layout-flow\" style=\"flex-basis:134px\">\n<figure class=\"wp-block-image size-full\"><img loading=\"lazy\" decoding=\"async\" width=\"134\" height=\"134\" src=\"https:\/\/www.ferroplan.fi\/fp2024\/wp-content\/uploads\/2024\/11\/Ferroplan-symbolit-colours-134x134px-punainen-36.png\" alt=\"\" class=\"wp-image-1108\" srcset=\"https:\/\/www.ferroplan.fi\/fp2024\/wp-content\/uploads\/2024\/11\/Ferroplan-symbolit-colours-134x134px-punainen-36.png 134w, https:\/\/www.ferroplan.fi\/fp2024\/wp-content\/uploads\/2024\/11\/Ferroplan-symbolit-colours-134x134px-punainen-36-12x12.png 12w\" sizes=\"auto, (max-width: 134px) 100vw, 134px\" \/><\/figure>\n<\/div>\n\n\n\n<div class=\"wp-block-column is-vertically-aligned-center is-layout-flow wp-block-column-is-layout-flow\" style=\"flex-basis:62.5%\">\n<h3 class=\"wp-block-heading\">Monipuolinen j\u00e4rjestelm\u00e4<\/h3>\n<\/div>\n<\/div>\n\n\n\n<p>Olipa kyse sitten erillisist\u00e4 laitteista tai kokonaisista kuljetinlinjoista, Ferroplan tarjoaa joustavia vaihtoehtoja erilaisiin asiakastarpeisiin. Ketjukuljettimet voidaan r\u00e4\u00e4t\u00e4l\u00f6id\u00e4 erilaisiin materiaalink\u00e4sittelytarpeisiin, mik\u00e4 mahdollistaa saumattoman integroinnin toimintaasi.<\/p>\n<\/div>\n\n\n\n<div class=\"wp-block-column is-layout-flow wp-block-column-is-layout-flow\">\n<div class=\"wp-block-columns is-layout-flex wp-container-core-columns-is-layout-9d6595d7 wp-block-columns-is-layout-flex\">\n<div class=\"wp-block-column is-vertically-aligned-center is-layout-flow wp-block-column-is-layout-flow\" style=\"flex-basis:134px\">\n<figure class=\"wp-block-image size-full\"><img loading=\"lazy\" decoding=\"async\" width=\"134\" height=\"134\" src=\"https:\/\/www.ferroplan.fi\/fp2024\/wp-content\/uploads\/2024\/11\/Ferroplan-symbolit-colours-134x134px-punainen-36-1.png\" alt=\"\" class=\"wp-image-1109\" srcset=\"https:\/\/www.ferroplan.fi\/fp2024\/wp-content\/uploads\/2024\/11\/Ferroplan-symbolit-colours-134x134px-punainen-36-1.png 134w, https:\/\/www.ferroplan.fi\/fp2024\/wp-content\/uploads\/2024\/11\/Ferroplan-symbolit-colours-134x134px-punainen-36-1-12x12.png 12w\" sizes=\"auto, (max-width: 134px) 100vw, 134px\" \/><\/figure>\n<\/div>\n\n\n\n<div class=\"wp-block-column is-vertically-aligned-center is-layout-flow wp-block-column-is-layout-flow\" style=\"flex-basis:62.5%\">\n<h3 class=\"wp-block-heading\">Kest\u00e4v\u00e4 rakenne<\/h3>\n<\/div>\n<\/div>\n\n\n\n<p>Ferroplan ketjukuljettimet on suunniteltu kest\u00e4viksi ja varmistamaan pitk\u00e4aikainen suorituskyky ja minimaaliset huoltotarpeet. Kuljettimiemme vahva rakenne kest\u00e4\u00e4 vaativienkin teollisuusymp\u00e4rist\u00f6jen tarpeet toimien luotettavasti raskaidenkin kuormien alla.<\/p>\n<\/div>\n\n\n\n<div class=\"wp-block-column is-layout-flow wp-block-column-is-layout-flow\">\n<div class=\"wp-block-columns is-layout-flex wp-container-core-columns-is-layout-9d6595d7 wp-block-columns-is-layout-flex\">\n<div class=\"wp-block-column is-vertically-aligned-center is-layout-flow wp-block-column-is-layout-flow\" style=\"flex-basis:134px\">\n<figure class=\"wp-block-image size-full\"><img loading=\"lazy\" decoding=\"async\" width=\"134\" height=\"134\" src=\"https:\/\/www.ferroplan.fi\/fp2024\/wp-content\/uploads\/2024\/11\/Ferroplan-symbolit-colours-134x134px-punainen-36-2.png\" alt=\"\" class=\"wp-image-1110\" srcset=\"https:\/\/www.ferroplan.fi\/fp2024\/wp-content\/uploads\/2024\/11\/Ferroplan-symbolit-colours-134x134px-punainen-36-2.png 134w, https:\/\/www.ferroplan.fi\/fp2024\/wp-content\/uploads\/2024\/11\/Ferroplan-symbolit-colours-134x134px-punainen-36-2-12x12.png 12w\" sizes=\"auto, (max-width: 134px) 100vw, 134px\" \/><\/figure>\n<\/div>\n\n\n\n<div class=\"wp-block-column is-vertically-aligned-center is-layout-flow wp-block-column-is-layout-flow\" style=\"flex-basis:62.5%\">\n<h3 class=\"wp-block-heading\">Optimoitu ketjusuunnittelu<\/h3>\n<\/div>\n<\/div>\n\n\n\n<p>Ferroplan ketjukuljettimet ovat vahvoja ja kest\u00e4vi\u00e4. Niiden optimoitu ketjusuunnittelu varmistaa tasaisen ja tehokkaan materiaalin siirron, minimoiden seisokkeja ja maksimoiden tuottavuuden.<\/p>\n<\/div>\n<\/div>\n\n\n\n<div style=\"height:3rem\" aria-hidden=\"true\" class=\"wp-block-spacer\"><\/div>\n\n\n\n<div class=\"wp-block-columns columns-oem is-layout-flex wp-container-core-columns-is-layout-9d6595d7 wp-block-columns-is-layout-flex\">\n<div class=\"wp-block-column is-layout-flow wp-block-column-is-layout-flow\">\n<div class=\"wp-block-columns is-layout-flex wp-container-core-columns-is-layout-9d6595d7 wp-block-columns-is-layout-flex\">\n<div class=\"wp-block-column is-vertically-aligned-center is-layout-flow wp-block-column-is-layout-flow\" style=\"flex-basis:134px\">\n<figure class=\"wp-block-image size-full\"><img loading=\"lazy\" decoding=\"async\" width=\"134\" height=\"134\" src=\"https:\/\/www.ferroplan.fi\/fp2024\/wp-content\/uploads\/2024\/11\/Ferroplan-symbolit-colours-134x134px-punainen-36-3.png\" alt=\"\" class=\"wp-image-1112\" srcset=\"https:\/\/www.ferroplan.fi\/fp2024\/wp-content\/uploads\/2024\/11\/Ferroplan-symbolit-colours-134x134px-punainen-36-3.png 134w, https:\/\/www.ferroplan.fi\/fp2024\/wp-content\/uploads\/2024\/11\/Ferroplan-symbolit-colours-134x134px-punainen-36-3-12x12.png 12w\" sizes=\"auto, (max-width: 134px) 100vw, 134px\" \/><\/figure>\n<\/div>\n\n\n\n<div class=\"wp-block-column is-vertically-aligned-center is-layout-flow wp-block-column-is-layout-flow\" style=\"flex-basis:62.5%\">\n<h3 class=\"wp-block-heading\">Kustomoitavat ominaisuudet<\/h3>\n<\/div>\n<\/div>\n\n\n\n<p>Toiminnan tehokkuuden lis\u00e4\u00e4miseksi voi ketjukuljetinkokonaisuuteen lis\u00e4t\u00e4 erilaisia ohjaimia ja asemointilaitteita, mik\u00e4 mahdollistaa materiaalin tarkan kontrollin ja kohdistamisen koko kuljetusprosessin ajan.<\/p>\n<\/div>\n\n\n\n<div class=\"wp-block-column is-layout-flow wp-block-column-is-layout-flow\">\n<div class=\"wp-block-columns is-layout-flex wp-container-core-columns-is-layout-9d6595d7 wp-block-columns-is-layout-flex\">\n<div class=\"wp-block-column is-vertically-aligned-center is-layout-flow wp-block-column-is-layout-flow\" style=\"flex-basis:134px\">\n<figure class=\"wp-block-image size-full\"><img loading=\"lazy\" decoding=\"async\" width=\"134\" height=\"134\" src=\"https:\/\/www.ferroplan.fi\/fp2024\/wp-content\/uploads\/2024\/11\/Ferroplan-symbolit-colours-134x134px-punainen-36-4.png\" alt=\"\" class=\"wp-image-1113\" srcset=\"https:\/\/www.ferroplan.fi\/fp2024\/wp-content\/uploads\/2024\/11\/Ferroplan-symbolit-colours-134x134px-punainen-36-4.png 134w, https:\/\/www.ferroplan.fi\/fp2024\/wp-content\/uploads\/2024\/11\/Ferroplan-symbolit-colours-134x134px-punainen-36-4-12x12.png 12w\" sizes=\"auto, (max-width: 134px) 100vw, 134px\" \/><\/figure>\n<\/div>\n\n\n\n<div class=\"wp-block-column is-vertically-aligned-center is-layout-flow wp-block-column-is-layout-flow\" style=\"flex-basis:62.5%\">\n<h3 class=\"wp-block-heading\">Koe Ferroplanin tehokkuus<\/h3>\n<\/div>\n<\/div>\n\n\n\n<p>Ferroplan ketjukuljettimet on luotu luotettaviksi suomalaisella k\u00e4sity\u00f6ll\u00e4 ja insin\u00f6\u00f6ritaidoilla. Tehosta materiaalink\u00e4sittelykapasiteettiasi ja virtaviivaista toimintojasi luotettavien kuljetinten avulla. Ota yhteytt\u00e4 myyntitiimiimme tutustuaksesi ketjukuljetinratkaisuihin ja niiden mukanaan tuomiin hy\u00f6tyihin.<\/p>\n<\/div>\n<\/div>\n\n\n\n<div style=\"height:5rem\" aria-hidden=\"true\" class=\"wp-block-spacer\"><\/div>\n\n\n\n<div class=\"wp-block-buttons is-content-justification-center is-layout-flex wp-container-core-buttons-is-layout-16018d1d wp-block-buttons-is-layout-flex\">\n<div class=\"wp-block-button\"><a class=\"wp-block-button__link wp-element-button\" href=\"https:\/\/www.ferroplan.fi\/fi\/ota-yhteytta\/\">J\u00e4t\u00e4 yhteydenottopyynt\u00f6<\/a><\/div>\n<\/div>\n\n\n\n<div style=\"height:7rem\" aria-hidden=\"true\" class=\"wp-block-spacer\"><\/div>\n<\/div><\/div>","protected":false},"excerpt":{"rendered":"<p>Reliable solution for different unit load handlings Chain Conveyor Ferroplan chain conveyors stand as a testament to quality and reliability, offering a robust solution for the efficient transportation of bulk and load goods. Designed to withstand the rigors of heavy-duty applications, our chain conveyors excel in vastly different industries such as timber processing and the &#8230; <a title=\"Ketjukuljettimet\" class=\"read-more\" href=\"https:\/\/www.ferroplan.fi\/fi\/ketjukuljettimet\/\" aria-label=\"Lue lis\u00e4\u00e4 aiheesta Chain Conveyor\">Lue lis\u00e4\u00e4<\/a><\/p>","protected":false},"author":1,"featured_media":0,"parent":0,"menu_order":0,"comment_status":"closed","ping_status":"closed","template":"","meta":{"_acf_changed":false,"footnotes":""},"class_list":["post-47","page","type-page","status-publish"],"acf":[],"yoast_head":"<!-- This site is optimized with the Yoast SEO plugin v23.6 - https:\/\/yoast.com\/wordpress\/plugins\/seo\/ -->\n<title>Chain Conveyor - Ferroplan Oy<\/title>\n<meta name=\"description\" content=\"Chain conveyors stand as a testament to quality and reliability, offering a robust solution for the efficient transportation of goods.\" \/>\n<meta name=\"robots\" content=\"index, follow, max-snippet:-1, max-image-preview:large, max-video-preview:-1\" \/>\n<link rel=\"canonical\" href=\"https:\/\/www.ferroplan.fi\/fi\/ketjukuljettimet\/\" \/>\n<meta property=\"og:locale\" content=\"fi_FI\" \/>\n<meta property=\"og:type\" content=\"article\" \/>\n<meta property=\"og:title\" content=\"Chain Conveyor - Ferroplan Oy\" \/>\n<meta property=\"og:description\" content=\"Chain conveyors stand as a testament to quality and reliability, offering a robust solution for the efficient transportation of goods.\" \/>\n<meta property=\"og:url\" content=\"https:\/\/www.ferroplan.fi\/fi\/ketjukuljettimet\/\" \/>\n<meta property=\"og:site_name\" content=\"Ferroplan Oy\" \/>\n<meta property=\"article:publisher\" content=\"https:\/\/www.facebook.com\/Ferroplan\" \/>\n<meta property=\"article:modified_time\" content=\"2025-06-25T07:07:38+00:00\" \/>\n<meta property=\"og:image\" content=\"https:\/\/www.ferroplan.fi\/fp2024\/wp-content\/uploads\/2024\/06\/chainconveyor-tuotekuva-845x655px.jpg\" \/>\n\t<meta property=\"og:image:width\" content=\"845\" \/>\n\t<meta property=\"og:image:height\" content=\"655\" \/>\n\t<meta property=\"og:image:type\" content=\"image\/jpeg\" \/>\n<meta name=\"twitter:card\" content=\"summary_large_image\" \/>\n<meta name=\"twitter:label1\" content=\"Arvioitu lukuaika\" \/>\n\t<meta name=\"twitter:data1\" content=\"3 minuuttia\" \/>\n<script type=\"application\/ld+json\" class=\"yoast-schema-graph\">{\"@context\":\"https:\/\/schema.org\",\"@graph\":[{\"@type\":\"WebPage\",\"@id\":\"https:\/\/www.ferroplan.fi\/ketjukuljettimet\/\",\"url\":\"https:\/\/www.ferroplan.fi\/ketjukuljettimet\/\",\"name\":\"Chain Conveyor - Ferroplan Oy\",\"isPartOf\":{\"@id\":\"https:\/\/www.ferroplan.fi\/#website\"},\"primaryImageOfPage\":{\"@id\":\"https:\/\/www.ferroplan.fi\/ketjukuljettimet\/#primaryimage\"},\"image\":{\"@id\":\"https:\/\/www.ferroplan.fi\/ketjukuljettimet\/#primaryimage\"},\"thumbnailUrl\":\"https:\/\/www.ferroplan.fi\/fp2024\/wp-content\/uploads\/2024\/06\/chainconveyor-tuotekuva-845x655px.jpg\",\"datePublished\":\"2024-06-18T07:14:44+00:00\",\"dateModified\":\"2025-06-25T07:07:38+00:00\",\"description\":\"Chain conveyors stand as a testament to quality and reliability, offering a robust solution for the efficient transportation of goods.\",\"breadcrumb\":{\"@id\":\"https:\/\/www.ferroplan.fi\/ketjukuljettimet\/#breadcrumb\"},\"inLanguage\":\"fi\",\"potentialAction\":[{\"@type\":\"ReadAction\",\"target\":[\"https:\/\/www.ferroplan.fi\/ketjukuljettimet\/\"]}]},{\"@type\":\"ImageObject\",\"inLanguage\":\"fi\",\"@id\":\"https:\/\/www.ferroplan.fi\/ketjukuljettimet\/#primaryimage\",\"url\":\"https:\/\/www.ferroplan.fi\/fp2024\/wp-content\/uploads\/2024\/06\/chainconveyor-tuotekuva-845x655px.jpg\",\"contentUrl\":\"https:\/\/www.ferroplan.fi\/fp2024\/wp-content\/uploads\/2024\/06\/chainconveyor-tuotekuva-845x655px.jpg\"},{\"@type\":\"BreadcrumbList\",\"@id\":\"https:\/\/www.ferroplan.fi\/ketjukuljettimet\/#breadcrumb\",\"itemListElement\":[{\"@type\":\"ListItem\",\"position\":1,\"name\":\"Home\",\"item\":\"https:\/\/www.ferroplan.fi\/\"},{\"@type\":\"ListItem\",\"position\":2,\"name\":\"Chain Conveyor\"}]},{\"@type\":\"WebSite\",\"@id\":\"https:\/\/www.ferroplan.fi\/#website\",\"url\":\"https:\/\/www.ferroplan.fi\/\",\"name\":\"Ferroplan Oy\",\"description\":\"\",\"publisher\":{\"@id\":\"https:\/\/www.ferroplan.fi\/#organization\"},\"potentialAction\":[{\"@type\":\"SearchAction\",\"target\":{\"@type\":\"EntryPoint\",\"urlTemplate\":\"https:\/\/www.ferroplan.fi\/?s={search_term_string}\"},\"query-input\":{\"@type\":\"PropertyValueSpecification\",\"valueRequired\":true,\"valueName\":\"search_term_string\"}}],\"inLanguage\":\"fi\"},{\"@type\":\"Organization\",\"@id\":\"https:\/\/www.ferroplan.fi\/#organization\",\"name\":\"Ferroplan Oy\",\"url\":\"https:\/\/www.ferroplan.fi\/\",\"logo\":{\"@type\":\"ImageObject\",\"inLanguage\":\"fi\",\"@id\":\"https:\/\/www.ferroplan.fi\/#\/schema\/logo\/image\/\",\"url\":\"https:\/\/www.ferroplan.fi\/fp2024\/wp-content\/uploads\/2024\/06\/Ferroplan_logo-puna-harmaa-valko-RGB.png\",\"contentUrl\":\"https:\/\/www.ferroplan.fi\/fp2024\/wp-content\/uploads\/2024\/06\/Ferroplan_logo-puna-harmaa-valko-RGB.png\",\"width\":255,\"height\":56,\"caption\":\"Ferroplan Oy\"},\"image\":{\"@id\":\"https:\/\/www.ferroplan.fi\/#\/schema\/logo\/image\/\"},\"sameAs\":[\"https:\/\/www.facebook.com\/Ferroplan\",\"https:\/\/www.linkedin.com\/company\/ferroplan-oy\"]}]}<\/script>\n<!-- \/ Yoast SEO plugin. -->","yoast_head_json":{"title":"Chain Conveyor - Ferroplan Oy","description":"Chain conveyors stand as a testament to quality and reliability, offering a robust solution for the efficient transportation of goods.","robots":{"index":"index","follow":"follow","max-snippet":"max-snippet:-1","max-image-preview":"max-image-preview:large","max-video-preview":"max-video-preview:-1"},"canonical":"https:\/\/www.ferroplan.fi\/fi\/ketjukuljettimet\/","og_locale":"fi_FI","og_type":"article","og_title":"Chain Conveyor - Ferroplan Oy","og_description":"Chain conveyors stand as a testament to quality and reliability, offering a robust solution for the efficient transportation of goods.","og_url":"https:\/\/www.ferroplan.fi\/fi\/ketjukuljettimet\/","og_site_name":"Ferroplan Oy","article_publisher":"https:\/\/www.facebook.com\/Ferroplan","article_modified_time":"2025-06-25T07:07:38+00:00","og_image":[{"width":845,"height":655,"url":"https:\/\/www.ferroplan.fi\/fp2024\/wp-content\/uploads\/2024\/06\/chainconveyor-tuotekuva-845x655px.jpg","type":"image\/jpeg"}],"twitter_card":"summary_large_image","twitter_misc":{"Arvioitu lukuaika":"3 minuuttia"},"schema":{"@context":"https:\/\/schema.org","@graph":[{"@type":"WebPage","@id":"https:\/\/www.ferroplan.fi\/ketjukuljettimet\/","url":"https:\/\/www.ferroplan.fi\/ketjukuljettimet\/","name":"Chain Conveyor - Ferroplan Oy","isPartOf":{"@id":"https:\/\/www.ferroplan.fi\/#website"},"primaryImageOfPage":{"@id":"https:\/\/www.ferroplan.fi\/ketjukuljettimet\/#primaryimage"},"image":{"@id":"https:\/\/www.ferroplan.fi\/ketjukuljettimet\/#primaryimage"},"thumbnailUrl":"https:\/\/www.ferroplan.fi\/fp2024\/wp-content\/uploads\/2024\/06\/chainconveyor-tuotekuva-845x655px.jpg","datePublished":"2024-06-18T07:14:44+00:00","dateModified":"2025-06-25T07:07:38+00:00","description":"Chain conveyors stand as a testament to quality and reliability, offering a robust solution for the efficient transportation of goods.","breadcrumb":{"@id":"https:\/\/www.ferroplan.fi\/ketjukuljettimet\/#breadcrumb"},"inLanguage":"fi","potentialAction":[{"@type":"ReadAction","target":["https:\/\/www.ferroplan.fi\/ketjukuljettimet\/"]}]},{"@type":"ImageObject","inLanguage":"fi","@id":"https:\/\/www.ferroplan.fi\/ketjukuljettimet\/#primaryimage","url":"https:\/\/www.ferroplan.fi\/fp2024\/wp-content\/uploads\/2024\/06\/chainconveyor-tuotekuva-845x655px.jpg","contentUrl":"https:\/\/www.ferroplan.fi\/fp2024\/wp-content\/uploads\/2024\/06\/chainconveyor-tuotekuva-845x655px.jpg"},{"@type":"BreadcrumbList","@id":"https:\/\/www.ferroplan.fi\/ketjukuljettimet\/#breadcrumb","itemListElement":[{"@type":"ListItem","position":1,"name":"Home","item":"https:\/\/www.ferroplan.fi\/"},{"@type":"ListItem","position":2,"name":"Chain Conveyor"}]},{"@type":"WebSite","@id":"https:\/\/www.ferroplan.fi\/#website","url":"https:\/\/www.ferroplan.fi\/","name":"Ferroplan Oy","description":"","publisher":{"@id":"https:\/\/www.ferroplan.fi\/#organization"},"potentialAction":[{"@type":"SearchAction","target":{"@type":"EntryPoint","urlTemplate":"https:\/\/www.ferroplan.fi\/?s={search_term_string}"},"query-input":{"@type":"PropertyValueSpecification","valueRequired":true,"valueName":"search_term_string"}}],"inLanguage":"fi"},{"@type":"Organization","@id":"https:\/\/www.ferroplan.fi\/#organization","name":"Ferroplan Oy","url":"https:\/\/www.ferroplan.fi\/","logo":{"@type":"ImageObject","inLanguage":"fi","@id":"https:\/\/www.ferroplan.fi\/#\/schema\/logo\/image\/","url":"https:\/\/www.ferroplan.fi\/fp2024\/wp-content\/uploads\/2024\/06\/Ferroplan_logo-puna-harmaa-valko-RGB.png","contentUrl":"https:\/\/www.ferroplan.fi\/fp2024\/wp-content\/uploads\/2024\/06\/Ferroplan_logo-puna-harmaa-valko-RGB.png","width":255,"height":56,"caption":"Ferroplan Oy"},"image":{"@id":"https:\/\/www.ferroplan.fi\/#\/schema\/logo\/image\/"},"sameAs":["https:\/\/www.facebook.com\/Ferroplan","https:\/\/www.linkedin.com\/company\/ferroplan-oy"]}]}},"_links":{"self":[{"href":"https:\/\/www.ferroplan.fi\/fi\/wp-json\/wp\/v2\/pages\/47","targetHints":{"allow":["GET"]}}],"collection":[{"href":"https:\/\/www.ferroplan.fi\/fi\/wp-json\/wp\/v2\/pages"}],"about":[{"href":"https:\/\/www.ferroplan.fi\/fi\/wp-json\/wp\/v2\/types\/page"}],"author":[{"embeddable":true,"href":"https:\/\/www.ferroplan.fi\/fi\/wp-json\/wp\/v2\/users\/1"}],"replies":[{"embeddable":true,"href":"https:\/\/www.ferroplan.fi\/fi\/wp-json\/wp\/v2\/comments?post=47"}],"version-history":[{"count":12,"href":"https:\/\/www.ferroplan.fi\/fi\/wp-json\/wp\/v2\/pages\/47\/revisions"}],"predecessor-version":[{"id":1363,"href":"https:\/\/www.ferroplan.fi\/fi\/wp-json\/wp\/v2\/pages\/47\/revisions\/1363"}],"wp:attachment":[{"href":"https:\/\/www.ferroplan.fi\/fi\/wp-json\/wp\/v2\/media?parent=47"}],"curies":[{"name":"wp","href":"https:\/\/api.w.org\/{rel}","templated":true}]}}