{"id":49,"date":"2024-06-18T10:14:58","date_gmt":"2024-06-18T07:14:58","guid":{"rendered":"https:\/\/www.ferroplan.fi\/fp2024\/?page_id=49"},"modified":"2025-07-01T08:10:31","modified_gmt":"2025-07-01T05:10:31","slug":"trough-belt-conveyor","status":"publish","type":"page","link":"https:\/\/www.ferroplan.fi\/fi\/kouruhihnakuljettimet\/","title":{"rendered":"Kouruhihnakuljettimet"},"content":{"rendered":"<div style=\"height:3rem\" aria-hidden=\"true\" class=\"wp-block-spacer\"><\/div>\n\n\n\n<div class=\"wp-block-columns product-columns is-layout-flex wp-container-core-columns-is-layout-9d6595d7 wp-block-columns-is-layout-flex\">\n<div class=\"wp-block-column is-layout-flow wp-block-column-is-layout-flow\">\n<figure class=\"wp-block-image size-full\"><img loading=\"lazy\" decoding=\"async\" width=\"845\" height=\"655\" src=\"https:\/\/www.ferroplan.fi\/fp2024\/wp-content\/uploads\/2024\/06\/Kouruhihnakuljetin-throughbeltconveyor-tuotekuva-845x655px.jpg\" alt=\"Kouruhihnakuljetin\" class=\"wp-image-452\" srcset=\"https:\/\/www.ferroplan.fi\/fp2024\/wp-content\/uploads\/2024\/06\/Kouruhihnakuljetin-throughbeltconveyor-tuotekuva-845x655px.jpg 845w, https:\/\/www.ferroplan.fi\/fp2024\/wp-content\/uploads\/2024\/06\/Kouruhihnakuljetin-throughbeltconveyor-tuotekuva-845x655px-300x233.jpg 300w, https:\/\/www.ferroplan.fi\/fp2024\/wp-content\/uploads\/2024\/06\/Kouruhihnakuljetin-throughbeltconveyor-tuotekuva-845x655px-768x595.jpg 768w, https:\/\/www.ferroplan.fi\/fp2024\/wp-content\/uploads\/2024\/06\/Kouruhihnakuljetin-throughbeltconveyor-tuotekuva-845x655px-15x12.jpg 15w\" sizes=\"auto, (max-width: 845px) 100vw, 845px\" \/><\/figure>\n<\/div>\n\n\n\n<div class=\"wp-block-column product-hero-container has-contrast-3-background-color has-background is-layout-flow wp-block-column-is-layout-flow\">\n<h6 class=\"wp-block-heading\">Erinomainen kuljetinratkaisu suurille massoille<\/h6>\n\n\n\n<h1 class=\"wp-block-heading\">Kouruhihnakuljettimet<\/h1>\n\n\n\n<div style=\"height:1rem\" aria-hidden=\"true\" class=\"wp-block-spacer\"><\/div>\n\n\n\n<p class=\"ingress\">Ferroplanin kouruhihnakuljettimet ovat laadukkaita kuljettimia, joissa on kuminen kouruhihna.<\/p>\n\n\n\n<p>Ferroplan on erikoistunut korkealaatuisten kouruhihnakuljetinten suunnitteluun ja valmistukseen. Kest\u00e4v\u00e4 kumihihna takaa pitk\u00e4n k\u00e4ytt\u00f6i\u00e4n vaativissakin teollisuusymp\u00e4rist\u00f6iss\u00e4.<\/p>\n\n\n\n<div style=\"height:1rem\" aria-hidden=\"true\" class=\"wp-block-spacer\"><\/div>\n\n\n\n<div class=\"wp-block-buttons is-layout-flex wp-block-buttons-is-layout-flex\">\n<div class=\"wp-block-button\"><a class=\"wp-block-button__link wp-element-button\" href=\"https:\/\/www.ferroplan.fi\/fi\/ota-yhteytta\/\">Ota yhteytt\u00e4<\/a><\/div>\n\n\n\n<div class=\"wp-block-button\"><a class=\"wp-block-button__link wp-element-button\" href=\"https:\/\/www.ferroplan.fi\/fi\/customer-reference-lt-recycling\/\">Case L&amp;T<\/a><\/div>\n<\/div>\n<\/div>\n<\/div>\n\n\n\n<div style=\"height:5rem\" aria-hidden=\"true\" class=\"wp-block-spacer\"><\/div>\n\n\n\n<div class=\"wp-block-cover cover-full cover-product\" style=\"min-height:750px;aspect-ratio:unset;\"><img loading=\"lazy\" decoding=\"async\" width=\"1920\" height=\"740\" class=\"wp-block-cover__image-background wp-image-1145\" alt=\"Kouruhihnakuljetin\" src=\"https:\/\/www.ferroplan.fi\/fp2024\/wp-content\/uploads\/2024\/12\/Through-belt-conveyor-ferroplan.png\" style=\"object-position:93% 52%\" data-object-fit=\"cover\" data-object-position=\"93% 52%\" srcset=\"https:\/\/www.ferroplan.fi\/fp2024\/wp-content\/uploads\/2024\/12\/Through-belt-conveyor-ferroplan.png 1920w, https:\/\/www.ferroplan.fi\/fp2024\/wp-content\/uploads\/2024\/12\/Through-belt-conveyor-ferroplan-300x116.png 300w, https:\/\/www.ferroplan.fi\/fp2024\/wp-content\/uploads\/2024\/12\/Through-belt-conveyor-ferroplan-1024x395.png 1024w, https:\/\/www.ferroplan.fi\/fp2024\/wp-content\/uploads\/2024\/12\/Through-belt-conveyor-ferroplan-768x296.png 768w, https:\/\/www.ferroplan.fi\/fp2024\/wp-content\/uploads\/2024\/12\/Through-belt-conveyor-ferroplan-1536x592.png 1536w, https:\/\/www.ferroplan.fi\/fp2024\/wp-content\/uploads\/2024\/12\/Through-belt-conveyor-ferroplan-18x7.png 18w\" sizes=\"auto, (max-width: 1920px) 100vw, 1920px\" \/><span aria-hidden=\"true\" class=\"wp-block-cover__background has-background-dim-0 has-background-dim\" style=\"background-color:#59554f\"><\/span><div class=\"wp-block-cover__inner-container is-layout-constrained wp-block-cover-is-layout-constrained\">\n<div style=\"height:2rem\" aria-hidden=\"true\" class=\"wp-block-spacer\"><\/div>\n\n\n\n<h2 class=\"wp-block-heading\">Kiinte\u00e4st\u00e4 j\u00e4tteest\u00e4 pelletteihin ja hiekkaan, kouruhihnakuljettimet takaavat luotettavan ja tehokkaan materiaalivirran.<\/h2>\n\n\n\n<h4 class=\"wp-block-heading\">Kuljettimiimme luotetaan erityisesti johtavissa j\u00e4tehuoltolaitoksissa ymp\u00e4ri maailman, miss\u00e4 kuljettimet auttavat haastavien j\u00e4temateriaalien tehokkaissa siirroissa.<\/h4>\n\n\n\n<div style=\"height:2rem\" aria-hidden=\"true\" class=\"wp-block-spacer\"><\/div>\n<\/div><\/div>\n\n\n\n<div style=\"height:7rem\" aria-hidden=\"true\" class=\"wp-block-spacer\"><\/div>\n\n\n\n<div class=\"wp-block-cover cover-full cover-light-grey\"><span aria-hidden=\"true\" class=\"wp-block-cover__background has-contrast-3-background-color has-background-dim-100 has-background-dim\"><\/span><div class=\"wp-block-cover__inner-container is-layout-constrained wp-block-cover-is-layout-constrained\">\n<div style=\"height:7rem\" aria-hidden=\"true\" class=\"wp-block-spacer\"><\/div>\n\n\n\n<div class=\"wp-block-columns columns-oem is-layout-flex wp-container-core-columns-is-layout-9d6595d7 wp-block-columns-is-layout-flex\">\n<div class=\"wp-block-column is-layout-flow wp-block-column-is-layout-flow\">\n<div class=\"wp-block-columns is-layout-flex wp-container-core-columns-is-layout-9d6595d7 wp-block-columns-is-layout-flex\">\n<div class=\"wp-block-column is-vertically-aligned-center is-layout-flow wp-block-column-is-layout-flow\" style=\"flex-basis:134px\">\n<figure class=\"wp-block-image size-full\"><img loading=\"lazy\" decoding=\"async\" width=\"134\" height=\"134\" src=\"https:\/\/www.ferroplan.fi\/fp2024\/wp-content\/uploads\/2024\/11\/Ferroplan-symbolit-colours-134x134px-punainen-36-9.png\" alt=\"\" class=\"wp-image-1120\" srcset=\"https:\/\/www.ferroplan.fi\/fp2024\/wp-content\/uploads\/2024\/11\/Ferroplan-symbolit-colours-134x134px-punainen-36-9.png 134w, https:\/\/www.ferroplan.fi\/fp2024\/wp-content\/uploads\/2024\/11\/Ferroplan-symbolit-colours-134x134px-punainen-36-9-12x12.png 12w\" sizes=\"auto, (max-width: 134px) 100vw, 134px\" \/><\/figure>\n<\/div>\n\n\n\n<div class=\"wp-block-column is-vertically-aligned-center is-layout-flow wp-block-column-is-layout-flow\" style=\"flex-basis:62.5%\">\n<h3 class=\"wp-block-heading\">Vahva rakenne<\/h3>\n<\/div>\n<\/div>\n\n\n\n<p>Massamateriaalin k\u00e4sittelyyn suunnitellut kouruhihnakuljettimet on rakennettu ter\u00e4ksest\u00e4, tarjoten poikkeuksellista lujuutta ja kest\u00e4vyytt\u00e4 jopa raskaiden kuormien alla.<\/p>\n<\/div>\n\n\n\n<div class=\"wp-block-column is-layout-flow wp-block-column-is-layout-flow\">\n<div class=\"wp-block-columns is-layout-flex wp-container-core-columns-is-layout-9d6595d7 wp-block-columns-is-layout-flex\">\n<div class=\"wp-block-column is-vertically-aligned-center is-layout-flow wp-block-column-is-layout-flow\" style=\"flex-basis:134px\">\n<figure class=\"wp-block-image size-full\"><img loading=\"lazy\" decoding=\"async\" width=\"134\" height=\"134\" src=\"https:\/\/www.ferroplan.fi\/fp2024\/wp-content\/uploads\/2024\/11\/Ferroplan-symbolit-colours-134x134px-punainen-36-10.png\" alt=\"\" class=\"wp-image-1121\" srcset=\"https:\/\/www.ferroplan.fi\/fp2024\/wp-content\/uploads\/2024\/11\/Ferroplan-symbolit-colours-134x134px-punainen-36-10.png 134w, https:\/\/www.ferroplan.fi\/fp2024\/wp-content\/uploads\/2024\/11\/Ferroplan-symbolit-colours-134x134px-punainen-36-10-12x12.png 12w\" sizes=\"auto, (max-width: 134px) 100vw, 134px\" \/><\/figure>\n<\/div>\n\n\n\n<div class=\"wp-block-column is-vertically-aligned-center is-layout-flow wp-block-column-is-layout-flow\" style=\"flex-basis:62.5%\">\n<h3 class=\"wp-block-heading\">R\u00e4\u00e4t\u00e4l\u00f6it\u00e4v\u00e4t ratkaisut<\/h3>\n<\/div>\n<\/div>\n\n\n\n<p>Jokainen asiakaskohde on yksil\u00f6llinen. T\u00e4m\u00e4n vuoksi my\u00f6s kouruhihnakuljettimet ovat t\u00e4ysin r\u00e4\u00e4t\u00e4l\u00f6it\u00e4viss\u00e4 vastaamaan asiakkaidemme ainutlaatuisia tarpeita. Olipa kyse sitten lis\u00e4varusteista tai erikoiskonfiguraatioista, kuljetinratkaisumme tarjoavat optimaalista suorituskyky\u00e4 ja tehokkuutta erilaisiin materiaalin k\u00e4sittely\u00e4 ja siirtoa vaativiin tarpeisiin.<\/p>\n<\/div>\n\n\n\n<div class=\"wp-block-column is-layout-flow wp-block-column-is-layout-flow\">\n<div class=\"wp-block-columns is-layout-flex wp-container-core-columns-is-layout-9d6595d7 wp-block-columns-is-layout-flex\">\n<div class=\"wp-block-column is-vertically-aligned-center is-layout-flow wp-block-column-is-layout-flow\" style=\"flex-basis:134px\">\n<figure class=\"wp-block-image size-full\"><img loading=\"lazy\" decoding=\"async\" width=\"134\" height=\"134\" src=\"https:\/\/www.ferroplan.fi\/fp2024\/wp-content\/uploads\/2024\/11\/Ferroplan-symbolit-colours-134x134px-punainen-36-11.png\" alt=\"\" class=\"wp-image-1122\" srcset=\"https:\/\/www.ferroplan.fi\/fp2024\/wp-content\/uploads\/2024\/11\/Ferroplan-symbolit-colours-134x134px-punainen-36-11.png 134w, https:\/\/www.ferroplan.fi\/fp2024\/wp-content\/uploads\/2024\/11\/Ferroplan-symbolit-colours-134x134px-punainen-36-11-12x12.png 12w\" sizes=\"auto, (max-width: 134px) 100vw, 134px\" \/><\/figure>\n<\/div>\n\n\n\n<div class=\"wp-block-column is-vertically-aligned-center is-layout-flow wp-block-column-is-layout-flow\" style=\"flex-basis:62.5%\">\n<h3 class=\"wp-block-heading\">Laadukkaat hihnamateriaalit<\/h3>\n<\/div>\n<\/div>\n\n\n\n<p>Kouruhihnakuljetinten hihnat on valmistettu laadukkaasta EP 250, EP 400 tai EP 500 kumista. K\u00e4ytetty materiaali on tunnettua kest\u00e4vyydest\u00e4\u00e4n ja luotettavuudestaan. Teollisuuden k\u00e4ytt\u00f6\u00f6n suunnitellut hihnat takaavat pitk\u00e4ik\u00e4isen suorituskyvyn ja minimaalisen seisokkiajan lis\u00e4ten kokonaistuottavuutta. Hihnan leveys voidaan valita kapasiteettivaatimusten mukaisesti.<\/p>\n<\/div>\n<\/div>\n\n\n\n<div style=\"height:3rem\" aria-hidden=\"true\" class=\"wp-block-spacer\"><\/div>\n\n\n\n<div class=\"wp-block-columns columns-oem is-layout-flex wp-container-core-columns-is-layout-9d6595d7 wp-block-columns-is-layout-flex\">\n<div class=\"wp-block-column is-layout-flow wp-block-column-is-layout-flow\">\n<div class=\"wp-block-columns is-layout-flex wp-container-core-columns-is-layout-9d6595d7 wp-block-columns-is-layout-flex\">\n<div class=\"wp-block-column is-vertically-aligned-center is-layout-flow wp-block-column-is-layout-flow\" style=\"flex-basis:134px\">\n<figure class=\"wp-block-image size-full\"><img loading=\"lazy\" decoding=\"async\" width=\"134\" height=\"134\" src=\"https:\/\/www.ferroplan.fi\/fp2024\/wp-content\/uploads\/2024\/11\/Ferroplan-symbolit-colours-134x134px-punainen-36-12.png\" alt=\"\" class=\"wp-image-1123\" srcset=\"https:\/\/www.ferroplan.fi\/fp2024\/wp-content\/uploads\/2024\/11\/Ferroplan-symbolit-colours-134x134px-punainen-36-12.png 134w, https:\/\/www.ferroplan.fi\/fp2024\/wp-content\/uploads\/2024\/11\/Ferroplan-symbolit-colours-134x134px-punainen-36-12-12x12.png 12w\" sizes=\"auto, (max-width: 134px) 100vw, 134px\" \/><\/figure>\n<\/div>\n\n\n\n<div class=\"wp-block-column is-vertically-aligned-center is-layout-flow wp-block-column-is-layout-flow\" style=\"flex-basis:62.5%\">\n<h3 class=\"wp-block-heading\">Asiantuntevaa suunnittelua<\/h3>\n<\/div>\n<\/div>\n\n\n\n<p>Kokenut suunnittelutiimimme ty\u00f6skentelee tiiviisti asiakkaiden kanssa suunnitellakseen r\u00e4\u00e4t\u00e4l\u00f6ityj\u00e4 kuljetinratkaisuja, jotka t\u00e4ytt\u00e4v\u00e4t ja ylitt\u00e4v\u00e4t odotukset. Alkukonsultaatiosta asennukseen ja jatkuvaan tukeen sitoudumme tarjoamaan laadukasta ja asiantuntevaa palvelua laitteiden elinkaaren jokaisessa vaiheessa.<\/p>\n<\/div>\n\n\n\n<div class=\"wp-block-column is-layout-flow wp-block-column-is-layout-flow\">\n<div class=\"wp-block-columns is-layout-flex wp-container-core-columns-is-layout-9d6595d7 wp-block-columns-is-layout-flex\">\n<div class=\"wp-block-column is-vertically-aligned-center is-layout-flow wp-block-column-is-layout-flow\" style=\"flex-basis:134px\">\n<figure class=\"wp-block-image size-full\"><img loading=\"lazy\" decoding=\"async\" width=\"134\" height=\"134\" src=\"https:\/\/www.ferroplan.fi\/fp2024\/wp-content\/uploads\/2024\/11\/Ferroplan-symbolit-colours-134x134px-punainen-36-13.png\" alt=\"\" class=\"wp-image-1124\" srcset=\"https:\/\/www.ferroplan.fi\/fp2024\/wp-content\/uploads\/2024\/11\/Ferroplan-symbolit-colours-134x134px-punainen-36-13.png 134w, https:\/\/www.ferroplan.fi\/fp2024\/wp-content\/uploads\/2024\/11\/Ferroplan-symbolit-colours-134x134px-punainen-36-13-12x12.png 12w\" sizes=\"auto, (max-width: 134px) 100vw, 134px\" \/><\/figure>\n<\/div>\n\n\n\n<div class=\"wp-block-column is-vertically-aligned-center is-layout-flow wp-block-column-is-layout-flow\" style=\"flex-basis:62.5%\">\n<h3 class=\"wp-block-heading\">Koe Ferroplanin tehokkuus<\/h3>\n<\/div>\n<\/div>\n\n\n\n<p>Tutustu Ferroplanin kouruhihnakuljetinten tarjoamiin mahdollisuuksiin materiaalink\u00e4sittelytoiminnoissasi.  Ota yhteytt\u00e4 ammattitaitoiseen myyntitiimiimme, joka auttaa l\u00f6yt\u00e4m\u00e4\u00e4n juuri sinun tarpeitasi vastaavat kuljetinratkaisut.<\/p>\n<\/div>\n<\/div>\n\n\n\n<div style=\"height:5rem\" aria-hidden=\"true\" class=\"wp-block-spacer\"><\/div>\n\n\n\n<div class=\"wp-block-buttons is-content-justification-center is-layout-flex wp-container-core-buttons-is-layout-16018d1d wp-block-buttons-is-layout-flex\">\n<div class=\"wp-block-button\"><a class=\"wp-block-button__link wp-element-button\" href=\"https:\/\/www.ferroplan.fi\/fi\/ota-yhteytta\/\">J\u00e4t\u00e4 yhteydenottopyynt\u00f6<\/a><\/div>\n<\/div>\n\n\n\n<div style=\"height:7rem\" aria-hidden=\"true\" class=\"wp-block-spacer\"><\/div>\n<\/div><\/div>","protected":false},"excerpt":{"rendered":"<p>Superior solution for bulk material handling Trough-Belt Conveyor Ferroplan trough-belt conveyors are superior solutions for bulk material handling. Ferroplan specializes in the design and manufacturing of top-quality trough-belt conveyors, featuring durable rubber belts engineered to excel in demanding industrial environments.<\/p>","protected":false},"author":1,"featured_media":0,"parent":0,"menu_order":0,"comment_status":"closed","ping_status":"closed","template":"","meta":{"_acf_changed":false,"footnotes":""},"class_list":["post-49","page","type-page","status-publish"],"acf":[],"yoast_head":"<!-- This site is optimized with the Yoast SEO plugin v23.6 - https:\/\/yoast.com\/wordpress\/plugins\/seo\/ -->\n<title>Trough-belt Conveyor - Ferroplan Oy<\/title>\n<meta name=\"description\" content=\"Trough-belt conveyors are superior solutions for handling bulk materials. Discover how Ferroplan trough-belt conveyor can improve your material handling.\" \/>\n<meta name=\"robots\" content=\"index, follow, max-snippet:-1, max-image-preview:large, max-video-preview:-1\" \/>\n<link rel=\"canonical\" href=\"https:\/\/www.ferroplan.fi\/fi\/kouruhihnakuljettimet\/\" \/>\n<meta property=\"og:locale\" content=\"fi_FI\" \/>\n<meta property=\"og:type\" content=\"article\" \/>\n<meta property=\"og:title\" content=\"Trough-belt Conveyor - Ferroplan Oy\" \/>\n<meta property=\"og:description\" content=\"Trough-belt conveyors are superior solutions for handling bulk materials. Discover how Ferroplan trough-belt conveyor can improve your material handling.\" \/>\n<meta property=\"og:url\" content=\"https:\/\/www.ferroplan.fi\/fi\/kouruhihnakuljettimet\/\" \/>\n<meta property=\"og:site_name\" content=\"Ferroplan Oy\" \/>\n<meta property=\"article:publisher\" content=\"https:\/\/www.facebook.com\/Ferroplan\" \/>\n<meta property=\"article:modified_time\" content=\"2025-07-01T05:10:31+00:00\" \/>\n<meta property=\"og:image\" content=\"https:\/\/www.ferroplan.fi\/fp2024\/wp-content\/uploads\/2024\/06\/Kouruhihnakuljetin-throughbeltconveyor-tuotekuva-845x655px.jpg\" \/>\n\t<meta property=\"og:image:width\" content=\"845\" \/>\n\t<meta property=\"og:image:height\" content=\"655\" \/>\n\t<meta property=\"og:image:type\" content=\"image\/jpeg\" \/>\n<meta name=\"twitter:card\" content=\"summary_large_image\" \/>\n<meta name=\"twitter:label1\" content=\"Arvioitu lukuaika\" \/>\n\t<meta name=\"twitter:data1\" content=\"3 minuuttia\" \/>\n<script type=\"application\/ld+json\" class=\"yoast-schema-graph\">{\"@context\":\"https:\/\/schema.org\",\"@graph\":[{\"@type\":\"WebPage\",\"@id\":\"https:\/\/www.ferroplan.fi\/kouruhihnakuljettimet\/\",\"url\":\"https:\/\/www.ferroplan.fi\/kouruhihnakuljettimet\/\",\"name\":\"Trough-belt Conveyor - Ferroplan Oy\",\"isPartOf\":{\"@id\":\"https:\/\/www.ferroplan.fi\/#website\"},\"primaryImageOfPage\":{\"@id\":\"https:\/\/www.ferroplan.fi\/kouruhihnakuljettimet\/#primaryimage\"},\"image\":{\"@id\":\"https:\/\/www.ferroplan.fi\/kouruhihnakuljettimet\/#primaryimage\"},\"thumbnailUrl\":\"https:\/\/www.ferroplan.fi\/fp2024\/wp-content\/uploads\/2024\/06\/Kouruhihnakuljetin-throughbeltconveyor-tuotekuva-845x655px.jpg\",\"datePublished\":\"2024-06-18T07:14:58+00:00\",\"dateModified\":\"2025-07-01T05:10:31+00:00\",\"description\":\"Trough-belt conveyors are superior solutions for handling bulk materials. Discover how Ferroplan trough-belt conveyor can improve your material handling.\",\"breadcrumb\":{\"@id\":\"https:\/\/www.ferroplan.fi\/kouruhihnakuljettimet\/#breadcrumb\"},\"inLanguage\":\"fi\",\"potentialAction\":[{\"@type\":\"ReadAction\",\"target\":[\"https:\/\/www.ferroplan.fi\/kouruhihnakuljettimet\/\"]}]},{\"@type\":\"ImageObject\",\"inLanguage\":\"fi\",\"@id\":\"https:\/\/www.ferroplan.fi\/kouruhihnakuljettimet\/#primaryimage\",\"url\":\"https:\/\/www.ferroplan.fi\/fp2024\/wp-content\/uploads\/2024\/06\/Kouruhihnakuljetin-throughbeltconveyor-tuotekuva-845x655px.jpg\",\"contentUrl\":\"https:\/\/www.ferroplan.fi\/fp2024\/wp-content\/uploads\/2024\/06\/Kouruhihnakuljetin-throughbeltconveyor-tuotekuva-845x655px.jpg\"},{\"@type\":\"BreadcrumbList\",\"@id\":\"https:\/\/www.ferroplan.fi\/kouruhihnakuljettimet\/#breadcrumb\",\"itemListElement\":[{\"@type\":\"ListItem\",\"position\":1,\"name\":\"Home\",\"item\":\"https:\/\/www.ferroplan.fi\/\"},{\"@type\":\"ListItem\",\"position\":2,\"name\":\"Trough-belt Conveyor\"}]},{\"@type\":\"WebSite\",\"@id\":\"https:\/\/www.ferroplan.fi\/#website\",\"url\":\"https:\/\/www.ferroplan.fi\/\",\"name\":\"Ferroplan Oy\",\"description\":\"\",\"publisher\":{\"@id\":\"https:\/\/www.ferroplan.fi\/#organization\"},\"potentialAction\":[{\"@type\":\"SearchAction\",\"target\":{\"@type\":\"EntryPoint\",\"urlTemplate\":\"https:\/\/www.ferroplan.fi\/?s={search_term_string}\"},\"query-input\":{\"@type\":\"PropertyValueSpecification\",\"valueRequired\":true,\"valueName\":\"search_term_string\"}}],\"inLanguage\":\"fi\"},{\"@type\":\"Organization\",\"@id\":\"https:\/\/www.ferroplan.fi\/#organization\",\"name\":\"Ferroplan Oy\",\"url\":\"https:\/\/www.ferroplan.fi\/\",\"logo\":{\"@type\":\"ImageObject\",\"inLanguage\":\"fi\",\"@id\":\"https:\/\/www.ferroplan.fi\/#\/schema\/logo\/image\/\",\"url\":\"https:\/\/www.ferroplan.fi\/fp2024\/wp-content\/uploads\/2024\/06\/Ferroplan_logo-puna-harmaa-valko-RGB.png\",\"contentUrl\":\"https:\/\/www.ferroplan.fi\/fp2024\/wp-content\/uploads\/2024\/06\/Ferroplan_logo-puna-harmaa-valko-RGB.png\",\"width\":255,\"height\":56,\"caption\":\"Ferroplan Oy\"},\"image\":{\"@id\":\"https:\/\/www.ferroplan.fi\/#\/schema\/logo\/image\/\"},\"sameAs\":[\"https:\/\/www.facebook.com\/Ferroplan\",\"https:\/\/www.linkedin.com\/company\/ferroplan-oy\"]}]}<\/script>\n<!-- \/ Yoast SEO plugin. -->","yoast_head_json":{"title":"Trough-belt Conveyor - Ferroplan Oy","description":"Trough-belt conveyors are superior solutions for handling bulk materials. Discover how Ferroplan trough-belt conveyor can improve your material handling.","robots":{"index":"index","follow":"follow","max-snippet":"max-snippet:-1","max-image-preview":"max-image-preview:large","max-video-preview":"max-video-preview:-1"},"canonical":"https:\/\/www.ferroplan.fi\/fi\/kouruhihnakuljettimet\/","og_locale":"fi_FI","og_type":"article","og_title":"Trough-belt Conveyor - Ferroplan Oy","og_description":"Trough-belt conveyors are superior solutions for handling bulk materials. Discover how Ferroplan trough-belt conveyor can improve your material handling.","og_url":"https:\/\/www.ferroplan.fi\/fi\/kouruhihnakuljettimet\/","og_site_name":"Ferroplan Oy","article_publisher":"https:\/\/www.facebook.com\/Ferroplan","article_modified_time":"2025-07-01T05:10:31+00:00","og_image":[{"width":845,"height":655,"url":"https:\/\/www.ferroplan.fi\/fp2024\/wp-content\/uploads\/2024\/06\/Kouruhihnakuljetin-throughbeltconveyor-tuotekuva-845x655px.jpg","type":"image\/jpeg"}],"twitter_card":"summary_large_image","twitter_misc":{"Arvioitu lukuaika":"3 minuuttia"},"schema":{"@context":"https:\/\/schema.org","@graph":[{"@type":"WebPage","@id":"https:\/\/www.ferroplan.fi\/kouruhihnakuljettimet\/","url":"https:\/\/www.ferroplan.fi\/kouruhihnakuljettimet\/","name":"Trough-belt Conveyor - Ferroplan Oy","isPartOf":{"@id":"https:\/\/www.ferroplan.fi\/#website"},"primaryImageOfPage":{"@id":"https:\/\/www.ferroplan.fi\/kouruhihnakuljettimet\/#primaryimage"},"image":{"@id":"https:\/\/www.ferroplan.fi\/kouruhihnakuljettimet\/#primaryimage"},"thumbnailUrl":"https:\/\/www.ferroplan.fi\/fp2024\/wp-content\/uploads\/2024\/06\/Kouruhihnakuljetin-throughbeltconveyor-tuotekuva-845x655px.jpg","datePublished":"2024-06-18T07:14:58+00:00","dateModified":"2025-07-01T05:10:31+00:00","description":"Trough-belt conveyors are superior solutions for handling bulk materials. Discover how Ferroplan trough-belt conveyor can improve your material handling.","breadcrumb":{"@id":"https:\/\/www.ferroplan.fi\/kouruhihnakuljettimet\/#breadcrumb"},"inLanguage":"fi","potentialAction":[{"@type":"ReadAction","target":["https:\/\/www.ferroplan.fi\/kouruhihnakuljettimet\/"]}]},{"@type":"ImageObject","inLanguage":"fi","@id":"https:\/\/www.ferroplan.fi\/kouruhihnakuljettimet\/#primaryimage","url":"https:\/\/www.ferroplan.fi\/fp2024\/wp-content\/uploads\/2024\/06\/Kouruhihnakuljetin-throughbeltconveyor-tuotekuva-845x655px.jpg","contentUrl":"https:\/\/www.ferroplan.fi\/fp2024\/wp-content\/uploads\/2024\/06\/Kouruhihnakuljetin-throughbeltconveyor-tuotekuva-845x655px.jpg"},{"@type":"BreadcrumbList","@id":"https:\/\/www.ferroplan.fi\/kouruhihnakuljettimet\/#breadcrumb","itemListElement":[{"@type":"ListItem","position":1,"name":"Home","item":"https:\/\/www.ferroplan.fi\/"},{"@type":"ListItem","position":2,"name":"Trough-belt Conveyor"}]},{"@type":"WebSite","@id":"https:\/\/www.ferroplan.fi\/#website","url":"https:\/\/www.ferroplan.fi\/","name":"Ferroplan Oy","description":"","publisher":{"@id":"https:\/\/www.ferroplan.fi\/#organization"},"potentialAction":[{"@type":"SearchAction","target":{"@type":"EntryPoint","urlTemplate":"https:\/\/www.ferroplan.fi\/?s={search_term_string}"},"query-input":{"@type":"PropertyValueSpecification","valueRequired":true,"valueName":"search_term_string"}}],"inLanguage":"fi"},{"@type":"Organization","@id":"https:\/\/www.ferroplan.fi\/#organization","name":"Ferroplan Oy","url":"https:\/\/www.ferroplan.fi\/","logo":{"@type":"ImageObject","inLanguage":"fi","@id":"https:\/\/www.ferroplan.fi\/#\/schema\/logo\/image\/","url":"https:\/\/www.ferroplan.fi\/fp2024\/wp-content\/uploads\/2024\/06\/Ferroplan_logo-puna-harmaa-valko-RGB.png","contentUrl":"https:\/\/www.ferroplan.fi\/fp2024\/wp-content\/uploads\/2024\/06\/Ferroplan_logo-puna-harmaa-valko-RGB.png","width":255,"height":56,"caption":"Ferroplan Oy"},"image":{"@id":"https:\/\/www.ferroplan.fi\/#\/schema\/logo\/image\/"},"sameAs":["https:\/\/www.facebook.com\/Ferroplan","https:\/\/www.linkedin.com\/company\/ferroplan-oy"]}]}},"_links":{"self":[{"href":"https:\/\/www.ferroplan.fi\/fi\/wp-json\/wp\/v2\/pages\/49","targetHints":{"allow":["GET"]}}],"collection":[{"href":"https:\/\/www.ferroplan.fi\/fi\/wp-json\/wp\/v2\/pages"}],"about":[{"href":"https:\/\/www.ferroplan.fi\/fi\/wp-json\/wp\/v2\/types\/page"}],"author":[{"embeddable":true,"href":"https:\/\/www.ferroplan.fi\/fi\/wp-json\/wp\/v2\/users\/1"}],"replies":[{"embeddable":true,"href":"https:\/\/www.ferroplan.fi\/fi\/wp-json\/wp\/v2\/comments?post=49"}],"version-history":[{"count":14,"href":"https:\/\/www.ferroplan.fi\/fi\/wp-json\/wp\/v2\/pages\/49\/revisions"}],"predecessor-version":[{"id":1421,"href":"https:\/\/www.ferroplan.fi\/fi\/wp-json\/wp\/v2\/pages\/49\/revisions\/1421"}],"wp:attachment":[{"href":"https:\/\/www.ferroplan.fi\/fi\/wp-json\/wp\/v2\/media?parent=49"}],"curies":[{"name":"wp","href":"https:\/\/api.w.org\/{rel}","templated":true}]}}