{"id":53,"date":"2024-06-18T10:15:17","date_gmt":"2024-06-18T07:15:17","guid":{"rendered":"https:\/\/www.ferroplan.fi\/fp2024\/?page_id=53"},"modified":"2025-06-25T10:27:30","modified_gmt":"2025-06-25T07:27:30","slug":"traverses","status":"publish","type":"page","link":"https:\/\/www.ferroplan.fi\/fi\/traverssit\/","title":{"rendered":"Traverssit"},"content":{"rendered":"<div style=\"height:3rem\" aria-hidden=\"true\" class=\"wp-block-spacer\"><\/div>\n\n\n\n<div class=\"wp-block-columns product-columns is-layout-flex wp-container-core-columns-is-layout-9d6595d7 wp-block-columns-is-layout-flex\">\n<div class=\"wp-block-column is-layout-flow wp-block-column-is-layout-flow\">\n<figure class=\"wp-block-image size-full\"><img loading=\"lazy\" decoding=\"async\" width=\"845\" height=\"655\" src=\"https:\/\/www.ferroplan.fi\/fp2024\/wp-content\/uploads\/2024\/06\/Traverses-tuotekuva-845x655px.jpg\" alt=\"T\u00e4ss\u00e4 kuvassa n\u00e4et Jy-K\u00e4 traverssin\" class=\"wp-image-454\" srcset=\"https:\/\/www.ferroplan.fi\/fp2024\/wp-content\/uploads\/2024\/06\/Traverses-tuotekuva-845x655px.jpg 845w, https:\/\/www.ferroplan.fi\/fp2024\/wp-content\/uploads\/2024\/06\/Traverses-tuotekuva-845x655px-300x233.jpg 300w, https:\/\/www.ferroplan.fi\/fp2024\/wp-content\/uploads\/2024\/06\/Traverses-tuotekuva-845x655px-768x595.jpg 768w\" sizes=\"auto, (max-width: 845px) 100vw, 845px\" \/><\/figure>\n<\/div>\n\n\n\n<div class=\"wp-block-column product-hero-container has-contrast-3-background-color has-background is-layout-flow wp-block-column-is-layout-flow\">\n<h6 class=\"wp-block-heading\">Traverssit tarkkaan ja turvalliseen materiaalin siirtoon<\/h6>\n\n\n\n<h1 class=\"wp-block-heading\">Traverssit<\/h1>\n\n\n\n<div style=\"height:1rem\" aria-hidden=\"true\" class=\"wp-block-spacer\"><\/div>\n\n\n\n<p class=\"ingress\">Ferroplanin traverssit ovat ratkaisu turvalliseen materiaalink\u00e4sittelyyn, kuljetatpa yksitt\u00e4isi\u00e4 kappaleita, lavoja tai jopa raskaita kuormia. Jokainen traverssi on r\u00e4\u00e4t\u00e4l\u00f6ity vastaamaan erityisi\u00e4 vaatimuksia ja tilarajoituksia, joten ne sopivat ihanteellisesti jopa monimutkaisimpiin ja vaativimpiinkin ymp\u00e4rist\u00f6ihin.<\/p>\n\n\n\n<p>Tutustu kuinka Ferroplanin traverssit voivat tehostaa toimintaasi niin sis\u00e4logistiikassa, varastoissa, sahoilla kuin muissakin teollisuuden sovelluksissa. Ota yhteytt\u00e4 myyntitiimiimme!<\/p>\n\n\n\n<div style=\"height:1rem\" aria-hidden=\"true\" class=\"wp-block-spacer\"><\/div>\n\n\n\n<div class=\"wp-block-buttons is-layout-flex wp-block-buttons-is-layout-flex\">\n<div class=\"wp-block-button\"><a class=\"wp-block-button__link wp-element-button\" href=\"https:\/\/www.ferroplan.fi\/fi\/ota-yhteytta\/\">Ota yhteytt\u00e4<\/a><\/div>\n<\/div>\n<\/div>\n<\/div>\n\n\n\n<div style=\"height:5rem\" aria-hidden=\"true\" class=\"wp-block-spacer\"><\/div>\n\n\n\n<div class=\"wp-block-cover cover-full cover-product\" style=\"min-height:750px;aspect-ratio:unset;\"><img loading=\"lazy\" decoding=\"async\" width=\"1920\" height=\"740\" class=\"wp-block-cover__image-background wp-image-1150\" alt=\"Jy-K\u00e4 traverssi ty\u00f6n \u00e4\u00e4rell\u00e4\" src=\"https:\/\/www.ferroplan.fi\/fp2024\/wp-content\/uploads\/2024\/12\/jyka-traverse-ferroplan.png\" style=\"object-position:63% 59%\" data-object-fit=\"cover\" data-object-position=\"63% 59%\" srcset=\"https:\/\/www.ferroplan.fi\/fp2024\/wp-content\/uploads\/2024\/12\/jyka-traverse-ferroplan.png 1920w, https:\/\/www.ferroplan.fi\/fp2024\/wp-content\/uploads\/2024\/12\/jyka-traverse-ferroplan-300x116.png 300w, https:\/\/www.ferroplan.fi\/fp2024\/wp-content\/uploads\/2024\/12\/jyka-traverse-ferroplan-1024x395.png 1024w, https:\/\/www.ferroplan.fi\/fp2024\/wp-content\/uploads\/2024\/12\/jyka-traverse-ferroplan-768x296.png 768w, https:\/\/www.ferroplan.fi\/fp2024\/wp-content\/uploads\/2024\/12\/jyka-traverse-ferroplan-1536x592.png 1536w, https:\/\/www.ferroplan.fi\/fp2024\/wp-content\/uploads\/2024\/12\/jyka-traverse-ferroplan-18x7.png 18w\" sizes=\"auto, (max-width: 1920px) 100vw, 1920px\" \/><span aria-hidden=\"true\" class=\"wp-block-cover__background has-background-dim-0 has-background-dim\" style=\"background-color:#59554f\"><\/span><div class=\"wp-block-cover__inner-container is-layout-constrained wp-block-cover-is-layout-constrained\">\n<div style=\"height:2rem\" aria-hidden=\"true\" class=\"wp-block-spacer\"><\/div>\n\n\n\n<h2 class=\"wp-block-heading\">Traverssit toimivat tuotantolinjan selk\u00e4rankana, ja ne kuljettavat tarkasti ja luotettavasti mit\u00e4 tahansa kuormalavoista, irtotavarasta ja irto-osista puutavaraan.<\/h2>\n\n\n\n<h4 class=\"wp-block-heading\">Minimoimalla manuaalisen k\u00e4sittelyn tarpeen, traverssit eiv\u00e4t vain lis\u00e4\u00e4 tehokkuutta, vaan my\u00f6s v\u00e4hent\u00e4v\u00e4t loukkaantumisriski\u00e4 ja edist\u00e4v\u00e4t turvallisempaa ty\u00f6ymp\u00e4rist\u00f6\u00e4. Lis\u00e4ksi niiden kyky automatisoida tuotannon prosesseja lis\u00e4\u00e4 merkitt\u00e4v\u00e4sti tuottavuutta ja suorituskyky\u00e4.<\/h4>\n\n\n\n<div style=\"height:2rem\" aria-hidden=\"true\" class=\"wp-block-spacer\"><\/div>\n<\/div><\/div>\n\n\n\n<div style=\"height:7rem\" aria-hidden=\"true\" class=\"wp-block-spacer\"><\/div>\n\n\n\n<div class=\"wp-block-cover cover-full cover-light-grey cover-product-applications\"><span aria-hidden=\"true\" class=\"wp-block-cover__background has-contrast-3-background-color has-background-dim-100 has-background-dim\"><\/span><div class=\"wp-block-cover__inner-container is-layout-constrained wp-block-cover-is-layout-constrained\">\n<div style=\"height:7rem\" aria-hidden=\"true\" class=\"wp-block-spacer\"><\/div>\n\n\n\n<div class=\"wp-block-columns no-mb is-layout-flex wp-container-core-columns-is-layout-9d6595d7 wp-block-columns-is-layout-flex\">\n<div class=\"wp-block-column is-layout-flow wp-block-column-is-layout-flow\">\n<h2 class=\"wp-block-heading\">Jy-K\u00e4 traverssi<\/h2>\n\n\n\n<p>Jy-K\u00e4-traverssit, jotka on nimetty ty\u00f6nimens\u00e4 \u201djykev\u00e4 k\u00e4rry\u201d mukaan, ovat Ferroplanin suuren kapasiteetin toimintoihin r\u00e4\u00e4t\u00e4l\u00f6idyt raskaan kaluston ratkaisut. T\u00e4m\u00e4 tekniikan ihme pystyy siirt\u00e4m\u00e4\u00e4n vaivattomasti jopa 40 tonnin painoisia sahatavaranippuja, ja se takaa saumattoman siirron TC-kanavakuivaamoihin. Lis\u00e4ksi sen monipuolinen rakenne mahdollistaa sek\u00e4 automaattisen ett\u00e4 manuaalisen toimintatavan tarjoten joustavuutta, joka on r\u00e4\u00e4t\u00e4l\u00f6ity erityisiin toiminnallisiin tarpeisiin. Parannellut turvallisuusominaisuudet, kuten ylikuormitusrajat, turvaskannerit ja h\u00e4lytysj\u00e4rjestelm\u00e4, korostavat Ferroplanin sitoutumista ty\u00f6turvallisuuteen. Asiakaspalautteen ja alan n\u00e4kemysten perusteella Jy-K\u00e4-traverssit ovat luotettavuudeltaan ja suorituskyvylt\u00e4\u00e4n maailman huipputasoa puutavaran k\u00e4sittelyss\u00e4.<\/p>\n<\/div>\n\n\n\n<div class=\"wp-block-column is-layout-flow wp-block-column-is-layout-flow\">\n<h2 class=\"wp-block-heading\">Teuvo traverssi <\/h2>\n\n\n\n<p>Kamarikuivaamoille suunnitellut Teuvo-traverssit ovat vahvoja ja mukautettavia. Vaikka Teuvo-traverssien kest\u00e4vyys on vastaava kuin Jy-K\u00e4-traversseilla, on niiden erikoisuus sivuttaisliikkuvuus, joka helpottaa vaunujen tai palkkien kuljettamista ainutlaatuisella t\u00e4sm\u00e4llisyydell\u00e4. Niiden monipuolisuus tekee niist\u00e4 korvaamattomia voimavaroja ty\u00f6nkulun optimoinnissa ja resurssien maksimaalisessa hy\u00f6dynt\u00e4misess\u00e4.<\/p>\n<\/div>\n<\/div>\n<\/div><\/div>\n\n\n\n<div style=\"height:7rem\" aria-hidden=\"true\" class=\"wp-block-spacer\"><\/div>\n\n\n\n<h1 class=\"wp-block-heading has-text-align-center\">Traverssit teolliseen k\u00e4ytt\u00f6\u00f6n<\/h1>\n\n\n\n<div style=\"height:3rem\" aria-hidden=\"true\" class=\"wp-block-spacer\"><\/div>\n\n\n\n<p class=\"has-text-align-center\">Ferroplanilla traverssit suunnitellaan p\u00e4\u00e4s\u00e4\u00e4nt\u00f6isesti saha- ja mets\u00e4teollisuuteen. Vastaamme laajasti my\u00f6s sis\u00e4logistiikan ja OEM-sektorin vaatimuksiin suunnittelemalla eri kokoisia traversseja ja siirtovaunuja alan erityistarpeisiin. Jokainen traverssi suunnitellaan huomioiden asiakkaan ainutlaatuiset tarpeet ja kuljetettavien tavaroiden erityispiirteet. Riippumatta siit\u00e4, liittyyk\u00f6 sovelluksesi kevyisiin esineisiin vai raskaisiin kuormiin, voit luottaa siihen, ett\u00e4 Ferroplan tarjoaa luotettavan ja tarkasti suunnitellun ratkaisun. Traverssit kulkevat sujuvasti niille suunnitelluilla kiskoilla varmistaen materiaalien tehokkaat siirrot niiden painosta riippumatta.<\/p>\n\n\n\n<p class=\"has-text-align-center\">Ota yhteytt\u00e4 myyntitiimiimme niin selvitet\u00e4\u00e4n, miten traverssit voivat kehitt\u00e4\u00e4 toimintanne tehokkuutta.<\/p>\n\n\n\n<div style=\"height:7rem\" aria-hidden=\"true\" class=\"wp-block-spacer\"><\/div>\n\n\n\n<h1 class=\"wp-block-heading has-text-align-center\">Jatkuva innovointi huippusuoritukseen<\/h1>\n\n\n\n<div style=\"height:3rem\" aria-hidden=\"true\" class=\"wp-block-spacer\"><\/div>\n\n\n\n<p class=\"has-text-align-center ingress\">Ferroplanilla huippuosaamisen tavoittelu ei lopu koskaan. Jatkuva tutkimus- ja kehitysty\u00f6 varmistaa, ett\u00e4 traverssit pysyv\u00e4t teknisen kehityksen k\u00e4rjess\u00e4. Innovatiiviset ominaisuudet, kuten pituuslaserit, jotka on suunniteltu pit\u00e4m\u00e4\u00e4n traverssit suorassa, osoittavat Ferroplanin sitoutumisen tarkkaan suunnitteluty\u00f6h\u00f6n. Lis\u00e4ksi vaakojen integrointi osaksi traverssia tarjoaa asiakkaille kattavaa tietoa siirrett\u00e4v\u00e4st\u00e4 kuormasta mahdollistaen tietoon perustuvan p\u00e4\u00e4t\u00f6ksenteon. Asiakasl\u00e4ht\u00f6isen suunnittelun ja mukautuvuuden my\u00f6t\u00e4 varmistamme, ett\u00e4 traverssit kehittyv\u00e4t yhdess\u00e4 teollisuuden vaatimusten kanssa asettaen uusia vertailuarvoja tehokkuudelle ja luotettavuudelle.<\/p>\n\n\n\n<div style=\"height:3rem\" aria-hidden=\"true\" class=\"wp-block-spacer\"><\/div>\n\n\n\n<div class=\"wp-block-buttons is-content-justification-center is-layout-flex wp-container-core-buttons-is-layout-16018d1d wp-block-buttons-is-layout-flex\">\n<div class=\"wp-block-button\"><a class=\"wp-block-button__link wp-element-button\" href=\"https:\/\/www.ferroplan.fi\/fi\/ota-yhteytta\/\">J\u00e4t\u00e4 yhteydenottopyynt\u00f6<\/a><\/div>\n<\/div>\n\n\n\n<div style=\"height:7rem\" aria-hidden=\"true\" class=\"wp-block-spacer\"><\/div>","protected":false},"excerpt":{"rendered":"<p>Precise and safe operation with Ferroplan traverses Traverses Ferroplan traverses provide a precise solution for material handling, whether you&#8217;re conveying single items, pallets, or even heavy loads. Each traverse is custom-designed to meet the specific requirements and space constraints making them ideal for even the most complex and demanding settings. Discover how Ferroplan traverses can &#8230; <a title=\"Traverssit\" class=\"read-more\" href=\"https:\/\/www.ferroplan.fi\/fi\/traverssit\/\" aria-label=\"Lue lis\u00e4\u00e4 aiheesta Traverses\">Lue lis\u00e4\u00e4<\/a><\/p>","protected":false},"author":1,"featured_media":0,"parent":0,"menu_order":0,"comment_status":"closed","ping_status":"closed","template":"","meta":{"_acf_changed":false,"footnotes":""},"class_list":["post-53","page","type-page","status-publish"],"acf":[],"yoast_head":"<!-- This site is optimized with the Yoast SEO plugin v23.6 - https:\/\/yoast.com\/wordpress\/plugins\/seo\/ -->\n<title>Traverses - Ferroplan Oy<\/title>\n<meta name=\"description\" content=\"Traverse conveyors are built to operate smoothly on tracks, ensuring efficient movement of materials, regardless of their weight.\" \/>\n<meta name=\"robots\" content=\"index, follow, max-snippet:-1, max-image-preview:large, max-video-preview:-1\" \/>\n<link rel=\"canonical\" href=\"https:\/\/www.ferroplan.fi\/fi\/traverssit\/\" \/>\n<meta property=\"og:locale\" content=\"fi_FI\" \/>\n<meta property=\"og:type\" content=\"article\" \/>\n<meta property=\"og:title\" content=\"Traverses - Ferroplan Oy\" \/>\n<meta property=\"og:description\" content=\"Traverse conveyors are built to operate smoothly on tracks, ensuring efficient movement of materials, regardless of their weight.\" \/>\n<meta property=\"og:url\" content=\"https:\/\/www.ferroplan.fi\/fi\/traverssit\/\" \/>\n<meta property=\"og:site_name\" content=\"Ferroplan Oy\" \/>\n<meta property=\"article:publisher\" content=\"https:\/\/www.facebook.com\/Ferroplan\" \/>\n<meta property=\"article:modified_time\" content=\"2025-06-25T07:27:30+00:00\" \/>\n<meta property=\"og:image\" content=\"https:\/\/www.ferroplan.fi\/fp2024\/wp-content\/uploads\/2024\/06\/Traverses-tuotekuva-845x655px.jpg\" \/>\n\t<meta property=\"og:image:width\" content=\"845\" \/>\n\t<meta property=\"og:image:height\" content=\"655\" \/>\n\t<meta property=\"og:image:type\" content=\"image\/jpeg\" \/>\n<meta name=\"twitter:card\" content=\"summary_large_image\" \/>\n<meta name=\"twitter:label1\" content=\"Arvioitu lukuaika\" \/>\n\t<meta name=\"twitter:data1\" content=\"3 minuuttia\" \/>\n<script type=\"application\/ld+json\" class=\"yoast-schema-graph\">{\"@context\":\"https:\/\/schema.org\",\"@graph\":[{\"@type\":\"WebPage\",\"@id\":\"https:\/\/www.ferroplan.fi\/traverssit\/\",\"url\":\"https:\/\/www.ferroplan.fi\/traverssit\/\",\"name\":\"Traverses - Ferroplan Oy\",\"isPartOf\":{\"@id\":\"https:\/\/www.ferroplan.fi\/#website\"},\"primaryImageOfPage\":{\"@id\":\"https:\/\/www.ferroplan.fi\/traverssit\/#primaryimage\"},\"image\":{\"@id\":\"https:\/\/www.ferroplan.fi\/traverssit\/#primaryimage\"},\"thumbnailUrl\":\"https:\/\/www.ferroplan.fi\/fp2024\/wp-content\/uploads\/2024\/06\/Traverses-tuotekuva-845x655px.jpg\",\"datePublished\":\"2024-06-18T07:15:17+00:00\",\"dateModified\":\"2025-06-25T07:27:30+00:00\",\"description\":\"Traverse conveyors are built to operate smoothly on tracks, ensuring efficient movement of materials, regardless of their weight.\",\"breadcrumb\":{\"@id\":\"https:\/\/www.ferroplan.fi\/traverssit\/#breadcrumb\"},\"inLanguage\":\"fi\",\"potentialAction\":[{\"@type\":\"ReadAction\",\"target\":[\"https:\/\/www.ferroplan.fi\/traverssit\/\"]}]},{\"@type\":\"ImageObject\",\"inLanguage\":\"fi\",\"@id\":\"https:\/\/www.ferroplan.fi\/traverssit\/#primaryimage\",\"url\":\"https:\/\/www.ferroplan.fi\/fp2024\/wp-content\/uploads\/2024\/06\/Traverses-tuotekuva-845x655px.jpg\",\"contentUrl\":\"https:\/\/www.ferroplan.fi\/fp2024\/wp-content\/uploads\/2024\/06\/Traverses-tuotekuva-845x655px.jpg\"},{\"@type\":\"BreadcrumbList\",\"@id\":\"https:\/\/www.ferroplan.fi\/traverssit\/#breadcrumb\",\"itemListElement\":[{\"@type\":\"ListItem\",\"position\":1,\"name\":\"Home\",\"item\":\"https:\/\/www.ferroplan.fi\/\"},{\"@type\":\"ListItem\",\"position\":2,\"name\":\"Traverses\"}]},{\"@type\":\"WebSite\",\"@id\":\"https:\/\/www.ferroplan.fi\/#website\",\"url\":\"https:\/\/www.ferroplan.fi\/\",\"name\":\"Ferroplan Oy\",\"description\":\"\",\"publisher\":{\"@id\":\"https:\/\/www.ferroplan.fi\/#organization\"},\"potentialAction\":[{\"@type\":\"SearchAction\",\"target\":{\"@type\":\"EntryPoint\",\"urlTemplate\":\"https:\/\/www.ferroplan.fi\/?s={search_term_string}\"},\"query-input\":{\"@type\":\"PropertyValueSpecification\",\"valueRequired\":true,\"valueName\":\"search_term_string\"}}],\"inLanguage\":\"fi\"},{\"@type\":\"Organization\",\"@id\":\"https:\/\/www.ferroplan.fi\/#organization\",\"name\":\"Ferroplan Oy\",\"url\":\"https:\/\/www.ferroplan.fi\/\",\"logo\":{\"@type\":\"ImageObject\",\"inLanguage\":\"fi\",\"@id\":\"https:\/\/www.ferroplan.fi\/#\/schema\/logo\/image\/\",\"url\":\"https:\/\/www.ferroplan.fi\/fp2024\/wp-content\/uploads\/2024\/06\/Ferroplan_logo-puna-harmaa-valko-RGB.png\",\"contentUrl\":\"https:\/\/www.ferroplan.fi\/fp2024\/wp-content\/uploads\/2024\/06\/Ferroplan_logo-puna-harmaa-valko-RGB.png\",\"width\":255,\"height\":56,\"caption\":\"Ferroplan Oy\"},\"image\":{\"@id\":\"https:\/\/www.ferroplan.fi\/#\/schema\/logo\/image\/\"},\"sameAs\":[\"https:\/\/www.facebook.com\/Ferroplan\",\"https:\/\/www.linkedin.com\/company\/ferroplan-oy\"]}]}<\/script>\n<!-- \/ Yoast SEO plugin. -->","yoast_head_json":{"title":"Traverses - Ferroplan Oy","description":"Traverse conveyors are built to operate smoothly on tracks, ensuring efficient movement of materials, regardless of their weight.","robots":{"index":"index","follow":"follow","max-snippet":"max-snippet:-1","max-image-preview":"max-image-preview:large","max-video-preview":"max-video-preview:-1"},"canonical":"https:\/\/www.ferroplan.fi\/fi\/traverssit\/","og_locale":"fi_FI","og_type":"article","og_title":"Traverses - Ferroplan Oy","og_description":"Traverse conveyors are built to operate smoothly on tracks, ensuring efficient movement of materials, regardless of their weight.","og_url":"https:\/\/www.ferroplan.fi\/fi\/traverssit\/","og_site_name":"Ferroplan Oy","article_publisher":"https:\/\/www.facebook.com\/Ferroplan","article_modified_time":"2025-06-25T07:27:30+00:00","og_image":[{"width":845,"height":655,"url":"https:\/\/www.ferroplan.fi\/fp2024\/wp-content\/uploads\/2024\/06\/Traverses-tuotekuva-845x655px.jpg","type":"image\/jpeg"}],"twitter_card":"summary_large_image","twitter_misc":{"Arvioitu lukuaika":"3 minuuttia"},"schema":{"@context":"https:\/\/schema.org","@graph":[{"@type":"WebPage","@id":"https:\/\/www.ferroplan.fi\/traverssit\/","url":"https:\/\/www.ferroplan.fi\/traverssit\/","name":"Traverses - Ferroplan Oy","isPartOf":{"@id":"https:\/\/www.ferroplan.fi\/#website"},"primaryImageOfPage":{"@id":"https:\/\/www.ferroplan.fi\/traverssit\/#primaryimage"},"image":{"@id":"https:\/\/www.ferroplan.fi\/traverssit\/#primaryimage"},"thumbnailUrl":"https:\/\/www.ferroplan.fi\/fp2024\/wp-content\/uploads\/2024\/06\/Traverses-tuotekuva-845x655px.jpg","datePublished":"2024-06-18T07:15:17+00:00","dateModified":"2025-06-25T07:27:30+00:00","description":"Traverse conveyors are built to operate smoothly on tracks, ensuring efficient movement of materials, regardless of their weight.","breadcrumb":{"@id":"https:\/\/www.ferroplan.fi\/traverssit\/#breadcrumb"},"inLanguage":"fi","potentialAction":[{"@type":"ReadAction","target":["https:\/\/www.ferroplan.fi\/traverssit\/"]}]},{"@type":"ImageObject","inLanguage":"fi","@id":"https:\/\/www.ferroplan.fi\/traverssit\/#primaryimage","url":"https:\/\/www.ferroplan.fi\/fp2024\/wp-content\/uploads\/2024\/06\/Traverses-tuotekuva-845x655px.jpg","contentUrl":"https:\/\/www.ferroplan.fi\/fp2024\/wp-content\/uploads\/2024\/06\/Traverses-tuotekuva-845x655px.jpg"},{"@type":"BreadcrumbList","@id":"https:\/\/www.ferroplan.fi\/traverssit\/#breadcrumb","itemListElement":[{"@type":"ListItem","position":1,"name":"Home","item":"https:\/\/www.ferroplan.fi\/"},{"@type":"ListItem","position":2,"name":"Traverses"}]},{"@type":"WebSite","@id":"https:\/\/www.ferroplan.fi\/#website","url":"https:\/\/www.ferroplan.fi\/","name":"Ferroplan Oy","description":"","publisher":{"@id":"https:\/\/www.ferroplan.fi\/#organization"},"potentialAction":[{"@type":"SearchAction","target":{"@type":"EntryPoint","urlTemplate":"https:\/\/www.ferroplan.fi\/?s={search_term_string}"},"query-input":{"@type":"PropertyValueSpecification","valueRequired":true,"valueName":"search_term_string"}}],"inLanguage":"fi"},{"@type":"Organization","@id":"https:\/\/www.ferroplan.fi\/#organization","name":"Ferroplan Oy","url":"https:\/\/www.ferroplan.fi\/","logo":{"@type":"ImageObject","inLanguage":"fi","@id":"https:\/\/www.ferroplan.fi\/#\/schema\/logo\/image\/","url":"https:\/\/www.ferroplan.fi\/fp2024\/wp-content\/uploads\/2024\/06\/Ferroplan_logo-puna-harmaa-valko-RGB.png","contentUrl":"https:\/\/www.ferroplan.fi\/fp2024\/wp-content\/uploads\/2024\/06\/Ferroplan_logo-puna-harmaa-valko-RGB.png","width":255,"height":56,"caption":"Ferroplan Oy"},"image":{"@id":"https:\/\/www.ferroplan.fi\/#\/schema\/logo\/image\/"},"sameAs":["https:\/\/www.facebook.com\/Ferroplan","https:\/\/www.linkedin.com\/company\/ferroplan-oy"]}]}},"_links":{"self":[{"href":"https:\/\/www.ferroplan.fi\/fi\/wp-json\/wp\/v2\/pages\/53","targetHints":{"allow":["GET"]}}],"collection":[{"href":"https:\/\/www.ferroplan.fi\/fi\/wp-json\/wp\/v2\/pages"}],"about":[{"href":"https:\/\/www.ferroplan.fi\/fi\/wp-json\/wp\/v2\/types\/page"}],"author":[{"embeddable":true,"href":"https:\/\/www.ferroplan.fi\/fi\/wp-json\/wp\/v2\/users\/1"}],"replies":[{"embeddable":true,"href":"https:\/\/www.ferroplan.fi\/fi\/wp-json\/wp\/v2\/comments?post=53"}],"version-history":[{"count":18,"href":"https:\/\/www.ferroplan.fi\/fi\/wp-json\/wp\/v2\/pages\/53\/revisions"}],"predecessor-version":[{"id":1373,"href":"https:\/\/www.ferroplan.fi\/fi\/wp-json\/wp\/v2\/pages\/53\/revisions\/1373"}],"wp:attachment":[{"href":"https:\/\/www.ferroplan.fi\/fi\/wp-json\/wp\/v2\/media?parent=53"}],"curies":[{"name":"wp","href":"https:\/\/api.w.org\/{rel}","templated":true}]}}