{"id":55,"date":"2024-06-18T10:15:29","date_gmt":"2024-06-18T07:15:29","guid":{"rendered":"https:\/\/www.ferroplan.fi\/fp2024\/?page_id=55"},"modified":"2025-07-01T08:06:47","modified_gmt":"2025-07-01T05:06:47","slug":"warehouse-solutions","status":"publish","type":"page","link":"https:\/\/www.ferroplan.fi\/fi\/varastoratkaisut\/","title":{"rendered":"Varastoratkaisut"},"content":{"rendered":"<div style=\"height:3rem\" aria-hidden=\"true\" class=\"wp-block-spacer\"><\/div>\n\n\n\n<div class=\"wp-block-columns product-columns is-layout-flex wp-container-core-columns-is-layout-9d6595d7 wp-block-columns-is-layout-flex\">\n<div class=\"wp-block-column is-layout-flow wp-block-column-is-layout-flow\">\n<figure class=\"wp-block-image size-full\"><img loading=\"lazy\" decoding=\"async\" width=\"845\" height=\"655\" src=\"https:\/\/www.ferroplan.fi\/fp2024\/wp-content\/uploads\/2024\/06\/warehouse-solutions-tuotekuva-845x655px.jpg\" alt=\"T\u00e4sss\u00e4 kuvassa n\u00e4et varastoratkaisut\" class=\"wp-image-455\" srcset=\"https:\/\/www.ferroplan.fi\/fp2024\/wp-content\/uploads\/2024\/06\/warehouse-solutions-tuotekuva-845x655px.jpg 845w, https:\/\/www.ferroplan.fi\/fp2024\/wp-content\/uploads\/2024\/06\/warehouse-solutions-tuotekuva-845x655px-300x233.jpg 300w, https:\/\/www.ferroplan.fi\/fp2024\/wp-content\/uploads\/2024\/06\/warehouse-solutions-tuotekuva-845x655px-768x595.jpg 768w, https:\/\/www.ferroplan.fi\/fp2024\/wp-content\/uploads\/2024\/06\/warehouse-solutions-tuotekuva-845x655px-15x12.jpg 15w\" sizes=\"auto, (max-width: 845px) 100vw, 845px\" \/><\/figure>\n<\/div>\n\n\n\n<div class=\"wp-block-column product-hero-container has-contrast-3-background-color has-background is-layout-flow wp-block-column-is-layout-flow\">\n<h6 class=\"wp-block-heading\">Tehokkaat ja r\u00e4\u00e4t\u00e4l\u00f6idyt varastoratkaisut Ferroplanilta<\/h6>\n\n\n\n<h1 class=\"wp-block-heading\">Varastoratkaisut<\/h1>\n\n\n\n<div style=\"height:1rem\" aria-hidden=\"true\" class=\"wp-block-spacer\"><\/div>\n\n\n\n<p class=\"ingress\">Haussa t\u00e4ydelliset varastoratkaisut liiketoimintasi tarpeisiin?<\/p>\n\n\n\n<p>Ferroplanin mukautuvat varastoj\u00e4rjestelm\u00e4t suunnitellaan vastaamaan juuri sinun liiketoimintasi tarpeita. Asiantuntijatiimimme auttaa sinua l\u00f6yt\u00e4m\u00e4\u00e4n parhaan ratkaisun, olipa kyseess\u00e4 sitten kuormalavat, levyniput, rullat tai muut varastointia vaativat tuotteet.<\/p>\n\n\n\n<div style=\"height:1rem\" aria-hidden=\"true\" class=\"wp-block-spacer\"><\/div>\n\n\n\n<div class=\"wp-block-buttons is-layout-flex wp-block-buttons-is-layout-flex\">\n<div class=\"wp-block-button\"><a class=\"wp-block-button__link wp-element-button\" href=\"https:\/\/www.ferroplan.fi\/fi\/ota-yhteytta\/\">Ota yhteytt\u00e4<\/a><\/div>\n\n\n\n<div class=\"wp-block-button\"><a class=\"wp-block-button__link wp-element-button\" href=\"https:\/\/www.ferroplan.fi\/fi\/vertical-conveyor-boosted-alfarocs-warehouse-efficiency\/\">Case Alfaroc<\/a><\/div>\n<\/div>\n<\/div>\n<\/div>\n\n\n\n<div style=\"height:5rem\" aria-hidden=\"true\" class=\"wp-block-spacer\"><\/div>\n\n\n\n<div class=\"wp-block-cover cover-full cover-product\" style=\"min-height:750px;aspect-ratio:unset;\"><img loading=\"lazy\" decoding=\"async\" width=\"1920\" height=\"740\" class=\"wp-block-cover__image-background wp-image-1152\" alt=\"T\u00e4sss\u00e4 kuvassa n\u00e4et varastoratkaisut\" src=\"https:\/\/www.ferroplan.fi\/fp2024\/wp-content\/uploads\/2024\/12\/warehouse-solution-ferroplan.png\" style=\"object-position:81% 61%\" data-object-fit=\"cover\" data-object-position=\"81% 61%\" srcset=\"https:\/\/www.ferroplan.fi\/fp2024\/wp-content\/uploads\/2024\/12\/warehouse-solution-ferroplan.png 1920w, https:\/\/www.ferroplan.fi\/fp2024\/wp-content\/uploads\/2024\/12\/warehouse-solution-ferroplan-300x116.png 300w, https:\/\/www.ferroplan.fi\/fp2024\/wp-content\/uploads\/2024\/12\/warehouse-solution-ferroplan-1024x395.png 1024w, https:\/\/www.ferroplan.fi\/fp2024\/wp-content\/uploads\/2024\/12\/warehouse-solution-ferroplan-768x296.png 768w, https:\/\/www.ferroplan.fi\/fp2024\/wp-content\/uploads\/2024\/12\/warehouse-solution-ferroplan-1536x592.png 1536w, https:\/\/www.ferroplan.fi\/fp2024\/wp-content\/uploads\/2024\/12\/warehouse-solution-ferroplan-18x7.png 18w\" sizes=\"auto, (max-width: 1920px) 100vw, 1920px\" \/><span aria-hidden=\"true\" class=\"wp-block-cover__background has-background-dim-0 has-background-dim\" style=\"background-color:#59554f\"><\/span><div class=\"wp-block-cover__inner-container is-layout-constrained wp-block-cover-is-layout-constrained\">\n<div style=\"height:2rem\" aria-hidden=\"true\" class=\"wp-block-spacer\"><\/div>\n\n\n\n<h2 class=\"wp-block-heading\">Ferroplanin varastoj\u00e4rjestelm\u00e4t soveltuvat laajalle valikoimalle tuotteita.<\/h2>\n\n\n\n<h4 class=\"wp-block-heading\">Kaikki suunnitelemamme varastoratkaisut ovat my\u00f6s integroitavissa tuotannonohjausj\u00e4rjestelmiin ja niihin on  saatavilla k\u00e4tev\u00e4 varastonhallintaohjelma.<\/h4>\n\n\n\n<div style=\"height:2rem\" aria-hidden=\"true\" class=\"wp-block-spacer\"><\/div>\n\n\n\n<div class=\"wp-block-group is-nowrap is-layout-flex wp-container-core-group-is-layout-ad2f72ca wp-block-group-is-layout-flex\">\n<figure class=\"wp-block-image size-full is-resized\"><img loading=\"lazy\" decoding=\"async\" width=\"300\" height=\"300\" src=\"https:\/\/www.ferroplan.fi\/fp2024\/wp-content\/uploads\/2024\/11\/Ok-300x300-2.png\" alt=\"\" class=\"wp-image-1037\" style=\"width:60px\" srcset=\"https:\/\/www.ferroplan.fi\/fp2024\/wp-content\/uploads\/2024\/11\/Ok-300x300-2.png 300w, https:\/\/www.ferroplan.fi\/fp2024\/wp-content\/uploads\/2024\/11\/Ok-300x300-2-150x150.png 150w, https:\/\/www.ferroplan.fi\/fp2024\/wp-content\/uploads\/2024\/11\/Ok-300x300-2-12x12.png 12w\" sizes=\"auto, (max-width: 300px) 100vw, 300px\" \/><\/figure>\n\n\n\n<p>Ferroplanin varastoj\u00e4rjestelm\u00e4t soveltuvat laajalle valikoimalle erilaisia varastoitavia tuotteita.<\/p>\n<\/div>\n\n\n\n<div style=\"height:2rem\" aria-hidden=\"true\" class=\"wp-block-spacer\"><\/div>\n\n\n\n<div class=\"wp-block-group is-nowrap is-layout-flex wp-container-core-group-is-layout-ad2f72ca wp-block-group-is-layout-flex\">\n<figure class=\"wp-block-image size-full is-resized wp-container-content-9cfa9a5a\"><img loading=\"lazy\" decoding=\"async\" width=\"300\" height=\"300\" src=\"https:\/\/www.ferroplan.fi\/fp2024\/wp-content\/uploads\/2024\/11\/Ok-300x300-2.png\" alt=\"\" class=\"wp-image-1037\" style=\"width:60px\" srcset=\"https:\/\/www.ferroplan.fi\/fp2024\/wp-content\/uploads\/2024\/11\/Ok-300x300-2.png 300w, https:\/\/www.ferroplan.fi\/fp2024\/wp-content\/uploads\/2024\/11\/Ok-300x300-2-150x150.png 150w, https:\/\/www.ferroplan.fi\/fp2024\/wp-content\/uploads\/2024\/11\/Ok-300x300-2-12x12.png 12w\" sizes=\"auto, (max-width: 300px) 100vw, 300px\" \/><\/figure>\n\n\n\n<p>Haluaisitko lis\u00e4tietoja varastoratkaisuistamme erityistarpeisiin? Ota rohkeasti yhteytt\u00e4 asiantuntevaan tiimiimme ja anna meid\u00e4n auttaa sinua luomaan optimaalinen varastoj\u00e4rjestelm\u00e4 liiketoimintasi tueksi.<\/p>\n<\/div>\n\n\n\n<div style=\"height:2rem\" aria-hidden=\"true\" class=\"wp-block-spacer\"><\/div>\n<\/div><\/div>\n\n\n\n<div style=\"height:7rem\" aria-hidden=\"true\" class=\"wp-block-spacer\"><\/div>\n\n\n\n<div class=\"wp-block-cover cover-full cover-light-grey cover-product-applications\"><span aria-hidden=\"true\" class=\"wp-block-cover__background has-contrast-3-background-color has-background-dim-100 has-background-dim\"><\/span><div class=\"wp-block-cover__inner-container is-layout-constrained wp-block-cover-is-layout-constrained\">\n<div style=\"height:7rem\" aria-hidden=\"true\" class=\"wp-block-spacer\"><\/div>\n\n\n\n<h2 class=\"wp-block-heading has-text-align-center\">Esimerkkej\u00e4 toimittamistamme varastoratkaisuista<\/h2>\n\n\n\n<div style=\"height:3rem\" aria-hidden=\"true\" class=\"wp-block-spacer\"><\/div>\n\n\n\n<div class=\"wp-block-columns no-mb is-layout-flex wp-container-core-columns-is-layout-9d6595d7 wp-block-columns-is-layout-flex\">\n<div class=\"wp-block-column is-layout-flow wp-block-column-is-layout-flow\">\n<h2 class=\"wp-block-heading\">Varastoj\u00e4rjestelm\u00e4 levynipuille<\/h2>\n\n\n\n<div style=\"height:1rem\" aria-hidden=\"true\" class=\"wp-block-spacer\"><\/div>\n\n\n\n<ul class=\"wp-block-list\">\n<li>90 varastopaikkaa levynipuille, varastointi paletissa<\/li>\n\n\n\n<li>Levynipun maksimimitat (PxLxK): 3000 x 2000 x 210 mm<\/li>\n\n\n\n<li>Pinta-alatarve n. 250 m2<\/li>\n\n\n\n<li>Korkeustarve n. 4500 mm<\/li>\n\n\n\n<li class=\" translation-block\">Sis\u00e4\u00e4nsy\u00f6tt\u00f6 portaaliautomaatilla (nippu puulavalta paletille)<\/li>\n\n\n\n<li>Poissy\u00f6tt\u00f6 kuljettimilla<\/li>\n<\/ul>\n<\/div>\n\n\n\n<div class=\"wp-block-column is-layout-flow wp-block-column-is-layout-flow\">\n<h2 class=\"wp-block-heading\">Varastoj\u00e4rjestelm\u00e4 rengasaihioille<\/h2>\n\n\n\n<div style=\"height:1rem\" aria-hidden=\"true\" class=\"wp-block-spacer\"><\/div>\n\n\n\n<ul class=\"wp-block-list\">\n<li>n. 350 varastopaikkaa rengasaihioille tai vastaaville sylinterinmallisille tuotteille<\/li>\n\n\n\n<li>Varaston k\u00e4sittely kolmella portaalirobotilla ja yhdyskuljettimilla<\/li>\n\n\n\n<li>Tuotteen maksimimitat l=2000, halk = 1250 mm<\/li>\n\n\n\n<li>Pinta-alatarve n. 800 m2<\/li>\n\n\n\n<li>Korkeustarve n. 3500 mm<\/li>\n\n\n\n<li>Sis\u00e4\u00e4nsy\u00f6tt\u00f6 vihivaunulla<\/li>\n\n\n\n<li>Poissy\u00f6tt\u00f6 vihivaunulla tai manuaalik\u00e4rryll\u00e4<\/li>\n<\/ul>\n<\/div>\n<\/div>\n\n\n\n<div style=\"height:5rem\" aria-hidden=\"true\" class=\"wp-block-spacer\"><\/div>\n<\/div><\/div>\n\n\n\n<div style=\"height:5rem\" aria-hidden=\"true\" class=\"wp-block-spacer\"><\/div>\n\n\n\n<p class=\"has-text-align-center ingress\">Haluaisitko lis\u00e4tietoja varastoratkaisuistamme erityistarpeisiin? Ota rohkeasti yhteytt\u00e4 asiantuntevaan tiimiimme ja anna meid\u00e4n auttaa sinua luomaan optimaalinen varastoj\u00e4rjestelm\u00e4 liiketoimintasi tueksi.<\/p>\n\n\n\n<div style=\"height:5rem\" aria-hidden=\"true\" class=\"wp-block-spacer\"><\/div>\n\n\n\n<div class=\"wp-block-buttons is-content-justification-center is-layout-flex wp-container-core-buttons-is-layout-16018d1d wp-block-buttons-is-layout-flex\">\n<div class=\"wp-block-button\"><a class=\"wp-block-button__link wp-element-button\" href=\"https:\/\/www.ferroplan.fi\/fi\/ota-yhteytta\/\">J\u00e4t\u00e4 yhteydenottopyynt\u00f6<\/a><\/div>\n<\/div>\n\n\n\n<div style=\"height:5rem\" aria-hidden=\"true\" class=\"wp-block-spacer\"><\/div>","protected":false},"excerpt":{"rendered":"<p>Efficient and customized solutions from Ferroplan Warehouse Solutions Are you searching for the perfect warehouse solution for your business needs? Ferroplan offers customized warehouse systems designed to meet your specific business requirements. Our team of experts will assist you in finding the best solution, whether it&#8217;s for pallets, sheet stacks, rolls, or other storage-demanding products. &#8230; <a title=\"Varastoratkaisut\" class=\"read-more\" href=\"https:\/\/www.ferroplan.fi\/fi\/varastoratkaisut\/\" aria-label=\"Lue lis\u00e4\u00e4 aiheesta Warehouse Solutions\">Lue lis\u00e4\u00e4<\/a><\/p>","protected":false},"author":1,"featured_media":0,"parent":0,"menu_order":0,"comment_status":"closed","ping_status":"closed","template":"","meta":{"_acf_changed":false,"footnotes":""},"class_list":["post-55","page","type-page","status-publish"],"acf":[],"yoast_head":"<!-- This site is optimized with the Yoast SEO plugin v23.6 - https:\/\/yoast.com\/wordpress\/plugins\/seo\/ -->\n<title>Warehouse Solutions - Ferroplan Oy<\/title>\n<meta name=\"description\" content=\"Warehouse solutions can be integrated into production control systems and are available with convenient warehouse management software.\" \/>\n<meta name=\"robots\" content=\"index, follow, max-snippet:-1, max-image-preview:large, max-video-preview:-1\" \/>\n<link rel=\"canonical\" href=\"https:\/\/www.ferroplan.fi\/fi\/varastoratkaisut\/\" \/>\n<meta property=\"og:locale\" content=\"fi_FI\" \/>\n<meta property=\"og:type\" content=\"article\" \/>\n<meta property=\"og:title\" content=\"Warehouse Solutions - Ferroplan Oy\" \/>\n<meta property=\"og:description\" content=\"Warehouse solutions can be integrated into production control systems and are available with convenient warehouse management software.\" \/>\n<meta property=\"og:url\" content=\"https:\/\/www.ferroplan.fi\/fi\/varastoratkaisut\/\" \/>\n<meta property=\"og:site_name\" content=\"Ferroplan Oy\" \/>\n<meta property=\"article:publisher\" content=\"https:\/\/www.facebook.com\/Ferroplan\" \/>\n<meta property=\"article:modified_time\" content=\"2025-07-01T05:06:47+00:00\" \/>\n<meta property=\"og:image\" content=\"https:\/\/www.ferroplan.fi\/fp2024\/wp-content\/uploads\/2024\/06\/warehouse-solutions-tuotekuva-845x655px.jpg\" \/>\n\t<meta property=\"og:image:width\" content=\"845\" \/>\n\t<meta property=\"og:image:height\" content=\"655\" \/>\n\t<meta property=\"og:image:type\" content=\"image\/jpeg\" \/>\n<meta name=\"twitter:card\" content=\"summary_large_image\" \/>\n<meta name=\"twitter:label1\" content=\"Arvioitu lukuaika\" \/>\n\t<meta name=\"twitter:data1\" content=\"3 minuuttia\" \/>\n<script type=\"application\/ld+json\" class=\"yoast-schema-graph\">{\"@context\":\"https:\/\/schema.org\",\"@graph\":[{\"@type\":\"WebPage\",\"@id\":\"https:\/\/www.ferroplan.fi\/varastoratkaisut\/\",\"url\":\"https:\/\/www.ferroplan.fi\/varastoratkaisut\/\",\"name\":\"Warehouse Solutions - Ferroplan Oy\",\"isPartOf\":{\"@id\":\"https:\/\/www.ferroplan.fi\/#website\"},\"primaryImageOfPage\":{\"@id\":\"https:\/\/www.ferroplan.fi\/varastoratkaisut\/#primaryimage\"},\"image\":{\"@id\":\"https:\/\/www.ferroplan.fi\/varastoratkaisut\/#primaryimage\"},\"thumbnailUrl\":\"https:\/\/www.ferroplan.fi\/fp2024\/wp-content\/uploads\/2024\/06\/warehouse-solutions-tuotekuva-845x655px.jpg\",\"datePublished\":\"2024-06-18T07:15:29+00:00\",\"dateModified\":\"2025-07-01T05:06:47+00:00\",\"description\":\"Warehouse solutions can be integrated into production control systems and are available with convenient warehouse management software.\",\"breadcrumb\":{\"@id\":\"https:\/\/www.ferroplan.fi\/varastoratkaisut\/#breadcrumb\"},\"inLanguage\":\"fi\",\"potentialAction\":[{\"@type\":\"ReadAction\",\"target\":[\"https:\/\/www.ferroplan.fi\/varastoratkaisut\/\"]}]},{\"@type\":\"ImageObject\",\"inLanguage\":\"fi\",\"@id\":\"https:\/\/www.ferroplan.fi\/varastoratkaisut\/#primaryimage\",\"url\":\"https:\/\/www.ferroplan.fi\/fp2024\/wp-content\/uploads\/2024\/06\/warehouse-solutions-tuotekuva-845x655px.jpg\",\"contentUrl\":\"https:\/\/www.ferroplan.fi\/fp2024\/wp-content\/uploads\/2024\/06\/warehouse-solutions-tuotekuva-845x655px.jpg\"},{\"@type\":\"BreadcrumbList\",\"@id\":\"https:\/\/www.ferroplan.fi\/varastoratkaisut\/#breadcrumb\",\"itemListElement\":[{\"@type\":\"ListItem\",\"position\":1,\"name\":\"Home\",\"item\":\"https:\/\/www.ferroplan.fi\/\"},{\"@type\":\"ListItem\",\"position\":2,\"name\":\"Warehouse Solutions\"}]},{\"@type\":\"WebSite\",\"@id\":\"https:\/\/www.ferroplan.fi\/#website\",\"url\":\"https:\/\/www.ferroplan.fi\/\",\"name\":\"Ferroplan Oy\",\"description\":\"\",\"publisher\":{\"@id\":\"https:\/\/www.ferroplan.fi\/#organization\"},\"potentialAction\":[{\"@type\":\"SearchAction\",\"target\":{\"@type\":\"EntryPoint\",\"urlTemplate\":\"https:\/\/www.ferroplan.fi\/?s={search_term_string}\"},\"query-input\":{\"@type\":\"PropertyValueSpecification\",\"valueRequired\":true,\"valueName\":\"search_term_string\"}}],\"inLanguage\":\"fi\"},{\"@type\":\"Organization\",\"@id\":\"https:\/\/www.ferroplan.fi\/#organization\",\"name\":\"Ferroplan Oy\",\"url\":\"https:\/\/www.ferroplan.fi\/\",\"logo\":{\"@type\":\"ImageObject\",\"inLanguage\":\"fi\",\"@id\":\"https:\/\/www.ferroplan.fi\/#\/schema\/logo\/image\/\",\"url\":\"https:\/\/www.ferroplan.fi\/fp2024\/wp-content\/uploads\/2024\/06\/Ferroplan_logo-puna-harmaa-valko-RGB.png\",\"contentUrl\":\"https:\/\/www.ferroplan.fi\/fp2024\/wp-content\/uploads\/2024\/06\/Ferroplan_logo-puna-harmaa-valko-RGB.png\",\"width\":255,\"height\":56,\"caption\":\"Ferroplan Oy\"},\"image\":{\"@id\":\"https:\/\/www.ferroplan.fi\/#\/schema\/logo\/image\/\"},\"sameAs\":[\"https:\/\/www.facebook.com\/Ferroplan\",\"https:\/\/www.linkedin.com\/company\/ferroplan-oy\"]}]}<\/script>\n<!-- \/ Yoast SEO plugin. -->","yoast_head_json":{"title":"Warehouse Solutions - Ferroplan Oy","description":"Warehouse solutions can be integrated into production control systems and are available with convenient warehouse management software.","robots":{"index":"index","follow":"follow","max-snippet":"max-snippet:-1","max-image-preview":"max-image-preview:large","max-video-preview":"max-video-preview:-1"},"canonical":"https:\/\/www.ferroplan.fi\/fi\/varastoratkaisut\/","og_locale":"fi_FI","og_type":"article","og_title":"Warehouse Solutions - Ferroplan Oy","og_description":"Warehouse solutions can be integrated into production control systems and are available with convenient warehouse management software.","og_url":"https:\/\/www.ferroplan.fi\/fi\/varastoratkaisut\/","og_site_name":"Ferroplan Oy","article_publisher":"https:\/\/www.facebook.com\/Ferroplan","article_modified_time":"2025-07-01T05:06:47+00:00","og_image":[{"width":845,"height":655,"url":"https:\/\/www.ferroplan.fi\/fp2024\/wp-content\/uploads\/2024\/06\/warehouse-solutions-tuotekuva-845x655px.jpg","type":"image\/jpeg"}],"twitter_card":"summary_large_image","twitter_misc":{"Arvioitu lukuaika":"3 minuuttia"},"schema":{"@context":"https:\/\/schema.org","@graph":[{"@type":"WebPage","@id":"https:\/\/www.ferroplan.fi\/varastoratkaisut\/","url":"https:\/\/www.ferroplan.fi\/varastoratkaisut\/","name":"Warehouse Solutions - Ferroplan Oy","isPartOf":{"@id":"https:\/\/www.ferroplan.fi\/#website"},"primaryImageOfPage":{"@id":"https:\/\/www.ferroplan.fi\/varastoratkaisut\/#primaryimage"},"image":{"@id":"https:\/\/www.ferroplan.fi\/varastoratkaisut\/#primaryimage"},"thumbnailUrl":"https:\/\/www.ferroplan.fi\/fp2024\/wp-content\/uploads\/2024\/06\/warehouse-solutions-tuotekuva-845x655px.jpg","datePublished":"2024-06-18T07:15:29+00:00","dateModified":"2025-07-01T05:06:47+00:00","description":"Warehouse solutions can be integrated into production control systems and are available with convenient warehouse management software.","breadcrumb":{"@id":"https:\/\/www.ferroplan.fi\/varastoratkaisut\/#breadcrumb"},"inLanguage":"fi","potentialAction":[{"@type":"ReadAction","target":["https:\/\/www.ferroplan.fi\/varastoratkaisut\/"]}]},{"@type":"ImageObject","inLanguage":"fi","@id":"https:\/\/www.ferroplan.fi\/varastoratkaisut\/#primaryimage","url":"https:\/\/www.ferroplan.fi\/fp2024\/wp-content\/uploads\/2024\/06\/warehouse-solutions-tuotekuva-845x655px.jpg","contentUrl":"https:\/\/www.ferroplan.fi\/fp2024\/wp-content\/uploads\/2024\/06\/warehouse-solutions-tuotekuva-845x655px.jpg"},{"@type":"BreadcrumbList","@id":"https:\/\/www.ferroplan.fi\/varastoratkaisut\/#breadcrumb","itemListElement":[{"@type":"ListItem","position":1,"name":"Home","item":"https:\/\/www.ferroplan.fi\/"},{"@type":"ListItem","position":2,"name":"Warehouse Solutions"}]},{"@type":"WebSite","@id":"https:\/\/www.ferroplan.fi\/#website","url":"https:\/\/www.ferroplan.fi\/","name":"Ferroplan Oy","description":"","publisher":{"@id":"https:\/\/www.ferroplan.fi\/#organization"},"potentialAction":[{"@type":"SearchAction","target":{"@type":"EntryPoint","urlTemplate":"https:\/\/www.ferroplan.fi\/?s={search_term_string}"},"query-input":{"@type":"PropertyValueSpecification","valueRequired":true,"valueName":"search_term_string"}}],"inLanguage":"fi"},{"@type":"Organization","@id":"https:\/\/www.ferroplan.fi\/#organization","name":"Ferroplan Oy","url":"https:\/\/www.ferroplan.fi\/","logo":{"@type":"ImageObject","inLanguage":"fi","@id":"https:\/\/www.ferroplan.fi\/#\/schema\/logo\/image\/","url":"https:\/\/www.ferroplan.fi\/fp2024\/wp-content\/uploads\/2024\/06\/Ferroplan_logo-puna-harmaa-valko-RGB.png","contentUrl":"https:\/\/www.ferroplan.fi\/fp2024\/wp-content\/uploads\/2024\/06\/Ferroplan_logo-puna-harmaa-valko-RGB.png","width":255,"height":56,"caption":"Ferroplan Oy"},"image":{"@id":"https:\/\/www.ferroplan.fi\/#\/schema\/logo\/image\/"},"sameAs":["https:\/\/www.facebook.com\/Ferroplan","https:\/\/www.linkedin.com\/company\/ferroplan-oy"]}]}},"_links":{"self":[{"href":"https:\/\/www.ferroplan.fi\/fi\/wp-json\/wp\/v2\/pages\/55","targetHints":{"allow":["GET"]}}],"collection":[{"href":"https:\/\/www.ferroplan.fi\/fi\/wp-json\/wp\/v2\/pages"}],"about":[{"href":"https:\/\/www.ferroplan.fi\/fi\/wp-json\/wp\/v2\/types\/page"}],"author":[{"embeddable":true,"href":"https:\/\/www.ferroplan.fi\/fi\/wp-json\/wp\/v2\/users\/1"}],"replies":[{"embeddable":true,"href":"https:\/\/www.ferroplan.fi\/fi\/wp-json\/wp\/v2\/comments?post=55"}],"version-history":[{"count":16,"href":"https:\/\/www.ferroplan.fi\/fi\/wp-json\/wp\/v2\/pages\/55\/revisions"}],"predecessor-version":[{"id":1419,"href":"https:\/\/www.ferroplan.fi\/fi\/wp-json\/wp\/v2\/pages\/55\/revisions\/1419"}],"wp:attachment":[{"href":"https:\/\/www.ferroplan.fi\/fi\/wp-json\/wp\/v2\/media?parent=55"}],"curies":[{"name":"wp","href":"https:\/\/api.w.org\/{rel}","templated":true}]}}